{"id":7423,"date":"2016-11-22T18:56:57","date_gmt":"2016-11-22T18:56:59","guid":{"rendered":"http:\/\/telemet.com\/es\/ash-lks\/"},"modified":"2023-08-18T13:45:51","modified_gmt":"2023-08-18T13:45:51","slug":"ash-lks","status":"publish","type":"page","link":"https:\/\/telemet.com\/es\/ash-group-environment\/ash-lks\/","title":{"rendered":"Aebi-Schmidt LKS"},"content":{"rendered":"<div class=\"fusion-fullwidth fullwidth-box fusion-builder-row-1 nonhundred-percent-fullwidth non-hundred-percent-height-scrolling\" style=\"--awb-background-position:left top;--awb-border-radius-top-left:0px;--awb-border-radius-top-right:0px;--awb-border-radius-bottom-right:0px;--awb-border-radius-bottom-left:0px;--awb-padding-top:0px;--awb-padding-bottom:20px;--awb-border-sizes-top:0px;--awb-border-sizes-bottom:0px;--awb-flex-wrap:wrap;\" ><div class=\"fusion-builder-row fusion-row\"><div class=\"fusion-layout-column fusion_builder_column fusion-builder-column-0 fusion_builder_column_1_1 1_1 fusion-one-full fusion-column-first fusion-column-last fusion-column-no-min-height\" style=\"--awb-bg-size:cover;--awb-margin-top:0px;--awb-margin-bottom:0px;\"><div class=\"fusion-column-wrapper fusion-flex-column-wrapper-legacy\"><div class=\"fusion-image-element fusion-image-align-center in-legacy-container\" style=\"text-align:center;--awb-caption-title-font-family:var(--h2_typography-font-family);--awb-caption-title-font-weight:var(--h2_typography-font-weight);--awb-caption-title-font-style:var(--h2_typography-font-style);--awb-caption-title-size:var(--h2_typography-font-size);--awb-caption-title-transform:var(--h2_typography-text-transform);--awb-caption-title-line-height:var(--h2_typography-line-height);--awb-caption-title-letter-spacing:var(--h2_typography-letter-spacing);\"><div class=\"imageframe-align-center\"><span class=\" fusion-imageframe imageframe-none imageframe-1 hover-type-none\"><img decoding=\"async\" width=\"1200\" height=\"779\" title=\"lks_01\" src=\"https:\/\/telemet.com\/wp-content\/uploads\/2016\/11\/LKS_01.gif\" alt class=\"img-responsive wp-image-14027\"\/><\/span><\/div><\/div><div class=\"fusion-sep-clear\"><\/div><div class=\"fusion-separator fusion-full-width-sep\" style=\"margin-left: auto;margin-right: auto;margin-top:20px;width:100%;\"><\/div><div class=\"fusion-sep-clear\"><\/div><div class=\"fusion-align-block\"><a class=\"fusion-button button-flat button-xlarge button-default fusion-button-default button-1 fusion-button-default-span \" style=\"width:calc(100%);\" target=\"_blank\" rel=\"noopener noreferrer\" title=\"Download Brochure\" aria-label=\"Download Brochure\" href=\"\/wp-content\/uploads\/2016\/11\/LL_LKS_EN.pdf\"><span class=\"fusion-button-text awb-button__text awb-button__text--default\">Download Brochure (PDF)<\/span><i class=\" fa fa-file-pdf-o awb-button__icon awb-button__icon--default button-icon-right\" aria-hidden=\"true\"><\/i><\/a><\/div><div class=\"fusion-sep-clear\"><\/div><div class=\"fusion-separator fusion-full-width-sep\" style=\"margin-left: auto;margin-right: auto;margin-top:20px;width:100%;\"><\/div><div class=\"fusion-sep-clear\"><\/div><div class=\"fusion-clearfix\"><\/div><\/div><\/div><div class=\"fusion-layout-column fusion_builder_column fusion-builder-column-1 fusion_builder_column_1_1 1_1 fusion-one-full fusion-column-first fusion-column-last fusion-column-no-min-height\" style=\"--awb-bg-size:cover;--awb-margin-top:0px;--awb-margin-bottom:0px;\"><div class=\"fusion-column-wrapper fusion-flex-column-wrapper-legacy\"><div class=\"fusion-video fusion-youtube\" style=\"--awb-max-width:800px;--awb-max-height:550px;\"><div class=\"video-shortcode\"><div class=\"fluid-width-video-wrapper\" style=\"padding-top:68.75%;\" ><iframe title=\"YouTube video player 1\" src=\"https:\/\/www.youtube.com\/embed\/KFSmls6r6FE?wmode=transparent&autoplay=0\" width=\"800\" height=\"550\" allowfullscreen allow=\"autoplay; clipboard-write; encrypted-media; gyroscope; picture-in-picture;\"><\/iframe><\/div><\/div><\/div><div class=\"fusion-sep-clear\"><\/div><div class=\"fusion-separator fusion-full-width-sep\" style=\"margin-left: auto;margin-right: auto;margin-top:20px;width:100%;\"><\/div><div class=\"fusion-sep-clear\"><\/div><div class=\"fusion-text fusion-text-1\"><p>Dise\u00f1ada para su montaje en posici\u00f3n frontal en veh\u00edculos de oruga estrecha, la serie de construcci\u00f3n LKS se puede desplegar de forma flexible para retirar residuos pesados de superficies de tama\u00f1o relativamente peque\u00f1o y medio.<\/p>\n<h3>Dise\u00f1o<\/h3>\n<p>La barredora LKS, sobre cami\u00f3n, tiene una construcci\u00f3n abierta hacia el lado frontal. De este modo la m\u00e1quina, con sus longitudes de escoba de entre 1280 y 1880 mm, en funci\u00f3n del modelo, puede realmente desplegar todo su potencial. La LKS, con sus cepillos fabricados en polipropileno de alta calidad, limpia de forma r\u00e1pida y f\u00e1cil espacios peque\u00f1os y de tama\u00f1o medio, aunque est\u00e9n realmente sucios. Un parabrisas, sujeto en su sitio por un muelle de acero, impide el indeseable efecto de los residuos lanzados al aire, incluso trabajando a la capacidad m\u00e1xima. Su elasticidad le permite resistir sacudidas ligeras, por ejemplo contra paredes, sin ninguna dificultad.<\/p>\n<h3>Versatilidad<\/h3>\n<p>Su dise\u00f1o hace a la LKS id\u00f3nea para operaciones de limpieza en verano, y tambi\u00e9n para la retirada de nieve en invierno, si bien en este \u00faltimo caso utilizando cepillos diferentes. Sus escobas de nieve especiales le permiten dejar limpias superficies antes cubiertas por una ligera capa de nieve. La direcci\u00f3n del barrido, hacia la izquierda, la derecha o hacia delante, se puede variar infinitamente (ajustable de forma progresiva): un cilindro hidr\u00e1ulico giratorio permite efectuar esta operaci\u00f3n de forma sencilla. Y al estar integrado en la barredora un cojinete autoalineable con gu\u00edas de deslizamiento de nylon, cualquier golpe ocasional contra el suelo se ve compensado inmediatamente. Asiento seguro. Con una pata extensible y dos patas de almacenamiento que se pueden girar hacia arriba, la barredora se mantiene segura sobre tres puntos y lista para su uso, permitiendo as\u00ed la recogida de las ruedas pivotantes ajustables en vertical sin aplicar ninguna presi\u00f3n cuando no est\u00e1n en uso.<\/p>\n<h3>Potencia en el rodillo<\/h3>\n<p>La escoba hueca desarrollada por Schmidt tiene la ventaja de que el motor hidr\u00e1ulico para el accionamiento de la escoba de barrido se puede alojar en el interior de la escoba. Esto crea un dise\u00f1o \u00f3ptimo que puede trabajar sin piezas que se interpongan o que sobresalgan, lo que supone una ventaja en muchas operaciones como, por ejemplo, el barrido a lo largo de una pared.<\/p>\n<\/div><div class=\"fusion-clearfix\"><\/div><\/div><\/div><\/div><\/div>\n","protected":false},"excerpt":{"rendered":"","protected":false},"author":1,"featured_media":0,"parent":7515,"menu_order":6,"comment_status":"closed","ping_status":"closed","template":"side-navigation.php","meta":{"footnotes":""},"class_list":["post-7423","page","type-page","status-publish","hentry"],"yoast_head":"<!-- This site is optimized with the Yoast SEO plugin v26.2 - https:\/\/yoast.com\/wordpress\/plugins\/seo\/ -->\n<title>Aebi-Schmidt LKS - Telemet<\/title>\n<meta name=\"robots\" content=\"index, follow, max-snippet:-1, max-image-preview:large, max-video-preview:-1\" \/>\n<link rel=\"canonical\" href=\"https:\/\/telemet.com\/es\/ash-group-environment\/ash-lks\/\" \/>\n<meta property=\"og:locale\" content=\"es_ES\" \/>\n<meta property=\"og:type\" content=\"article\" \/>\n<meta property=\"og:title\" content=\"Aebi-Schmidt LKS - Telemet\" \/>\n<meta property=\"og:url\" content=\"https:\/\/telemet.com\/es\/ash-group-environment\/ash-lks\/\" \/>\n<meta property=\"og:site_name\" content=\"Telemet\" \/>\n<meta property=\"article:modified_time\" content=\"2023-08-18T13:45:51+00:00\" \/>\n<meta property=\"og:image\" content=\"https:\/\/telemet.com\/wp-content\/uploads\/2016\/11\/LKS_01.gif\" \/>\n<meta name=\"twitter:card\" content=\"summary_large_image\" \/>\n<meta name=\"twitter:label1\" content=\"Tiempo de lectura\" \/>\n\t<meta name=\"twitter:data1\" content=\"4 minutes\" \/>\n<script type=\"application\/ld+json\" class=\"yoast-schema-graph\">{\"@context\":\"https:\/\/schema.org\",\"@graph\":[{\"@type\":\"WebPage\",\"@id\":\"https:\/\/telemet.com\/es\/ash-group-environment\/ash-lks\/\",\"url\":\"https:\/\/telemet.com\/es\/ash-group-environment\/ash-lks\/\",\"name\":\"Aebi-Schmidt LKS - Telemet\",\"isPartOf\":{\"@id\":\"https:\/\/telemet.com\/es\/#website\"},\"primaryImageOfPage\":{\"@id\":\"https:\/\/telemet.com\/es\/ash-group-environment\/ash-lks\/#primaryimage\"},\"image\":{\"@id\":\"https:\/\/telemet.com\/es\/ash-group-environment\/ash-lks\/#primaryimage\"},\"thumbnailUrl\":\"https:\/\/telemet.com\/wp-content\/uploads\/2016\/11\/LKS_01.gif\",\"datePublished\":\"2016-11-22T18:56:59+00:00\",\"dateModified\":\"2023-08-18T13:45:51+00:00\",\"breadcrumb\":{\"@id\":\"https:\/\/telemet.com\/es\/ash-group-environment\/ash-lks\/#breadcrumb\"},\"inLanguage\":\"es-ES\",\"potentialAction\":[{\"@type\":\"ReadAction\",\"target\":[\"https:\/\/telemet.com\/es\/ash-group-environment\/ash-lks\/\"]}]},{\"@type\":\"ImageObject\",\"inLanguage\":\"es-ES\",\"@id\":\"https:\/\/telemet.com\/es\/ash-group-environment\/ash-lks\/#primaryimage\",\"url\":\"https:\/\/telemet.com\/wp-content\/uploads\/2016\/11\/LKS_01.gif\",\"contentUrl\":\"https:\/\/telemet.com\/wp-content\/uploads\/2016\/11\/LKS_01.gif\"},{\"@type\":\"BreadcrumbList\",\"@id\":\"https:\/\/telemet.com\/es\/ash-group-environment\/ash-lks\/#breadcrumb\",\"itemListElement\":[{\"@type\":\"ListItem\",\"position\":1,\"name\":\"Home\",\"item\":\"https:\/\/telemet.com\/es\/\"},{\"@type\":\"ListItem\",\"position\":2,\"name\":\"Aebi Schmidt Medio ambiente\",\"item\":\"https:\/\/telemet.com\/es\/ash-group-environment\/\"},{\"@type\":\"ListItem\",\"position\":3,\"name\":\"Aebi-Schmidt LKS\"}]},{\"@type\":\"WebSite\",\"@id\":\"https:\/\/telemet.com\/es\/#website\",\"url\":\"https:\/\/telemet.com\/es\/\",\"name\":\"Telemet, Inc.\",\"description\":\"Efficiency through Simplicity\",\"potentialAction\":[{\"@type\":\"SearchAction\",\"target\":{\"@type\":\"EntryPoint\",\"urlTemplate\":\"https:\/\/telemet.com\/es\/?s={search_term_string}\"},\"query-input\":{\"@type\":\"PropertyValueSpecification\",\"valueRequired\":true,\"valueName\":\"search_term_string\"}}],\"inLanguage\":\"es-ES\"}]}<\/script>\n<!-- \/ Yoast SEO plugin. -->","yoast_head_json":{"title":"Aebi-Schmidt LKS - Telemet","robots":{"index":"index","follow":"follow","max-snippet":"max-snippet:-1","max-image-preview":"max-image-preview:large","max-video-preview":"max-video-preview:-1"},"canonical":"https:\/\/telemet.com\/es\/ash-group-environment\/ash-lks\/","og_locale":"es_ES","og_type":"article","og_title":"Aebi-Schmidt LKS - Telemet","og_url":"https:\/\/telemet.com\/es\/ash-group-environment\/ash-lks\/","og_site_name":"Telemet","article_modified_time":"2023-08-18T13:45:51+00:00","og_image":[{"url":"https:\/\/telemet.com\/wp-content\/uploads\/2016\/11\/LKS_01.gif","type":"","width":"","height":""}],"twitter_card":"summary_large_image","twitter_misc":{"Tiempo de lectura":"4 minutes"},"schema":{"@context":"https:\/\/schema.org","@graph":[{"@type":"WebPage","@id":"https:\/\/telemet.com\/es\/ash-group-environment\/ash-lks\/","url":"https:\/\/telemet.com\/es\/ash-group-environment\/ash-lks\/","name":"Aebi-Schmidt LKS - Telemet","isPartOf":{"@id":"https:\/\/telemet.com\/es\/#website"},"primaryImageOfPage":{"@id":"https:\/\/telemet.com\/es\/ash-group-environment\/ash-lks\/#primaryimage"},"image":{"@id":"https:\/\/telemet.com\/es\/ash-group-environment\/ash-lks\/#primaryimage"},"thumbnailUrl":"https:\/\/telemet.com\/wp-content\/uploads\/2016\/11\/LKS_01.gif","datePublished":"2016-11-22T18:56:59+00:00","dateModified":"2023-08-18T13:45:51+00:00","breadcrumb":{"@id":"https:\/\/telemet.com\/es\/ash-group-environment\/ash-lks\/#breadcrumb"},"inLanguage":"es-ES","potentialAction":[{"@type":"ReadAction","target":["https:\/\/telemet.com\/es\/ash-group-environment\/ash-lks\/"]}]},{"@type":"ImageObject","inLanguage":"es-ES","@id":"https:\/\/telemet.com\/es\/ash-group-environment\/ash-lks\/#primaryimage","url":"https:\/\/telemet.com\/wp-content\/uploads\/2016\/11\/LKS_01.gif","contentUrl":"https:\/\/telemet.com\/wp-content\/uploads\/2016\/11\/LKS_01.gif"},{"@type":"BreadcrumbList","@id":"https:\/\/telemet.com\/es\/ash-group-environment\/ash-lks\/#breadcrumb","itemListElement":[{"@type":"ListItem","position":1,"name":"Home","item":"https:\/\/telemet.com\/es\/"},{"@type":"ListItem","position":2,"name":"Aebi Schmidt Medio ambiente","item":"https:\/\/telemet.com\/es\/ash-group-environment\/"},{"@type":"ListItem","position":3,"name":"Aebi-Schmidt LKS"}]},{"@type":"WebSite","@id":"https:\/\/telemet.com\/es\/#website","url":"https:\/\/telemet.com\/es\/","name":"Telemet, Inc.","description":"Efficiency through Simplicity","potentialAction":[{"@type":"SearchAction","target":{"@type":"EntryPoint","urlTemplate":"https:\/\/telemet.com\/es\/?s={search_term_string}"},"query-input":{"@type":"PropertyValueSpecification","valueRequired":true,"valueName":"search_term_string"}}],"inLanguage":"es-ES"}]}},"_links":{"self":[{"href":"https:\/\/telemet.com\/es\/wp-json\/wp\/v2\/pages\/7423","targetHints":{"allow":["GET"]}}],"collection":[{"href":"https:\/\/telemet.com\/es\/wp-json\/wp\/v2\/pages"}],"about":[{"href":"https:\/\/telemet.com\/es\/wp-json\/wp\/v2\/types\/page"}],"author":[{"embeddable":true,"href":"https:\/\/telemet.com\/es\/wp-json\/wp\/v2\/users\/1"}],"replies":[{"embeddable":true,"href":"https:\/\/telemet.com\/es\/wp-json\/wp\/v2\/comments?post=7423"}],"version-history":[{"count":3,"href":"https:\/\/telemet.com\/es\/wp-json\/wp\/v2\/pages\/7423\/revisions"}],"predecessor-version":[{"id":14025,"href":"https:\/\/telemet.com\/es\/wp-json\/wp\/v2\/pages\/7423\/revisions\/14025"}],"up":[{"embeddable":true,"href":"https:\/\/telemet.com\/es\/wp-json\/wp\/v2\/pages\/7515"}],"wp:attachment":[{"href":"https:\/\/telemet.com\/es\/wp-json\/wp\/v2\/media?parent=7423"}],"curies":[{"name":"wp","href":"https:\/\/api.w.org\/{rel}","templated":true}]}}