{"id":7431,"date":"2016-11-22T19:02:57","date_gmt":"2016-11-22T19:02:42","guid":{"rendered":"http:\/\/telemet.com\/es\/ash-wasa-300\/"},"modified":"2023-08-18T13:47:12","modified_gmt":"2023-08-18T13:47:12","slug":"ash-wasa-300","status":"publish","type":"page","link":"https:\/\/telemet.com\/es\/ash-group-environment\/ash-wasa-300\/","title":{"rendered":"Aebi-Schmidt Wasa 300+"},"content":{"rendered":"<div class=\"fusion-fullwidth fullwidth-box fusion-builder-row-1 nonhundred-percent-fullwidth non-hundred-percent-height-scrolling\" style=\"--awb-background-position:left top;--awb-border-radius-top-left:0px;--awb-border-radius-top-right:0px;--awb-border-radius-bottom-right:0px;--awb-border-radius-bottom-left:0px;--awb-padding-top:0px;--awb-padding-bottom:20px;--awb-border-sizes-top:0px;--awb-border-sizes-bottom:0px;--awb-flex-wrap:wrap;\" ><div class=\"fusion-builder-row fusion-row\"><div class=\"fusion-layout-column fusion_builder_column fusion-builder-column-0 fusion_builder_column_1_1 1_1 fusion-one-full fusion-column-first fusion-column-last fusion-column-no-min-height\" style=\"--awb-bg-size:cover;--awb-margin-top:0px;--awb-margin-bottom:0px;\"><div class=\"fusion-column-wrapper fusion-flex-column-wrapper-legacy\"><div class=\"fusion-image-element fusion-image-align-center in-legacy-container\" style=\"text-align:center;--awb-caption-title-font-family:var(--h2_typography-font-family);--awb-caption-title-font-weight:var(--h2_typography-font-weight);--awb-caption-title-font-style:var(--h2_typography-font-style);--awb-caption-title-size:var(--h2_typography-font-size);--awb-caption-title-transform:var(--h2_typography-text-transform);--awb-caption-title-line-height:var(--h2_typography-line-height);--awb-caption-title-letter-spacing:var(--h2_typography-letter-spacing);\"><div class=\"imageframe-align-center\"><span class=\" fusion-imageframe imageframe-none imageframe-1 hover-type-none\"><img decoding=\"async\" width=\"800\" height=\"600\" title=\"schmidt_wasa_300_plus\" src=\"https:\/\/telemet.com\/wp-content\/uploads\/2016\/11\/schmidt_wasa_300_plus.jpg\" alt class=\"img-responsive wp-image-14036\" srcset=\"https:\/\/telemet.com\/wp-content\/uploads\/2016\/11\/schmidt_wasa_300_plus-200x150.jpg 200w, https:\/\/telemet.com\/wp-content\/uploads\/2016\/11\/schmidt_wasa_300_plus-400x300.jpg 400w, https:\/\/telemet.com\/wp-content\/uploads\/2016\/11\/schmidt_wasa_300_plus-600x450.jpg 600w, https:\/\/telemet.com\/wp-content\/uploads\/2016\/11\/schmidt_wasa_300_plus.jpg 800w\" sizes=\"(max-width: 800px) 100vw, 800px\" \/><\/span><\/div><\/div><div class=\"fusion-sep-clear\"><\/div><div class=\"fusion-separator fusion-full-width-sep\" style=\"margin-left: auto;margin-right: auto;margin-top:20px;width:100%;\"><\/div><div class=\"fusion-sep-clear\"><\/div><div class=\"fusion-align-block\"><a class=\"fusion-button button-flat button-xlarge button-default fusion-button-default button-1 fusion-button-default-span \" style=\"width:calc(100%);\" target=\"_blank\" rel=\"noopener noreferrer\" title=\"Download Brochure\" aria-label=\"Download Brochure\" href=\"\/wp-content\/uploads\/2016\/11\/LS_Wasa300plus_EN.pdf\"><span class=\"fusion-button-text awb-button__text awb-button__text--default\">Download Brochure (PDF)<\/span><i class=\" fa fa-file-pdf-o awb-button__icon awb-button__icon--default button-icon-right\" aria-hidden=\"true\"><\/i><\/a><\/div><div class=\"fusion-sep-clear\"><\/div><div class=\"fusion-separator fusion-full-width-sep\" style=\"margin-left: auto;margin-right: auto;margin-top:20px;width:100%;\"><\/div><div class=\"fusion-sep-clear\"><\/div><div class=\"fusion-clearfix\"><\/div><\/div><\/div><div class=\"fusion-layout-column fusion_builder_column fusion-builder-column-1 fusion_builder_column_1_1 1_1 fusion-one-full fusion-column-first fusion-column-last fusion-column-no-min-height\" style=\"--awb-bg-size:cover;--awb-margin-top:0px;--awb-margin-bottom:0px;\"><div class=\"fusion-column-wrapper fusion-flex-column-wrapper-legacy\"><div class=\"fusion-video fusion-youtube\" style=\"--awb-max-width:800px;--awb-max-height:550px;\"><div class=\"video-shortcode\"><div class=\"fluid-width-video-wrapper\" style=\"padding-top:68.75%;\" ><iframe title=\"YouTube video player 1\" src=\"https:\/\/www.youtube.com\/embed\/jdDMFjcAyus?wmode=transparent&autoplay=0\" width=\"800\" height=\"550\" allowfullscreen allow=\"autoplay; clipboard-write; encrypted-media; gyroscope; picture-in-picture;\"><\/iframe><\/div><\/div><\/div><div class=\"fusion-sep-clear\"><\/div><div class=\"fusion-separator fusion-full-width-sep\" style=\"margin-left: auto;margin-right: auto;margin-top:20px;width:100%;\"><\/div><div class=\"fusion-sep-clear\"><\/div><div class=\"fusion-text fusion-text-1\"><h3>Schmidt Barredora remolcada de Arrastre<\/h3>\n<p>\u00bfQuiere limpiar suciedad de gran grosor de una sola pasada? Ya no es un problema. La potente Wasa 300+ tiene una tolva de 3 m\u00b3, tanques de agua con una capacidad total de 1.100 litros y un ancho de limpieza de 2.400 mm, lo que permite una limpieza de una superficie de hasta 48.000 m\u00b2. El robusto contenedor de acero y los tanques de agua son de f\u00e1cil acceso para una limpieza r\u00e1pida.<\/p>\n<h3>Tecnolog\u00eda eficiente &#8211; para lograr la m\u00e1xima minuciosidad<\/h3>\n<p>El barrido se realiza por dos cepillos de disco montados a los lados en frente del eje y un cepillo de rodillo situado detr\u00e1s del eje. Los dos cepillos de disco y el rodillo se colocan de modo que se superponen entre s\u00ed para limpiar a fondo sin dejar rayas. Los desechos son movidos hacia el rodillo en la parte trasera de la barredora, desde donde se transporta a trav\u00e9s de una tolva v\u00eda elevador de grandes dimensiones. El dise\u00f1o geom\u00e9trico del elevador permite una alta velocidad de flujo y gran rendimiento, enviando los deshechos a la tolva sin dejar ning\u00fan residuo.<br \/>\nPor cierto: La suspensi\u00f3n remolcada del cepillo ofrece una excelente adaptaci\u00f3n al terreno, lo que permite a la unidad de barrido adaptarse paulatinamente a las condiciones del camino al tiempo que la protege en la medida de lo posible en caso de obst\u00e1culos , adem\u00e1s de reduce el desgaste del cepillo.<\/p>\n<h3>Barrido Mec\u00e1nico eficaz &#8211; \u00a1al mismo tiempo, proteger el medio ambiente de las part\u00edculas!<\/h3>\n<p>Las barredoras mec\u00e1nicas no requieren turbina, haciendo possible evitar grandes cantidades de aire con part\u00edculas. Adem\u00e1s de evitar posibles riesgos para la salud, esto es tambi\u00e9n de gran valor a la vista de la estricta normativa medioambiental. Por otra parte, la barredora es alimentada por un sistema hidr\u00e1ulico eco, silencioso incluso cuando funciona a pleno rendimiento y puede tambi\u00e9n ser alimentado con biodiesel.<\/p>\n<h3>Altamente maniobrable &#8211; y un pro cuando se trata de limpieza alrededor de las Esquinas<\/h3>\n<p>La delgada barra de amarre permite una gran maniobrabilidad en giros ajustados y adem\u00e1s se puede girar a la izquierda y la derecha, lo que permite barrer asim\u00e9trica: tirando el remolque desplaz\u00e1ndolo hacia un lado detr\u00e1s del veh\u00edculo tractor facilita enormemente la limpieza de bordillos y al alrededor de las esquinas!<\/p>\n<h3>Una combinaci\u00f3n perfecta para diferentes veh\u00edculos de remolque &#8211; y para el m\u00e1s alto nivel de confort.<\/h3>\n<p>Gracias al enganche superior e inferior, la Wasa 300+ se puede utilizer con flexibilidad con una gran variedad de veh\u00edculos de remolque. La barredora requiere un grado relativamente bajo de energ\u00eda motriz, lo que permite una gama a\u00fan m\u00e1s amplia de los veh\u00edculos tractores.<br \/>\nEl remolque de un solo eje es construido sobre un s\u00f3lido bastidor de acero resistente y libre de torsi\u00f3n, con un dise\u00f1o de eje r\u00edgido, una distribuci\u00f3n de peso ideal y una confortable conducci\u00f3n de calidad. La Wasa 300+ se encuentra disponible en dos versiones para diferentes velocidades transporte: 40\/80 km\/h. En la versi\u00f3n Premium, el sistema de frenos ABS como equipo est\u00e1ndar, con un chasis y marco dise\u00f1ados para velocidades de hasta 80 km\/h.<\/p>\n<h3>Tecnolog\u00eda inteligente al encuentro de un dise\u00f1o precioso: un barrido limpio<\/h3>\n<p>La Wasa 300+ le ofrece todas las ventajas de adoptar en cualquier limpieza desafiante. Estaremos encantados de proporcionarle m\u00e1s informaci\u00f3n!<\/p>\n<\/div><div class=\"fusion-clearfix\"><\/div><\/div><\/div><\/div><\/div>\n","protected":false},"excerpt":{"rendered":"","protected":false},"author":1,"featured_media":0,"parent":7515,"menu_order":7,"comment_status":"closed","ping_status":"closed","template":"side-navigation.php","meta":{"footnotes":""},"class_list":["post-7431","page","type-page","status-publish","hentry"],"yoast_head":"<!-- This site is optimized with the Yoast SEO plugin v26.2 - https:\/\/yoast.com\/wordpress\/plugins\/seo\/ -->\n<title>Aebi-Schmidt Wasa 300+ - Telemet<\/title>\n<meta name=\"robots\" content=\"index, follow, max-snippet:-1, max-image-preview:large, max-video-preview:-1\" \/>\n<link rel=\"canonical\" href=\"https:\/\/telemet.com\/es\/ash-group-environment\/ash-wasa-300\/\" \/>\n<meta property=\"og:locale\" content=\"es_ES\" \/>\n<meta property=\"og:type\" content=\"article\" \/>\n<meta property=\"og:title\" content=\"Aebi-Schmidt Wasa 300+ - Telemet\" \/>\n<meta property=\"og:url\" content=\"https:\/\/telemet.com\/es\/ash-group-environment\/ash-wasa-300\/\" \/>\n<meta property=\"og:site_name\" content=\"Telemet\" \/>\n<meta property=\"article:modified_time\" content=\"2023-08-18T13:47:12+00:00\" \/>\n<meta property=\"og:image\" content=\"https:\/\/telemet.com\/wp-content\/uploads\/2016\/11\/schmidt_wasa_300_plus.jpg\" \/>\n<meta name=\"twitter:card\" content=\"summary_large_image\" \/>\n<meta name=\"twitter:label1\" content=\"Tiempo de lectura\" \/>\n\t<meta name=\"twitter:data1\" content=\"5 minutes\" \/>\n<script type=\"application\/ld+json\" class=\"yoast-schema-graph\">{\"@context\":\"https:\/\/schema.org\",\"@graph\":[{\"@type\":\"WebPage\",\"@id\":\"https:\/\/telemet.com\/es\/ash-group-environment\/ash-wasa-300\/\",\"url\":\"https:\/\/telemet.com\/es\/ash-group-environment\/ash-wasa-300\/\",\"name\":\"Aebi-Schmidt Wasa 300+ - Telemet\",\"isPartOf\":{\"@id\":\"https:\/\/telemet.com\/es\/#website\"},\"primaryImageOfPage\":{\"@id\":\"https:\/\/telemet.com\/es\/ash-group-environment\/ash-wasa-300\/#primaryimage\"},\"image\":{\"@id\":\"https:\/\/telemet.com\/es\/ash-group-environment\/ash-wasa-300\/#primaryimage\"},\"thumbnailUrl\":\"https:\/\/telemet.com\/wp-content\/uploads\/2016\/11\/schmidt_wasa_300_plus.jpg\",\"datePublished\":\"2016-11-22T19:02:42+00:00\",\"dateModified\":\"2023-08-18T13:47:12+00:00\",\"breadcrumb\":{\"@id\":\"https:\/\/telemet.com\/es\/ash-group-environment\/ash-wasa-300\/#breadcrumb\"},\"inLanguage\":\"es-ES\",\"potentialAction\":[{\"@type\":\"ReadAction\",\"target\":[\"https:\/\/telemet.com\/es\/ash-group-environment\/ash-wasa-300\/\"]}]},{\"@type\":\"ImageObject\",\"inLanguage\":\"es-ES\",\"@id\":\"https:\/\/telemet.com\/es\/ash-group-environment\/ash-wasa-300\/#primaryimage\",\"url\":\"https:\/\/telemet.com\/wp-content\/uploads\/2016\/11\/schmidt_wasa_300_plus.jpg\",\"contentUrl\":\"https:\/\/telemet.com\/wp-content\/uploads\/2016\/11\/schmidt_wasa_300_plus.jpg\"},{\"@type\":\"BreadcrumbList\",\"@id\":\"https:\/\/telemet.com\/es\/ash-group-environment\/ash-wasa-300\/#breadcrumb\",\"itemListElement\":[{\"@type\":\"ListItem\",\"position\":1,\"name\":\"Home\",\"item\":\"https:\/\/telemet.com\/es\/\"},{\"@type\":\"ListItem\",\"position\":2,\"name\":\"Aebi Schmidt Medio ambiente\",\"item\":\"https:\/\/telemet.com\/es\/ash-group-environment\/\"},{\"@type\":\"ListItem\",\"position\":3,\"name\":\"Aebi-Schmidt Wasa 300+\"}]},{\"@type\":\"WebSite\",\"@id\":\"https:\/\/telemet.com\/es\/#website\",\"url\":\"https:\/\/telemet.com\/es\/\",\"name\":\"Telemet, Inc.\",\"description\":\"Efficiency through Simplicity\",\"potentialAction\":[{\"@type\":\"SearchAction\",\"target\":{\"@type\":\"EntryPoint\",\"urlTemplate\":\"https:\/\/telemet.com\/es\/?s={search_term_string}\"},\"query-input\":{\"@type\":\"PropertyValueSpecification\",\"valueRequired\":true,\"valueName\":\"search_term_string\"}}],\"inLanguage\":\"es-ES\"}]}<\/script>\n<!-- \/ Yoast SEO plugin. -->","yoast_head_json":{"title":"Aebi-Schmidt Wasa 300+ - Telemet","robots":{"index":"index","follow":"follow","max-snippet":"max-snippet:-1","max-image-preview":"max-image-preview:large","max-video-preview":"max-video-preview:-1"},"canonical":"https:\/\/telemet.com\/es\/ash-group-environment\/ash-wasa-300\/","og_locale":"es_ES","og_type":"article","og_title":"Aebi-Schmidt Wasa 300+ - Telemet","og_url":"https:\/\/telemet.com\/es\/ash-group-environment\/ash-wasa-300\/","og_site_name":"Telemet","article_modified_time":"2023-08-18T13:47:12+00:00","og_image":[{"url":"https:\/\/telemet.com\/wp-content\/uploads\/2016\/11\/schmidt_wasa_300_plus.jpg","type":"","width":"","height":""}],"twitter_card":"summary_large_image","twitter_misc":{"Tiempo de lectura":"5 minutes"},"schema":{"@context":"https:\/\/schema.org","@graph":[{"@type":"WebPage","@id":"https:\/\/telemet.com\/es\/ash-group-environment\/ash-wasa-300\/","url":"https:\/\/telemet.com\/es\/ash-group-environment\/ash-wasa-300\/","name":"Aebi-Schmidt Wasa 300+ - Telemet","isPartOf":{"@id":"https:\/\/telemet.com\/es\/#website"},"primaryImageOfPage":{"@id":"https:\/\/telemet.com\/es\/ash-group-environment\/ash-wasa-300\/#primaryimage"},"image":{"@id":"https:\/\/telemet.com\/es\/ash-group-environment\/ash-wasa-300\/#primaryimage"},"thumbnailUrl":"https:\/\/telemet.com\/wp-content\/uploads\/2016\/11\/schmidt_wasa_300_plus.jpg","datePublished":"2016-11-22T19:02:42+00:00","dateModified":"2023-08-18T13:47:12+00:00","breadcrumb":{"@id":"https:\/\/telemet.com\/es\/ash-group-environment\/ash-wasa-300\/#breadcrumb"},"inLanguage":"es-ES","potentialAction":[{"@type":"ReadAction","target":["https:\/\/telemet.com\/es\/ash-group-environment\/ash-wasa-300\/"]}]},{"@type":"ImageObject","inLanguage":"es-ES","@id":"https:\/\/telemet.com\/es\/ash-group-environment\/ash-wasa-300\/#primaryimage","url":"https:\/\/telemet.com\/wp-content\/uploads\/2016\/11\/schmidt_wasa_300_plus.jpg","contentUrl":"https:\/\/telemet.com\/wp-content\/uploads\/2016\/11\/schmidt_wasa_300_plus.jpg"},{"@type":"BreadcrumbList","@id":"https:\/\/telemet.com\/es\/ash-group-environment\/ash-wasa-300\/#breadcrumb","itemListElement":[{"@type":"ListItem","position":1,"name":"Home","item":"https:\/\/telemet.com\/es\/"},{"@type":"ListItem","position":2,"name":"Aebi Schmidt Medio ambiente","item":"https:\/\/telemet.com\/es\/ash-group-environment\/"},{"@type":"ListItem","position":3,"name":"Aebi-Schmidt Wasa 300+"}]},{"@type":"WebSite","@id":"https:\/\/telemet.com\/es\/#website","url":"https:\/\/telemet.com\/es\/","name":"Telemet, Inc.","description":"Efficiency through Simplicity","potentialAction":[{"@type":"SearchAction","target":{"@type":"EntryPoint","urlTemplate":"https:\/\/telemet.com\/es\/?s={search_term_string}"},"query-input":{"@type":"PropertyValueSpecification","valueRequired":true,"valueName":"search_term_string"}}],"inLanguage":"es-ES"}]}},"_links":{"self":[{"href":"https:\/\/telemet.com\/es\/wp-json\/wp\/v2\/pages\/7431","targetHints":{"allow":["GET"]}}],"collection":[{"href":"https:\/\/telemet.com\/es\/wp-json\/wp\/v2\/pages"}],"about":[{"href":"https:\/\/telemet.com\/es\/wp-json\/wp\/v2\/types\/page"}],"author":[{"embeddable":true,"href":"https:\/\/telemet.com\/es\/wp-json\/wp\/v2\/users\/1"}],"replies":[{"embeddable":true,"href":"https:\/\/telemet.com\/es\/wp-json\/wp\/v2\/comments?post=7431"}],"version-history":[{"count":3,"href":"https:\/\/telemet.com\/es\/wp-json\/wp\/v2\/pages\/7431\/revisions"}],"predecessor-version":[{"id":14034,"href":"https:\/\/telemet.com\/es\/wp-json\/wp\/v2\/pages\/7431\/revisions\/14034"}],"up":[{"embeddable":true,"href":"https:\/\/telemet.com\/es\/wp-json\/wp\/v2\/pages\/7515"}],"wp:attachment":[{"href":"https:\/\/telemet.com\/es\/wp-json\/wp\/v2\/media?parent=7431"}],"curies":[{"name":"wp","href":"https:\/\/api.w.org\/{rel}","templated":true}]}}