{"id":7470,"date":"2016-11-22T19:51:57","date_gmt":"2016-11-22T19:51:54","guid":{"rendered":"http:\/\/telemet.com\/es\/ash-sk-600-r-and-tf-300\/"},"modified":"2023-08-18T13:50:12","modified_gmt":"2023-08-18T13:50:12","slug":"ash-sk-600-r-and-tf-300","status":"publish","type":"page","link":"https:\/\/telemet.com\/es\/ash-group-environment\/ash-sk-600-r-and-tf-300\/","title":{"rendered":"Aebi-Schmidt SK 600 R and TF 300"},"content":{"rendered":"<div class=\"fusion-fullwidth fullwidth-box fusion-builder-row-1 nonhundred-percent-fullwidth non-hundred-percent-height-scrolling\" style=\"--awb-background-position:left top;--awb-border-radius-top-left:0px;--awb-border-radius-top-right:0px;--awb-border-radius-bottom-right:0px;--awb-border-radius-bottom-left:0px;--awb-padding-top:0px;--awb-padding-bottom:20px;--awb-border-sizes-top:0px;--awb-border-sizes-bottom:0px;--awb-flex-wrap:wrap;\" ><div class=\"fusion-builder-row fusion-row\"><div class=\"fusion-layout-column fusion_builder_column fusion-builder-column-0 fusion_builder_column_1_1 1_1 fusion-one-full fusion-column-first fusion-column-last fusion-column-no-min-height\" style=\"--awb-bg-size:cover;--awb-margin-top:0px;--awb-margin-bottom:0px;\"><div class=\"fusion-column-wrapper fusion-flex-column-wrapper-legacy\"><div class=\"fusion-image-element fusion-image-align-center in-legacy-container\" style=\"text-align:center;--awb-caption-title-font-family:var(--h2_typography-font-family);--awb-caption-title-font-weight:var(--h2_typography-font-weight);--awb-caption-title-font-style:var(--h2_typography-font-style);--awb-caption-title-size:var(--h2_typography-font-size);--awb-caption-title-transform:var(--h2_typography-text-transform);--awb-caption-title-line-height:var(--h2_typography-line-height);--awb-caption-title-letter-spacing:var(--h2_typography-letter-spacing);\"><div class=\"imageframe-align-center\"><span class=\" fusion-imageframe imageframe-none imageframe-1 hover-type-none\"><img decoding=\"async\" width=\"800\" height=\"600\" title=\"sk600_tf300\" src=\"https:\/\/telemet.com\/wp-content\/uploads\/2016\/11\/SK600_TF300.jpg\" alt class=\"img-responsive wp-image-14080\" srcset=\"https:\/\/telemet.com\/wp-content\/uploads\/2016\/11\/SK600_TF300-200x150.jpg 200w, https:\/\/telemet.com\/wp-content\/uploads\/2016\/11\/SK600_TF300-400x300.jpg 400w, https:\/\/telemet.com\/wp-content\/uploads\/2016\/11\/SK600_TF300-600x450.jpg 600w, https:\/\/telemet.com\/wp-content\/uploads\/2016\/11\/SK600_TF300.jpg 800w\" sizes=\"(max-width: 800px) 100vw, 800px\" \/><\/span><\/div><\/div><div class=\"fusion-sep-clear\"><\/div><div class=\"fusion-separator fusion-full-width-sep\" style=\"margin-left: auto;margin-right: auto;margin-top:20px;width:100%;\"><\/div><div class=\"fusion-sep-clear\"><\/div><div class=\"fusion-align-block\"><a class=\"fusion-button button-flat button-xlarge button-default fusion-button-default button-1 fusion-button-default-span \" style=\"width:calc(100%);\" target=\"_blank\" rel=\"noopener noreferrer\" title=\"Download Brochure\" aria-label=\"Download Brochure\" href=\"\/wp-content\/uploads\/2016\/11\/LS_SK600_TF300_en.pdf\"><span class=\"fusion-button-text awb-button__text awb-button__text--default\">Download Brochure (PDF)<\/span><i class=\" fa fa-file-pdf-o awb-button__icon awb-button__icon--default button-icon-right\" aria-hidden=\"true\"><\/i><\/a><\/div><div class=\"fusion-sep-clear\"><\/div><div class=\"fusion-separator fusion-full-width-sep\" style=\"margin-left: auto;margin-right: auto;margin-top:20px;width:100%;\"><\/div><div class=\"fusion-sep-clear\"><\/div><div class=\"fusion-text fusion-text-1\"><h3>Barredora sobre cami\u00f3n Schmidt y limpiadora de superficies t\u00e9rmica<\/h3>\n<p>SK 600 R y TF 300: La combinaci\u00f3n perfecta de retirada eficaz de residuos de petr\u00f3leo, limpieza intensiva del asfalto y limpieza industrial<br \/>\nLa combinaci\u00f3n de productos consistente en barredora sobre cami\u00f3n y limpiadora de superficies t\u00e9rmica es la mejor opci\u00f3n para cualquiera que busque una soluci\u00f3n eficaz para tareas de limpieza especialmente comprometidas. La barredora sobre cami\u00f3n SK 600, con la unidad de barrido dispuesta a la derecha, forma la base para el acoplamiento de la limpiadora de superficies t\u00e9rmica TF 300. Montada en un chasis de cami\u00f3n est\u00e1ndar con un peso totalmente permisible de 18 toneladas, la TF 300 es una m\u00e1quina vers\u00e1til y a la vez altamente especializada, perfectamente id\u00f3nea para tareas de barrido convencionales (como barredora montada) y para tareas de limpieza especialmente dif\u00edciles.<\/p>\n<h3>La limpiadora de superficies t\u00e9rmica TF 300: Aplica alta presi\u00f3n y calor, una respuesta contundente para cualquier tipo de suciedad especialmente tenaz<\/h3>\n<p>Sobre todo la contaminaci\u00f3n por petr\u00f3leo &#8211; p. ej., despu\u00e9s de accidentes &#8211; supone un alto riesgo para los usuarios de la carretera, y requiere por tanto una soluci\u00f3n r\u00e1pida y fiable. La soluci\u00f3n t\u00e9cnica incluye una bomba de agua de alta potencia, que ofrece una presi\u00f3n de hasta 200 bares y un caudal de 70 l\/min, utilizado para crear un chorro de atomizaci\u00f3n plano de alta presi\u00f3n, o para activar las boquillas giratorias. Gracias a un sistema de calefacci\u00f3n integrado, ajustable a voluntad, el agua se puede calentar hasta m\u00e1s de 60 \u00b0C (hasta 90 \u00b0C como m\u00e1ximo). En este proceso el quemador di\u00e9sel, con una potencia de hasta 300 kW, asegura un proceso de calefacci\u00f3n r\u00e1pido y constante. El uso de agua caliente extiende adem\u00e1s los \u00e1mbitos de aplicaci\u00f3n de la TF 300, a la vez que aumenta una vez m\u00e1s su eficacia limpiadora. Para la retirada eficaz de residuos la TF 300 presenta una unidad de succi\u00f3n en la parte trasera con dos tubos de succi\u00f3n. Su anchura de trabajo se sit\u00faa entre 1250 y 2500 mm \u2013 en funci\u00f3n de los requisitos de la superficie.<\/p>\n<h3>Basada en la barredora sobre cami\u00f3nSK 600 R: Potencia de succi\u00f3n plena para una aplicaci\u00f3n flexible y un equipamiento id\u00f3neo<\/h3>\n<p>La barredora sobre cami\u00f3n SK 600 R tiene una capacidad de tolva de 6,0 m3 y est\u00e1 dise\u00f1ada espec\u00edficamente para limpiar v\u00edas de tr\u00e1fico en calles de municipios y carreteras nacionales. En la parte frontal de su chasis la m\u00e1quina presenta barras de atomizaci\u00f3n tensoactiva, utilizadas para rociar la suciedad con agentes tensoactivos; el agente tensoactivo se aplica a la superficie utilizando el chorro de agua caliente a alta presi\u00f3n, y es recogido \u00edntegramente por la unidad de succi\u00f3n posterior de la TF 300, todo esto en una \u00fanica operaci\u00f3n. La SK 600 tiene dos opciones posibles para activar el ventilador aspirante y la unidad hidr\u00e1ulica: el accionamiento auxiliar del motor del veh\u00edculo (PTO) y un accionamiento hidrost\u00e1tico, que se puede utilizar para operar el veh\u00edculo hasta una velocidad de marcha de 40 km\/h. La velocidad de barrido se puede variar infinitamente hasta los 20 km\/h. El implemento de barrido en su totalidad y la unidad hidr\u00e1ulica de la TF 300 funcionan con el accionamiento auxiliar del motor del chasis o con el accionamiento hidrost\u00e1tico. En consecuencia el motor del chasis es capaz de alimentar tanto la SK 600 \/ TF 300 como el accionamiento del chasis. Ya que, en estas condiciones, no se necesita motor auxiliar adicional, la m\u00e1quina trabaja con poco ruido y ahorrando combustible. La SK 600 tiene una anchura de barrido de 2300 mm, con barrido mec\u00e1nico en toda la anchura indicada. Se accionan los cepillos de disco, el cepillo alimentador y el tubo de succi\u00f3n con un cepillo ubicado directamente detr\u00e1s de \u00e9ste.<\/p>\n<h3>Dos m\u00e1quinas, aplicaci\u00f3n vers\u00e1til y eficacia econ\u00f3mica m\u00e1xima<\/h3>\n<p><strong>SK 600 R:<\/strong> Se puede utilizar como barredora sobre cami\u00f3n convencional con una unidad de barrido dispuesta en el lado derecho y una capacidad de tolva de 6,0 m3. La m\u00e1quina est\u00e1 equipada con una serie de funciones adicionales, como un cepillo frontal extra, que se puede extender en gran medida, barras de atomizaci\u00f3n y de lavado y muchas m\u00e1s.<\/p>\n<p><strong>TF 300:<\/strong> En su condici\u00f3n de m\u00e1quina de uso espec\u00edfico con unidad de succi\u00f3n trasera y unidad de agua caliente a alta presi\u00f3n, los usos de este veh\u00edculo incluyen:<\/p>\n<ul>\n<li>Retirada de residuos de petr\u00f3leo \/ Eliminaci\u00f3n de contaminaci\u00f3n de petr\u00f3leo \/ Limpieza de sitios de accidentes<\/li>\n<li>Retirada de derrames de combustibles en calzadas y plazas<\/li>\n<li>Limpieza industrial de grandes superficies para retirar aceite y grasa<\/li>\n<li>Limpieza industrial de superficies especialmente suaves o rugosas<\/li>\n<li>Limpieza de asfalto poroso y silencioso (las boquillas giratorias penetran profundamente los poros de la superficie, devolviendo a \u00e9sta su rugosidad)<\/li>\n<li>Limpieza de superficies de hormig\u00f3n (la unidad de agua a alta presi\u00f3n arranca suciedad incrustada y los dos tubos de succi\u00f3n la recogen directamente)<\/li>\n<li>Operaciones con la unidad de succi\u00f3n trasera para limpiar grandes superficies, por ejemplo retirada de arena en sitios de construcci\u00f3n o recogida de grandes cantidades de l\u00edquidos<\/li>\n<\/ul>\n<\/div><div class=\"fusion-clearfix\"><\/div><\/div><\/div><\/div><\/div>\n","protected":false},"excerpt":{"rendered":"","protected":false},"author":1,"featured_media":0,"parent":7515,"menu_order":12,"comment_status":"closed","ping_status":"closed","template":"side-navigation.php","meta":{"footnotes":""},"class_list":["post-7470","page","type-page","status-publish","hentry"],"yoast_head":"<!-- This site is optimized with the Yoast SEO plugin v26.2 - https:\/\/yoast.com\/wordpress\/plugins\/seo\/ -->\n<title>Aebi-Schmidt SK 600 R and TF 300 - Telemet<\/title>\n<meta name=\"robots\" content=\"index, follow, max-snippet:-1, max-image-preview:large, max-video-preview:-1\" \/>\n<link rel=\"canonical\" href=\"https:\/\/telemet.com\/es\/ash-group-environment\/ash-sk-600-r-and-tf-300\/\" \/>\n<meta property=\"og:locale\" content=\"es_ES\" \/>\n<meta property=\"og:type\" content=\"article\" \/>\n<meta property=\"og:title\" content=\"Aebi-Schmidt SK 600 R and TF 300 - Telemet\" \/>\n<meta property=\"og:url\" content=\"https:\/\/telemet.com\/es\/ash-group-environment\/ash-sk-600-r-and-tf-300\/\" \/>\n<meta property=\"og:site_name\" content=\"Telemet\" \/>\n<meta property=\"article:modified_time\" content=\"2023-08-18T13:50:12+00:00\" \/>\n<meta property=\"og:image\" content=\"https:\/\/telemet.com\/wp-content\/uploads\/2016\/11\/SK600_TF300.jpg\" \/>\n<meta name=\"twitter:card\" content=\"summary_large_image\" \/>\n<meta name=\"twitter:label1\" content=\"Tiempo de lectura\" \/>\n\t<meta name=\"twitter:data1\" content=\"6 minutes\" \/>\n<script type=\"application\/ld+json\" class=\"yoast-schema-graph\">{\"@context\":\"https:\/\/schema.org\",\"@graph\":[{\"@type\":\"WebPage\",\"@id\":\"https:\/\/telemet.com\/es\/ash-group-environment\/ash-sk-600-r-and-tf-300\/\",\"url\":\"https:\/\/telemet.com\/es\/ash-group-environment\/ash-sk-600-r-and-tf-300\/\",\"name\":\"Aebi-Schmidt SK 600 R and TF 300 - Telemet\",\"isPartOf\":{\"@id\":\"https:\/\/telemet.com\/es\/#website\"},\"primaryImageOfPage\":{\"@id\":\"https:\/\/telemet.com\/es\/ash-group-environment\/ash-sk-600-r-and-tf-300\/#primaryimage\"},\"image\":{\"@id\":\"https:\/\/telemet.com\/es\/ash-group-environment\/ash-sk-600-r-and-tf-300\/#primaryimage\"},\"thumbnailUrl\":\"https:\/\/telemet.com\/wp-content\/uploads\/2016\/11\/SK600_TF300.jpg\",\"datePublished\":\"2016-11-22T19:51:54+00:00\",\"dateModified\":\"2023-08-18T13:50:12+00:00\",\"breadcrumb\":{\"@id\":\"https:\/\/telemet.com\/es\/ash-group-environment\/ash-sk-600-r-and-tf-300\/#breadcrumb\"},\"inLanguage\":\"es-ES\",\"potentialAction\":[{\"@type\":\"ReadAction\",\"target\":[\"https:\/\/telemet.com\/es\/ash-group-environment\/ash-sk-600-r-and-tf-300\/\"]}]},{\"@type\":\"ImageObject\",\"inLanguage\":\"es-ES\",\"@id\":\"https:\/\/telemet.com\/es\/ash-group-environment\/ash-sk-600-r-and-tf-300\/#primaryimage\",\"url\":\"https:\/\/telemet.com\/wp-content\/uploads\/2016\/11\/SK600_TF300.jpg\",\"contentUrl\":\"https:\/\/telemet.com\/wp-content\/uploads\/2016\/11\/SK600_TF300.jpg\"},{\"@type\":\"BreadcrumbList\",\"@id\":\"https:\/\/telemet.com\/es\/ash-group-environment\/ash-sk-600-r-and-tf-300\/#breadcrumb\",\"itemListElement\":[{\"@type\":\"ListItem\",\"position\":1,\"name\":\"Home\",\"item\":\"https:\/\/telemet.com\/es\/\"},{\"@type\":\"ListItem\",\"position\":2,\"name\":\"Aebi Schmidt Medio ambiente\",\"item\":\"https:\/\/telemet.com\/es\/ash-group-environment\/\"},{\"@type\":\"ListItem\",\"position\":3,\"name\":\"Aebi-Schmidt SK 600 R and TF 300\"}]},{\"@type\":\"WebSite\",\"@id\":\"https:\/\/telemet.com\/es\/#website\",\"url\":\"https:\/\/telemet.com\/es\/\",\"name\":\"Telemet, Inc.\",\"description\":\"Efficiency through Simplicity\",\"potentialAction\":[{\"@type\":\"SearchAction\",\"target\":{\"@type\":\"EntryPoint\",\"urlTemplate\":\"https:\/\/telemet.com\/es\/?s={search_term_string}\"},\"query-input\":{\"@type\":\"PropertyValueSpecification\",\"valueRequired\":true,\"valueName\":\"search_term_string\"}}],\"inLanguage\":\"es-ES\"}]}<\/script>\n<!-- \/ Yoast SEO plugin. -->","yoast_head_json":{"title":"Aebi-Schmidt SK 600 R and TF 300 - Telemet","robots":{"index":"index","follow":"follow","max-snippet":"max-snippet:-1","max-image-preview":"max-image-preview:large","max-video-preview":"max-video-preview:-1"},"canonical":"https:\/\/telemet.com\/es\/ash-group-environment\/ash-sk-600-r-and-tf-300\/","og_locale":"es_ES","og_type":"article","og_title":"Aebi-Schmidt SK 600 R and TF 300 - Telemet","og_url":"https:\/\/telemet.com\/es\/ash-group-environment\/ash-sk-600-r-and-tf-300\/","og_site_name":"Telemet","article_modified_time":"2023-08-18T13:50:12+00:00","og_image":[{"url":"https:\/\/telemet.com\/wp-content\/uploads\/2016\/11\/SK600_TF300.jpg","type":"","width":"","height":""}],"twitter_card":"summary_large_image","twitter_misc":{"Tiempo de lectura":"6 minutes"},"schema":{"@context":"https:\/\/schema.org","@graph":[{"@type":"WebPage","@id":"https:\/\/telemet.com\/es\/ash-group-environment\/ash-sk-600-r-and-tf-300\/","url":"https:\/\/telemet.com\/es\/ash-group-environment\/ash-sk-600-r-and-tf-300\/","name":"Aebi-Schmidt SK 600 R and TF 300 - Telemet","isPartOf":{"@id":"https:\/\/telemet.com\/es\/#website"},"primaryImageOfPage":{"@id":"https:\/\/telemet.com\/es\/ash-group-environment\/ash-sk-600-r-and-tf-300\/#primaryimage"},"image":{"@id":"https:\/\/telemet.com\/es\/ash-group-environment\/ash-sk-600-r-and-tf-300\/#primaryimage"},"thumbnailUrl":"https:\/\/telemet.com\/wp-content\/uploads\/2016\/11\/SK600_TF300.jpg","datePublished":"2016-11-22T19:51:54+00:00","dateModified":"2023-08-18T13:50:12+00:00","breadcrumb":{"@id":"https:\/\/telemet.com\/es\/ash-group-environment\/ash-sk-600-r-and-tf-300\/#breadcrumb"},"inLanguage":"es-ES","potentialAction":[{"@type":"ReadAction","target":["https:\/\/telemet.com\/es\/ash-group-environment\/ash-sk-600-r-and-tf-300\/"]}]},{"@type":"ImageObject","inLanguage":"es-ES","@id":"https:\/\/telemet.com\/es\/ash-group-environment\/ash-sk-600-r-and-tf-300\/#primaryimage","url":"https:\/\/telemet.com\/wp-content\/uploads\/2016\/11\/SK600_TF300.jpg","contentUrl":"https:\/\/telemet.com\/wp-content\/uploads\/2016\/11\/SK600_TF300.jpg"},{"@type":"BreadcrumbList","@id":"https:\/\/telemet.com\/es\/ash-group-environment\/ash-sk-600-r-and-tf-300\/#breadcrumb","itemListElement":[{"@type":"ListItem","position":1,"name":"Home","item":"https:\/\/telemet.com\/es\/"},{"@type":"ListItem","position":2,"name":"Aebi Schmidt Medio ambiente","item":"https:\/\/telemet.com\/es\/ash-group-environment\/"},{"@type":"ListItem","position":3,"name":"Aebi-Schmidt SK 600 R and TF 300"}]},{"@type":"WebSite","@id":"https:\/\/telemet.com\/es\/#website","url":"https:\/\/telemet.com\/es\/","name":"Telemet, Inc.","description":"Efficiency through Simplicity","potentialAction":[{"@type":"SearchAction","target":{"@type":"EntryPoint","urlTemplate":"https:\/\/telemet.com\/es\/?s={search_term_string}"},"query-input":{"@type":"PropertyValueSpecification","valueRequired":true,"valueName":"search_term_string"}}],"inLanguage":"es-ES"}]}},"_links":{"self":[{"href":"https:\/\/telemet.com\/es\/wp-json\/wp\/v2\/pages\/7470","targetHints":{"allow":["GET"]}}],"collection":[{"href":"https:\/\/telemet.com\/es\/wp-json\/wp\/v2\/pages"}],"about":[{"href":"https:\/\/telemet.com\/es\/wp-json\/wp\/v2\/types\/page"}],"author":[{"embeddable":true,"href":"https:\/\/telemet.com\/es\/wp-json\/wp\/v2\/users\/1"}],"replies":[{"embeddable":true,"href":"https:\/\/telemet.com\/es\/wp-json\/wp\/v2\/comments?post=7470"}],"version-history":[{"count":3,"href":"https:\/\/telemet.com\/es\/wp-json\/wp\/v2\/pages\/7470\/revisions"}],"predecessor-version":[{"id":14078,"href":"https:\/\/telemet.com\/es\/wp-json\/wp\/v2\/pages\/7470\/revisions\/14078"}],"up":[{"embeddable":true,"href":"https:\/\/telemet.com\/es\/wp-json\/wp\/v2\/pages\/7515"}],"wp:attachment":[{"href":"https:\/\/telemet.com\/es\/wp-json\/wp\/v2\/media?parent=7470"}],"curies":[{"name":"wp","href":"https:\/\/api.w.org\/{rel}","templated":true}]}}