{"id":7479,"date":"2016-11-22T20:07:57","date_gmt":"2016-11-22T20:07:01","guid":{"rendered":"http:\/\/telemet.com\/es\/ash-street-king-660\/"},"modified":"2023-08-18T13:50:19","modified_gmt":"2023-08-18T13:50:19","slug":"ash-street-king-660","status":"publish","type":"page","link":"https:\/\/telemet.com\/es\/ash-group-environment\/ash-street-king-660\/","title":{"rendered":"Aebi-Schmidt Street King 660"},"content":{"rendered":"<div class=\"fusion-fullwidth fullwidth-box fusion-builder-row-1 nonhundred-percent-fullwidth non-hundred-percent-height-scrolling\" style=\"--awb-background-position:left top;--awb-border-radius-top-left:0px;--awb-border-radius-top-right:0px;--awb-border-radius-bottom-right:0px;--awb-border-radius-bottom-left:0px;--awb-padding-top:0px;--awb-padding-bottom:20px;--awb-border-sizes-top:0px;--awb-border-sizes-bottom:0px;--awb-flex-wrap:wrap;\" ><div class=\"fusion-builder-row fusion-row\"><div class=\"fusion-layout-column fusion_builder_column fusion-builder-column-0 fusion_builder_column_1_1 1_1 fusion-one-full fusion-column-first fusion-column-last fusion-column-no-min-height\" style=\"--awb-bg-size:cover;--awb-margin-top:0px;--awb-margin-bottom:0px;\"><div class=\"fusion-column-wrapper fusion-flex-column-wrapper-legacy\"><div class=\"fusion-image-element fusion-image-align-center in-legacy-container\" style=\"text-align:center;--awb-caption-title-font-family:var(--h2_typography-font-family);--awb-caption-title-font-weight:var(--h2_typography-font-weight);--awb-caption-title-font-style:var(--h2_typography-font-style);--awb-caption-title-size:var(--h2_typography-font-size);--awb-caption-title-transform:var(--h2_typography-text-transform);--awb-caption-title-line-height:var(--h2_typography-line-height);--awb-caption-title-letter-spacing:var(--h2_typography-letter-spacing);\"><div class=\"imageframe-align-center\"><span class=\" fusion-imageframe imageframe-none imageframe-1 hover-type-none\"><img decoding=\"async\" width=\"900\" height=\"506\" title=\"schmidt_street_king_660\" src=\"https:\/\/telemet.com\/wp-content\/uploads\/2016\/11\/schmidt_Street_King_660.jpg\" alt class=\"img-responsive wp-image-14083\" srcset=\"https:\/\/telemet.com\/wp-content\/uploads\/2016\/11\/schmidt_Street_King_660-200x112.jpg 200w, https:\/\/telemet.com\/wp-content\/uploads\/2016\/11\/schmidt_Street_King_660-400x225.jpg 400w, https:\/\/telemet.com\/wp-content\/uploads\/2016\/11\/schmidt_Street_King_660-600x337.jpg 600w, https:\/\/telemet.com\/wp-content\/uploads\/2016\/11\/schmidt_Street_King_660-800x450.jpg 800w, https:\/\/telemet.com\/wp-content\/uploads\/2016\/11\/schmidt_Street_King_660.jpg 900w\" sizes=\"(max-width: 800px) 100vw, 900px\" \/><\/span><\/div><\/div><div class=\"fusion-sep-clear\"><\/div><div class=\"fusion-separator fusion-full-width-sep\" style=\"margin-left: auto;margin-right: auto;margin-top:20px;width:100%;\"><\/div><div class=\"fusion-sep-clear\"><\/div><div class=\"fusion-align-block\"><a class=\"fusion-button button-flat button-xlarge button-default fusion-button-default button-1 fusion-button-default-span \" style=\"width:calc(100%);\" target=\"_blank\" rel=\"noopener noreferrer\" title=\"Download Brochure\" aria-label=\"Download Brochure\" href=\"\/wp-content\/uploads\/2016\/11\/BS_StreetKing_SK660_EN.pdf\"><span class=\"fusion-button-text awb-button__text awb-button__text--default\">Download Brochure (PDF)<\/span><i class=\" fa fa-file-pdf-o awb-button__icon awb-button__icon--default button-icon-right\" aria-hidden=\"true\"><\/i><\/a><\/div><div class=\"fusion-sep-clear\"><\/div><div class=\"fusion-separator fusion-full-width-sep\" style=\"margin-left: auto;margin-right: auto;margin-top:20px;width:100%;\"><\/div><div class=\"fusion-sep-clear\"><\/div><div class=\"fusion-clearfix\"><\/div><\/div><\/div><div class=\"fusion-layout-column fusion_builder_column fusion-builder-column-1 fusion_builder_column_1_1 1_1 fusion-one-full fusion-column-first fusion-column-last fusion-column-no-min-height\" style=\"--awb-bg-size:cover;--awb-margin-top:0px;--awb-margin-bottom:0px;\"><div class=\"fusion-column-wrapper fusion-flex-column-wrapper-legacy\"><div class=\"fusion-video fusion-youtube\" style=\"--awb-max-width:800px;--awb-max-height:550px;\"><div class=\"video-shortcode\"><div class=\"fluid-width-video-wrapper\" style=\"padding-top:68.75%;\" ><iframe title=\"YouTube video player 1\" src=\"https:\/\/www.youtube.com\/embed\/Vstl7ihVXV8?wmode=transparent&autoplay=0\" width=\"800\" height=\"550\" allowfullscreen allow=\"autoplay; clipboard-write; encrypted-media; gyroscope; picture-in-picture;\"><\/iframe><\/div><\/div><\/div><div class=\"fusion-sep-clear\"><\/div><div class=\"fusion-separator fusion-full-width-sep\" style=\"margin-left: auto;margin-right: auto;margin-top:20px;width:100%;\"><\/div><div class=\"fusion-sep-clear\"><\/div><div class=\"fusion-text fusion-text-1\"><p>El nuevo modelo Schmidt STREET KING 660 destaca por la mejora de su rendimiento, la m\u00e1xima eficiencia y un concepto de uso innovador. El concepto modular hace posible satisfacer los deseos individuales de los clientes en relaci\u00f3n con el veh\u00edculo portador. Toda la barredora, incluyendo la unidad de barrido, est\u00e1 montada en el bastidor auxiliar en lugar del propio chasis del cami\u00f3n. El compartimiento del motor encapsulado reduce el nivel de ruido al mismo tiempo que permite un f\u00e1cil mantenimiento y reparaci\u00f3n. La Street King 660 merece el t\u00edtulo de ser &#8221; tranquila y amigable con el medio ambiente&#8221; por una raz\u00f3n. Su nivel de emisi\u00f3n de part\u00edculas da\u00f1inas est\u00e1 muy por debajo del nivel m\u00e1ximo requerido, raz\u00f3n por la que recibi\u00f3 el distintivo PM10 de 3 estrellas. Debido al posible ajuste de la presi\u00f3n contra el suelo y el ajuste de la velocidad de los cepillos, el desgaste de las escobillas se reduce al m\u00ednimo. El componente m\u00e1s importante es la turbina de alto rendimiento &#8211; accionada hidr\u00e1ulicamente y operada desde la cabina del conductor. La turbina que cuenta con un flujo optimizado de aire est\u00e1 montada directamente en la tolva. La tobera de aspiraci\u00f3n, con rodillo integrado, permite un mayor rendimiento de aspiraci\u00f3n incluso a menor velocidad de turbina \u2013 obteniendo una velocidad de trabajo hasta un 15% superior a otros modelos.<\/p>\n<h3>Unidad de barrido optimizada.<\/h3>\n<p>Los clientes pueden esperar excelentes resultados de barrido fiables operando a mayor velocidad, lo que tambi\u00e9n significa cubrir mayores distancias en menores per\u00edodos de tiempo. La anchura de barrido es de 2.350 mm, que opcionalmente puede ampliarse un m\u00e1ximo de 3.500 mm en la versi\u00f3n dual. La unidad de barrido de arrastre ofrece la m\u00e1xima protecci\u00f3n anti retroceso y una cobertura de barrido \u00f3ptima incluso en las curvas. La disposici\u00f3n de la turbina con su flujo de aire optimizado permite obtener el m\u00e1ximo rendimiento con una menor resistencia al paso del aire, por lo que se requiere menos potencia de accionamiento. Adem\u00e1s, la turbina se acciona hidr\u00e1ulicamente y su velocidad es casi infinitamente ajustable. El caudal de aire es de 18.000 m3 \/ h (flujo libre).<\/p>\n<h3>Tolva con valor a\u00f1adido<\/h3>\n<p>La tolva se ha redise\u00f1ado en este nuevo modelo. La barredora Street King 660 ofrece una capacidad de la tolva de 7 m3. La tolva se puede inclinar hasta 60 \u00b0 y, adem\u00e1s, incorpora cajas de herramientas \u00fatiles. Est\u00e1 equipada con una rejilla para las hojas. El mecanismo de cierre de la rejilla se acciona tirando de un cable o de forma autom\u00e1tica a trav\u00e9s de la tapa (flap) trasera de la tolva. Los tanques de agua se han mejorado y ahora est\u00e1n hechos de acero inoxidable, tanto en la zona delantera y trasera. La capacidad del tanque en la versi\u00f3n est\u00e1ndar es de 1.600 l y puede ampliarse opcionalmente. Una nueva bomba de agua, de accionamiento hidr\u00e1ulico con un caudal de 48 l \/ min asegura la captura \u00f3ptima de part\u00edculas de polvo. La regulaci\u00f3n el\u00e9ctrica del volumen de agua permite el ajuste gradual a trav\u00e9s del control t\u00e1ctil del panel de control (opcional).<\/p>\n<h3>Nuevo motor auxiliar que ofrece un mayor rendimiento.<\/h3>\n<p>El nuevo motor DEUTZ TD 2.9 EUROMOT 3B turbo diesel, con una potencia de 55,4 kW (75 CV) y un par motor de 260 Nm a 1.600 1 \/ min proporciona una alt\u00edsimo rendimiento. Para el escape y purificaci\u00f3n de los gases el EUROMOT 3B emplea DOC (convertidor catal\u00edtico de oxidaci\u00f3n di\u00e9sel), que garantiza un funcionamiento libre de mantenimiento en cualquier aplicaci\u00f3n y unos intervalos de mantenimiento m\u00e1s largos.<\/p>\n<h3>Innovaci\u00f3n en el interior &#8211; Evoluci\u00f3n Inteligente del concepto de manejo.<\/h3>\n<p>El nuevo concepto de manejo para esta barredora sobre cami\u00f3n es tambi\u00e9n extraordinario. Basado en el panel de control ES Schmidt, que ya se emplea en los esparcidores Stratos, un nuevo concepto operativo se ha desarrollado para la barredora sobre cami\u00f3n que no tiene comparaci\u00f3n en el mundo. El concepto operativo desarrollado por Schmidt combina la experiencia de la compa\u00f1\u00eda en la tecnolog\u00eda de barrido con las altas exigencias de los clientes, con el objetivo de proporcionar al conductor el mejor apoyo posible al hacer su trabajo y de un modo m\u00e1s f\u00e1cil. El concepto de mando ES consiste en una combinaci\u00f3n de llaves, teclas y controles TACTILES. Una pantalla t\u00e1ctil sin deslumbramiento de 7 &#8221; garantiza una visualizaci\u00f3n \u00f3ptima de toda la informaci\u00f3n pertinente. El funcionamiento es intuitivo y no preciso mucho tiempo para aprender. Adem\u00e1s, los elementos de control personalizables y un nuevo panel de control tipo joystick en el volante, aseguran la m\u00e1xima flexibilidad. La disposici\u00f3n ergon\u00f3mica y la m\u00e1xima variabilidad en el posicionamiento de los componentes individuales completan el nuevo panel de control. Est\u00e1 disponible como opcional un monitor TFT que muestra las im\u00e1genes tomadas por hasta 3 c\u00e1maras conectadas y que permiten al conductor mantener un ojo en cada esquina.<\/p>\n<\/div><div class=\"fusion-clearfix\"><\/div><\/div><\/div><\/div><\/div>\n","protected":false},"excerpt":{"rendered":"","protected":false},"author":1,"featured_media":0,"parent":7515,"menu_order":13,"comment_status":"closed","ping_status":"closed","template":"side-navigation.php","meta":{"footnotes":""},"class_list":["post-7479","page","type-page","status-publish","hentry"],"yoast_head":"<!-- This site is optimized with the Yoast SEO plugin v26.2 - https:\/\/yoast.com\/wordpress\/plugins\/seo\/ -->\n<title>Aebi-Schmidt Street King 660 - Telemet<\/title>\n<meta name=\"robots\" content=\"index, follow, max-snippet:-1, max-image-preview:large, max-video-preview:-1\" \/>\n<link rel=\"canonical\" href=\"https:\/\/telemet.com\/es\/ash-group-environment\/ash-street-king-660\/\" \/>\n<meta property=\"og:locale\" content=\"es_ES\" \/>\n<meta property=\"og:type\" content=\"article\" \/>\n<meta property=\"og:title\" content=\"Aebi-Schmidt Street King 660 - Telemet\" \/>\n<meta property=\"og:url\" content=\"https:\/\/telemet.com\/es\/ash-group-environment\/ash-street-king-660\/\" \/>\n<meta property=\"og:site_name\" content=\"Telemet\" \/>\n<meta property=\"article:modified_time\" content=\"2023-08-18T13:50:19+00:00\" \/>\n<meta property=\"og:image\" content=\"https:\/\/telemet.com\/wp-content\/uploads\/2016\/11\/schmidt_Street_King_660.jpg\" \/>\n<meta name=\"twitter:card\" content=\"summary_large_image\" \/>\n<meta name=\"twitter:label1\" content=\"Tiempo de lectura\" \/>\n\t<meta name=\"twitter:data1\" content=\"6 minutes\" \/>\n<script type=\"application\/ld+json\" class=\"yoast-schema-graph\">{\"@context\":\"https:\/\/schema.org\",\"@graph\":[{\"@type\":\"WebPage\",\"@id\":\"https:\/\/telemet.com\/es\/ash-group-environment\/ash-street-king-660\/\",\"url\":\"https:\/\/telemet.com\/es\/ash-group-environment\/ash-street-king-660\/\",\"name\":\"Aebi-Schmidt Street King 660 - Telemet\",\"isPartOf\":{\"@id\":\"https:\/\/telemet.com\/es\/#website\"},\"primaryImageOfPage\":{\"@id\":\"https:\/\/telemet.com\/es\/ash-group-environment\/ash-street-king-660\/#primaryimage\"},\"image\":{\"@id\":\"https:\/\/telemet.com\/es\/ash-group-environment\/ash-street-king-660\/#primaryimage\"},\"thumbnailUrl\":\"https:\/\/telemet.com\/wp-content\/uploads\/2016\/11\/schmidt_Street_King_660.jpg\",\"datePublished\":\"2016-11-22T20:07:01+00:00\",\"dateModified\":\"2023-08-18T13:50:19+00:00\",\"breadcrumb\":{\"@id\":\"https:\/\/telemet.com\/es\/ash-group-environment\/ash-street-king-660\/#breadcrumb\"},\"inLanguage\":\"es-ES\",\"potentialAction\":[{\"@type\":\"ReadAction\",\"target\":[\"https:\/\/telemet.com\/es\/ash-group-environment\/ash-street-king-660\/\"]}]},{\"@type\":\"ImageObject\",\"inLanguage\":\"es-ES\",\"@id\":\"https:\/\/telemet.com\/es\/ash-group-environment\/ash-street-king-660\/#primaryimage\",\"url\":\"https:\/\/telemet.com\/wp-content\/uploads\/2016\/11\/schmidt_Street_King_660.jpg\",\"contentUrl\":\"https:\/\/telemet.com\/wp-content\/uploads\/2016\/11\/schmidt_Street_King_660.jpg\"},{\"@type\":\"BreadcrumbList\",\"@id\":\"https:\/\/telemet.com\/es\/ash-group-environment\/ash-street-king-660\/#breadcrumb\",\"itemListElement\":[{\"@type\":\"ListItem\",\"position\":1,\"name\":\"Home\",\"item\":\"https:\/\/telemet.com\/es\/\"},{\"@type\":\"ListItem\",\"position\":2,\"name\":\"Aebi Schmidt Medio ambiente\",\"item\":\"https:\/\/telemet.com\/es\/ash-group-environment\/\"},{\"@type\":\"ListItem\",\"position\":3,\"name\":\"Aebi-Schmidt Street King 660\"}]},{\"@type\":\"WebSite\",\"@id\":\"https:\/\/telemet.com\/es\/#website\",\"url\":\"https:\/\/telemet.com\/es\/\",\"name\":\"Telemet, Inc.\",\"description\":\"Efficiency through Simplicity\",\"potentialAction\":[{\"@type\":\"SearchAction\",\"target\":{\"@type\":\"EntryPoint\",\"urlTemplate\":\"https:\/\/telemet.com\/es\/?s={search_term_string}\"},\"query-input\":{\"@type\":\"PropertyValueSpecification\",\"valueRequired\":true,\"valueName\":\"search_term_string\"}}],\"inLanguage\":\"es-ES\"}]}<\/script>\n<!-- \/ Yoast SEO plugin. -->","yoast_head_json":{"title":"Aebi-Schmidt Street King 660 - Telemet","robots":{"index":"index","follow":"follow","max-snippet":"max-snippet:-1","max-image-preview":"max-image-preview:large","max-video-preview":"max-video-preview:-1"},"canonical":"https:\/\/telemet.com\/es\/ash-group-environment\/ash-street-king-660\/","og_locale":"es_ES","og_type":"article","og_title":"Aebi-Schmidt Street King 660 - Telemet","og_url":"https:\/\/telemet.com\/es\/ash-group-environment\/ash-street-king-660\/","og_site_name":"Telemet","article_modified_time":"2023-08-18T13:50:19+00:00","og_image":[{"url":"https:\/\/telemet.com\/wp-content\/uploads\/2016\/11\/schmidt_Street_King_660.jpg","type":"","width":"","height":""}],"twitter_card":"summary_large_image","twitter_misc":{"Tiempo de lectura":"6 minutes"},"schema":{"@context":"https:\/\/schema.org","@graph":[{"@type":"WebPage","@id":"https:\/\/telemet.com\/es\/ash-group-environment\/ash-street-king-660\/","url":"https:\/\/telemet.com\/es\/ash-group-environment\/ash-street-king-660\/","name":"Aebi-Schmidt Street King 660 - Telemet","isPartOf":{"@id":"https:\/\/telemet.com\/es\/#website"},"primaryImageOfPage":{"@id":"https:\/\/telemet.com\/es\/ash-group-environment\/ash-street-king-660\/#primaryimage"},"image":{"@id":"https:\/\/telemet.com\/es\/ash-group-environment\/ash-street-king-660\/#primaryimage"},"thumbnailUrl":"https:\/\/telemet.com\/wp-content\/uploads\/2016\/11\/schmidt_Street_King_660.jpg","datePublished":"2016-11-22T20:07:01+00:00","dateModified":"2023-08-18T13:50:19+00:00","breadcrumb":{"@id":"https:\/\/telemet.com\/es\/ash-group-environment\/ash-street-king-660\/#breadcrumb"},"inLanguage":"es-ES","potentialAction":[{"@type":"ReadAction","target":["https:\/\/telemet.com\/es\/ash-group-environment\/ash-street-king-660\/"]}]},{"@type":"ImageObject","inLanguage":"es-ES","@id":"https:\/\/telemet.com\/es\/ash-group-environment\/ash-street-king-660\/#primaryimage","url":"https:\/\/telemet.com\/wp-content\/uploads\/2016\/11\/schmidt_Street_King_660.jpg","contentUrl":"https:\/\/telemet.com\/wp-content\/uploads\/2016\/11\/schmidt_Street_King_660.jpg"},{"@type":"BreadcrumbList","@id":"https:\/\/telemet.com\/es\/ash-group-environment\/ash-street-king-660\/#breadcrumb","itemListElement":[{"@type":"ListItem","position":1,"name":"Home","item":"https:\/\/telemet.com\/es\/"},{"@type":"ListItem","position":2,"name":"Aebi Schmidt Medio ambiente","item":"https:\/\/telemet.com\/es\/ash-group-environment\/"},{"@type":"ListItem","position":3,"name":"Aebi-Schmidt Street King 660"}]},{"@type":"WebSite","@id":"https:\/\/telemet.com\/es\/#website","url":"https:\/\/telemet.com\/es\/","name":"Telemet, Inc.","description":"Efficiency through Simplicity","potentialAction":[{"@type":"SearchAction","target":{"@type":"EntryPoint","urlTemplate":"https:\/\/telemet.com\/es\/?s={search_term_string}"},"query-input":{"@type":"PropertyValueSpecification","valueRequired":true,"valueName":"search_term_string"}}],"inLanguage":"es-ES"}]}},"_links":{"self":[{"href":"https:\/\/telemet.com\/es\/wp-json\/wp\/v2\/pages\/7479","targetHints":{"allow":["GET"]}}],"collection":[{"href":"https:\/\/telemet.com\/es\/wp-json\/wp\/v2\/pages"}],"about":[{"href":"https:\/\/telemet.com\/es\/wp-json\/wp\/v2\/types\/page"}],"author":[{"embeddable":true,"href":"https:\/\/telemet.com\/es\/wp-json\/wp\/v2\/users\/1"}],"replies":[{"embeddable":true,"href":"https:\/\/telemet.com\/es\/wp-json\/wp\/v2\/comments?post=7479"}],"version-history":[{"count":4,"href":"https:\/\/telemet.com\/es\/wp-json\/wp\/v2\/pages\/7479\/revisions"}],"predecessor-version":[{"id":14081,"href":"https:\/\/telemet.com\/es\/wp-json\/wp\/v2\/pages\/7479\/revisions\/14081"}],"up":[{"embeddable":true,"href":"https:\/\/telemet.com\/es\/wp-json\/wp\/v2\/pages\/7515"}],"wp:attachment":[{"href":"https:\/\/telemet.com\/es\/wp-json\/wp\/v2\/media?parent=7479"}],"curies":[{"name":"wp","href":"https:\/\/api.w.org\/{rel}","templated":true}]}}