{"id":7504,"date":"2016-11-23T01:14:57","date_gmt":"2016-11-23T01:14:19","guid":{"rendered":"http:\/\/telemet.com\/es\/ash-cityjet-6000\/"},"modified":"2023-08-18T13:52:05","modified_gmt":"2023-08-18T13:52:05","slug":"ash-cityjet-6000","status":"publish","type":"page","link":"https:\/\/telemet.com\/es\/ash-group-environment\/ash-cityjet-6000\/","title":{"rendered":"Aebi-Schmidt Cityjet 6000"},"content":{"rendered":"<div class=\"fusion-fullwidth fullwidth-box fusion-builder-row-1 nonhundred-percent-fullwidth non-hundred-percent-height-scrolling\" style=\"--awb-background-position:left top;--awb-border-radius-top-left:0px;--awb-border-radius-top-right:0px;--awb-border-radius-bottom-right:0px;--awb-border-radius-bottom-left:0px;--awb-padding-top:0px;--awb-padding-bottom:20px;--awb-border-sizes-top:0px;--awb-border-sizes-bottom:0px;--awb-flex-wrap:wrap;\" ><div class=\"fusion-builder-row fusion-row\"><div class=\"fusion-layout-column fusion_builder_column fusion-builder-column-0 fusion_builder_column_1_1 1_1 fusion-one-full fusion-column-first fusion-column-last fusion-column-no-min-height\" style=\"--awb-bg-size:cover;--awb-margin-top:0px;--awb-margin-bottom:0px;\"><div class=\"fusion-column-wrapper fusion-flex-column-wrapper-legacy\"><div class=\"fusion-image-element fusion-image-align-center in-legacy-container\" style=\"text-align:center;--awb-caption-title-font-family:var(--h2_typography-font-family);--awb-caption-title-font-weight:var(--h2_typography-font-weight);--awb-caption-title-font-style:var(--h2_typography-font-style);--awb-caption-title-size:var(--h2_typography-font-size);--awb-caption-title-transform:var(--h2_typography-text-transform);--awb-caption-title-line-height:var(--h2_typography-line-height);--awb-caption-title-letter-spacing:var(--h2_typography-letter-spacing);\"><div class=\"imageframe-align-center\"><span class=\" fusion-imageframe imageframe-none imageframe-1 hover-type-none\"><img decoding=\"async\" width=\"1000\" height=\"669\" title=\"schmidt_cityjet_6000\" src=\"https:\/\/telemet.com\/wp-content\/uploads\/2016\/11\/schmidt_cityjet_6000.jpg\" alt class=\"img-responsive wp-image-14119\" srcset=\"https:\/\/telemet.com\/wp-content\/uploads\/2016\/11\/schmidt_cityjet_6000-200x134.jpg 200w, https:\/\/telemet.com\/wp-content\/uploads\/2016\/11\/schmidt_cityjet_6000-400x268.jpg 400w, https:\/\/telemet.com\/wp-content\/uploads\/2016\/11\/schmidt_cityjet_6000-600x401.jpg 600w, https:\/\/telemet.com\/wp-content\/uploads\/2016\/11\/schmidt_cityjet_6000-800x535.jpg 800w, https:\/\/telemet.com\/wp-content\/uploads\/2016\/11\/schmidt_cityjet_6000.jpg 1000w\" sizes=\"(max-width: 800px) 100vw, 1000px\" \/><\/span><\/div><\/div><div class=\"fusion-sep-clear\"><\/div><div class=\"fusion-separator fusion-full-width-sep\" style=\"margin-left: auto;margin-right: auto;margin-top:20px;width:100%;\"><\/div><div class=\"fusion-sep-clear\"><\/div><div class=\"fusion-align-block\"><a class=\"fusion-button button-flat button-xlarge button-default fusion-button-default button-1 fusion-button-default-span \" style=\"width:calc(100%);\" target=\"_blank\" rel=\"noopener noreferrer\" title=\"Download Brochure\" aria-label=\"Download Brochure\" href=\"\/wp-content\/uploads\/2016\/11\/LS_Cityjet6000_en.pdf\"><span class=\"fusion-button-text awb-button__text awb-button__text--default\">Download Brochure (PDF)<\/span><i class=\" fa fa-file-pdf-o awb-button__icon awb-button__icon--default button-icon-right\" aria-hidden=\"true\"><\/i><\/a><\/div><div class=\"fusion-sep-clear\"><\/div><div class=\"fusion-separator fusion-full-width-sep\" style=\"margin-left: auto;margin-right: auto;margin-top:20px;width:100%;\"><\/div><div class=\"fusion-sep-clear\"><\/div><div class=\"fusion-text fusion-text-1\"><p>La potente baldeadora Cityjet 6000 es la elecci\u00f3n perfecto para una limpieza eficiente de parcelas en zonas urbanas que presentan un ensuciamiento persistente (p. ej. en mercados, zonas adoquinadas, etc.).<\/p>\n<h3>Limpieza a alta presi\u00f3n: la opci\u00f3n correcta con toda seguridad.<\/h3>\n<p>El tanque de agua dulce de la Cityjet 6000 tiene una capacidad de 6.300 l, con lo que se consiguen unas condiciones de limpieza a alta presi\u00f3n extraordinarias (y a su vez seguras) durante 40 minutos. Con de una anchura de baldeo de 1.800 a 3.100 mm, la bomba de agua bombea a una presi\u00f3n de 110 bares hasta 170 l\/min sobre las \u00e1reas sucias. Para repostar dispone de una manguera de 15 metros de longitud, la cual puede recogerse enrollada sin apenas ocupar espacio.<br \/>\nPropulsi\u00f3n hidrost\u00e1tica en el eje trasero; para el la propulsi\u00f3n del veh\u00edculo se emplea una v\u00e1lvula by-pass. Los movimientos de la barra de pulverizaci\u00f3n tambi\u00e9n est\u00e1n accionados hidr\u00e1ulicamente.<\/p>\n<h3>\u00a1Con la Cityjet 6000 llegar\u00e1 pr\u00e1cticamente a cualquier parte!<\/h3>\n<p>La barra de pulverizaci\u00f3n se puede girar 15 grados a derecha e izquierda. Esto permite incluso la limpieza de superficies operativas como, por ejemplo, caminos con bancos, farolas o se\u00f1alizadores. Para limpiar tambi\u00e9n suciedad resistente, adem\u00e1s se puede regular el \u00e1ngulo de las boquillas de pulverizaci\u00f3n.<br \/>\nEl veh\u00edculo dispone de una direcci\u00f3n delantera de dos ruedas con un impacto direccional de hasta 68\u00b0, lo que posibilita un radio de giro de pared a pared de 6.745 mm y de bordillo a bordillo de 5.360 mm.<\/p>\n<h3>Equipamiento t\u00e9cnico: c\u00f3modo, seguro y duradero.<\/h3>\n<p>El sistema de manejo goza de una disposici\u00f3n clara y ergon\u00f3mica. El acristalamiento de la cabina garantiza al conductor una vista panor\u00e1mica de toda el \u00e1rea de trabajo. Los frenos de disco en el eje delantero y los frenos de tambor en el eje trasero garantizan unos est\u00e1ndares de calidad imprescindibles dentro de un campo de trabajo frecuentado a menudo por personas.<br \/>\nCaracter\u00edsticas del equipamiento de la cabina: asiento del conductor y del copiloto con suspensi\u00f3n mec\u00e1nica, columna de direcci\u00f3n regulable en distintas posiciones, interruptor a intervalos para limpiaparabrisas, calefacci\u00f3n y ventilaci\u00f3n con ventilador silencioso, parasoles para conductor y copiloto, pantalla multifunci\u00f3n con indicador digital de todos los estados, herramienta de servicio integrada, conexiones para una radio.<br \/>\nBastidores y accesorios: bastidor b\u00e1sico lacado resistente a la corrosi\u00f3n, 3 faros de trabajo para ver las barras de pulverizaci\u00f3n, espejo retrovisor conforme al reglamento alem\u00e1n relativo a la puesta en circulaci\u00f3n de autom\u00f3viles (StVZO), una luz de identificaci\u00f3n omnidireccional en la cabina y dos en la parte trasera, en el dep\u00f3sito de agua.<\/p>\n<\/div><div class=\"fusion-clearfix\"><\/div><\/div><\/div><\/div><\/div>\n","protected":false},"excerpt":{"rendered":"","protected":false},"author":1,"featured_media":0,"parent":7515,"menu_order":16,"comment_status":"closed","ping_status":"closed","template":"side-navigation.php","meta":{"footnotes":""},"class_list":["post-7504","page","type-page","status-publish","hentry"],"yoast_head":"<!-- This site is optimized with the Yoast SEO plugin v26.2 - https:\/\/yoast.com\/wordpress\/plugins\/seo\/ -->\n<title>Aebi-Schmidt Cityjet 6000 - Telemet<\/title>\n<meta name=\"robots\" content=\"index, follow, max-snippet:-1, max-image-preview:large, max-video-preview:-1\" \/>\n<link rel=\"canonical\" href=\"https:\/\/telemet.com\/es\/ash-group-environment\/ash-cityjet-6000\/\" \/>\n<meta property=\"og:locale\" content=\"es_ES\" \/>\n<meta property=\"og:type\" content=\"article\" \/>\n<meta property=\"og:title\" content=\"Aebi-Schmidt Cityjet 6000 - Telemet\" \/>\n<meta property=\"og:url\" content=\"https:\/\/telemet.com\/es\/ash-group-environment\/ash-cityjet-6000\/\" \/>\n<meta property=\"og:site_name\" content=\"Telemet\" \/>\n<meta property=\"article:modified_time\" content=\"2023-08-18T13:52:05+00:00\" \/>\n<meta property=\"og:image\" content=\"https:\/\/telemet.com\/wp-content\/uploads\/2016\/11\/schmidt_cityjet_6000.jpg\" \/>\n<meta name=\"twitter:card\" content=\"summary_large_image\" \/>\n<meta name=\"twitter:label1\" content=\"Tiempo de lectura\" \/>\n\t<meta name=\"twitter:data1\" content=\"4 minutes\" \/>\n<script type=\"application\/ld+json\" class=\"yoast-schema-graph\">{\"@context\":\"https:\/\/schema.org\",\"@graph\":[{\"@type\":\"WebPage\",\"@id\":\"https:\/\/telemet.com\/es\/ash-group-environment\/ash-cityjet-6000\/\",\"url\":\"https:\/\/telemet.com\/es\/ash-group-environment\/ash-cityjet-6000\/\",\"name\":\"Aebi-Schmidt Cityjet 6000 - Telemet\",\"isPartOf\":{\"@id\":\"https:\/\/telemet.com\/es\/#website\"},\"primaryImageOfPage\":{\"@id\":\"https:\/\/telemet.com\/es\/ash-group-environment\/ash-cityjet-6000\/#primaryimage\"},\"image\":{\"@id\":\"https:\/\/telemet.com\/es\/ash-group-environment\/ash-cityjet-6000\/#primaryimage\"},\"thumbnailUrl\":\"https:\/\/telemet.com\/wp-content\/uploads\/2016\/11\/schmidt_cityjet_6000.jpg\",\"datePublished\":\"2016-11-23T01:14:19+00:00\",\"dateModified\":\"2023-08-18T13:52:05+00:00\",\"breadcrumb\":{\"@id\":\"https:\/\/telemet.com\/es\/ash-group-environment\/ash-cityjet-6000\/#breadcrumb\"},\"inLanguage\":\"es-ES\",\"potentialAction\":[{\"@type\":\"ReadAction\",\"target\":[\"https:\/\/telemet.com\/es\/ash-group-environment\/ash-cityjet-6000\/\"]}]},{\"@type\":\"ImageObject\",\"inLanguage\":\"es-ES\",\"@id\":\"https:\/\/telemet.com\/es\/ash-group-environment\/ash-cityjet-6000\/#primaryimage\",\"url\":\"https:\/\/telemet.com\/wp-content\/uploads\/2016\/11\/schmidt_cityjet_6000.jpg\",\"contentUrl\":\"https:\/\/telemet.com\/wp-content\/uploads\/2016\/11\/schmidt_cityjet_6000.jpg\"},{\"@type\":\"BreadcrumbList\",\"@id\":\"https:\/\/telemet.com\/es\/ash-group-environment\/ash-cityjet-6000\/#breadcrumb\",\"itemListElement\":[{\"@type\":\"ListItem\",\"position\":1,\"name\":\"Home\",\"item\":\"https:\/\/telemet.com\/es\/\"},{\"@type\":\"ListItem\",\"position\":2,\"name\":\"Aebi Schmidt Medio ambiente\",\"item\":\"https:\/\/telemet.com\/es\/ash-group-environment\/\"},{\"@type\":\"ListItem\",\"position\":3,\"name\":\"Aebi-Schmidt Cityjet 6000\"}]},{\"@type\":\"WebSite\",\"@id\":\"https:\/\/telemet.com\/es\/#website\",\"url\":\"https:\/\/telemet.com\/es\/\",\"name\":\"Telemet, Inc.\",\"description\":\"Efficiency through Simplicity\",\"potentialAction\":[{\"@type\":\"SearchAction\",\"target\":{\"@type\":\"EntryPoint\",\"urlTemplate\":\"https:\/\/telemet.com\/es\/?s={search_term_string}\"},\"query-input\":{\"@type\":\"PropertyValueSpecification\",\"valueRequired\":true,\"valueName\":\"search_term_string\"}}],\"inLanguage\":\"es-ES\"}]}<\/script>\n<!-- \/ Yoast SEO plugin. -->","yoast_head_json":{"title":"Aebi-Schmidt Cityjet 6000 - Telemet","robots":{"index":"index","follow":"follow","max-snippet":"max-snippet:-1","max-image-preview":"max-image-preview:large","max-video-preview":"max-video-preview:-1"},"canonical":"https:\/\/telemet.com\/es\/ash-group-environment\/ash-cityjet-6000\/","og_locale":"es_ES","og_type":"article","og_title":"Aebi-Schmidt Cityjet 6000 - Telemet","og_url":"https:\/\/telemet.com\/es\/ash-group-environment\/ash-cityjet-6000\/","og_site_name":"Telemet","article_modified_time":"2023-08-18T13:52:05+00:00","og_image":[{"url":"https:\/\/telemet.com\/wp-content\/uploads\/2016\/11\/schmidt_cityjet_6000.jpg","type":"","width":"","height":""}],"twitter_card":"summary_large_image","twitter_misc":{"Tiempo de lectura":"4 minutes"},"schema":{"@context":"https:\/\/schema.org","@graph":[{"@type":"WebPage","@id":"https:\/\/telemet.com\/es\/ash-group-environment\/ash-cityjet-6000\/","url":"https:\/\/telemet.com\/es\/ash-group-environment\/ash-cityjet-6000\/","name":"Aebi-Schmidt Cityjet 6000 - Telemet","isPartOf":{"@id":"https:\/\/telemet.com\/es\/#website"},"primaryImageOfPage":{"@id":"https:\/\/telemet.com\/es\/ash-group-environment\/ash-cityjet-6000\/#primaryimage"},"image":{"@id":"https:\/\/telemet.com\/es\/ash-group-environment\/ash-cityjet-6000\/#primaryimage"},"thumbnailUrl":"https:\/\/telemet.com\/wp-content\/uploads\/2016\/11\/schmidt_cityjet_6000.jpg","datePublished":"2016-11-23T01:14:19+00:00","dateModified":"2023-08-18T13:52:05+00:00","breadcrumb":{"@id":"https:\/\/telemet.com\/es\/ash-group-environment\/ash-cityjet-6000\/#breadcrumb"},"inLanguage":"es-ES","potentialAction":[{"@type":"ReadAction","target":["https:\/\/telemet.com\/es\/ash-group-environment\/ash-cityjet-6000\/"]}]},{"@type":"ImageObject","inLanguage":"es-ES","@id":"https:\/\/telemet.com\/es\/ash-group-environment\/ash-cityjet-6000\/#primaryimage","url":"https:\/\/telemet.com\/wp-content\/uploads\/2016\/11\/schmidt_cityjet_6000.jpg","contentUrl":"https:\/\/telemet.com\/wp-content\/uploads\/2016\/11\/schmidt_cityjet_6000.jpg"},{"@type":"BreadcrumbList","@id":"https:\/\/telemet.com\/es\/ash-group-environment\/ash-cityjet-6000\/#breadcrumb","itemListElement":[{"@type":"ListItem","position":1,"name":"Home","item":"https:\/\/telemet.com\/es\/"},{"@type":"ListItem","position":2,"name":"Aebi Schmidt Medio ambiente","item":"https:\/\/telemet.com\/es\/ash-group-environment\/"},{"@type":"ListItem","position":3,"name":"Aebi-Schmidt Cityjet 6000"}]},{"@type":"WebSite","@id":"https:\/\/telemet.com\/es\/#website","url":"https:\/\/telemet.com\/es\/","name":"Telemet, Inc.","description":"Efficiency through Simplicity","potentialAction":[{"@type":"SearchAction","target":{"@type":"EntryPoint","urlTemplate":"https:\/\/telemet.com\/es\/?s={search_term_string}"},"query-input":{"@type":"PropertyValueSpecification","valueRequired":true,"valueName":"search_term_string"}}],"inLanguage":"es-ES"}]}},"_links":{"self":[{"href":"https:\/\/telemet.com\/es\/wp-json\/wp\/v2\/pages\/7504","targetHints":{"allow":["GET"]}}],"collection":[{"href":"https:\/\/telemet.com\/es\/wp-json\/wp\/v2\/pages"}],"about":[{"href":"https:\/\/telemet.com\/es\/wp-json\/wp\/v2\/types\/page"}],"author":[{"embeddable":true,"href":"https:\/\/telemet.com\/es\/wp-json\/wp\/v2\/users\/1"}],"replies":[{"embeddable":true,"href":"https:\/\/telemet.com\/es\/wp-json\/wp\/v2\/comments?post=7504"}],"version-history":[{"count":3,"href":"https:\/\/telemet.com\/es\/wp-json\/wp\/v2\/pages\/7504\/revisions"}],"predecessor-version":[{"id":14117,"href":"https:\/\/telemet.com\/es\/wp-json\/wp\/v2\/pages\/7504\/revisions\/14117"}],"up":[{"embeddable":true,"href":"https:\/\/telemet.com\/es\/wp-json\/wp\/v2\/pages\/7515"}],"wp:attachment":[{"href":"https:\/\/telemet.com\/es\/wp-json\/wp\/v2\/media?parent=7504"}],"curies":[{"name":"wp","href":"https:\/\/api.w.org\/{rel}","templated":true}]}}