{"id":7513,"date":"2016-11-23T01:22:57","date_gmt":"2016-11-23T01:22:47","guid":{"rendered":"http:\/\/telemet.com\/es\/ash-cityjet-3000\/"},"modified":"2023-08-18T13:52:20","modified_gmt":"2023-08-18T13:52:20","slug":"ash-cityjet-3000","status":"publish","type":"page","link":"https:\/\/telemet.com\/es\/ash-group-environment\/ash-cityjet-3000\/","title":{"rendered":"Aebi-Schmidt Cityjet 3000"},"content":{"rendered":"<div class=\"fusion-fullwidth fullwidth-box fusion-builder-row-1 nonhundred-percent-fullwidth non-hundred-percent-height-scrolling\" style=\"--awb-background-position:left top;--awb-border-radius-top-left:0px;--awb-border-radius-top-right:0px;--awb-border-radius-bottom-right:0px;--awb-border-radius-bottom-left:0px;--awb-padding-top:0px;--awb-padding-bottom:20px;--awb-border-sizes-top:0px;--awb-border-sizes-bottom:0px;--awb-flex-wrap:wrap;\" ><div class=\"fusion-builder-row fusion-row\"><div class=\"fusion-layout-column fusion_builder_column fusion-builder-column-0 fusion_builder_column_1_1 1_1 fusion-one-full fusion-column-first fusion-column-last fusion-column-no-min-height\" style=\"--awb-bg-size:cover;--awb-margin-top:0px;--awb-margin-bottom:0px;\"><div class=\"fusion-column-wrapper fusion-flex-column-wrapper-legacy\"><div class=\"fusion-image-element fusion-image-align-center in-legacy-container\" style=\"text-align:center;--awb-caption-title-font-family:var(--h2_typography-font-family);--awb-caption-title-font-weight:var(--h2_typography-font-weight);--awb-caption-title-font-style:var(--h2_typography-font-style);--awb-caption-title-size:var(--h2_typography-font-size);--awb-caption-title-transform:var(--h2_typography-text-transform);--awb-caption-title-line-height:var(--h2_typography-line-height);--awb-caption-title-letter-spacing:var(--h2_typography-letter-spacing);\"><div class=\"imageframe-align-center\"><span class=\" fusion-imageframe imageframe-none imageframe-1 hover-type-none\"><img decoding=\"async\" width=\"900\" height=\"600\" title=\"cityjet3000\" src=\"https:\/\/telemet.com\/wp-content\/uploads\/2016\/11\/cityjet3000.jpg\" alt class=\"img-responsive wp-image-14123\" srcset=\"https:\/\/telemet.com\/wp-content\/uploads\/2016\/11\/cityjet3000-200x133.jpg 200w, https:\/\/telemet.com\/wp-content\/uploads\/2016\/11\/cityjet3000-400x267.jpg 400w, https:\/\/telemet.com\/wp-content\/uploads\/2016\/11\/cityjet3000-600x400.jpg 600w, https:\/\/telemet.com\/wp-content\/uploads\/2016\/11\/cityjet3000-800x533.jpg 800w, https:\/\/telemet.com\/wp-content\/uploads\/2016\/11\/cityjet3000.jpg 900w\" sizes=\"(max-width: 800px) 100vw, 900px\" \/><\/span><\/div><\/div><div class=\"fusion-sep-clear\"><\/div><div class=\"fusion-separator fusion-full-width-sep\" style=\"margin-left: auto;margin-right: auto;margin-top:20px;width:100%;\"><\/div><div class=\"fusion-sep-clear\"><\/div><div class=\"fusion-align-block\"><a class=\"fusion-button button-flat button-xlarge button-default fusion-button-default button-1 fusion-button-default-span \" style=\"width:calc(100%);\" target=\"_blank\" rel=\"noopener noreferrer\" title=\"Download Brochure\" aria-label=\"Download Brochure\" href=\"\/wp-content\/uploads\/2016\/11\/LS_Cityjet3000_en.pdf\"><span class=\"fusion-button-text awb-button__text awb-button__text--default\">Download Brochure (PDF)<\/span><i class=\" fa fa-file-pdf-o awb-button__icon awb-button__icon--default button-icon-right\" aria-hidden=\"true\"><\/i><\/a><\/div><div class=\"fusion-sep-clear\"><\/div><div class=\"fusion-separator fusion-full-width-sep\" style=\"margin-left: auto;margin-right: auto;margin-top:20px;width:100%;\"><\/div><div class=\"fusion-sep-clear\"><\/div><div class=\"fusion-text fusion-text-1\"><p>Las limpiadoras de calles se utilizan donde se produce una contaminaci\u00f3n repetida y frecuente, por ejemplo en plazas de mercado o dentro de instalaciones industriales. En condiciones de mucho polvo o para contaminantes tenaces nuestras limpiadoras de calles, que operan utilizando s\u00f3lo agua, son un complemento importante de una barredora normal. Se utilizan sobre todo en zonas urbanas, pero en principio se pueden utilizar en cualquier sitio.<br \/>\nLa City Jet 3000 ofrece las mejores perspectivas para los desaf\u00edos m\u00e1s variados en actuaciones municipales: las m\u00e1quinas, sencillas de manejar, trabajan de forma muy eficaz y econ\u00f3mica. Hay disponibles versiones que limpian utilizando fundamentalmente agua fr\u00eda o agua caliente.<br \/>\nEl dep\u00f3sito de agua, construido en acero inoxidable, tiene en ambas m\u00e1quinas un volumen de agua de 2.200 litros. En la versi\u00f3n b\u00e1sica se utiliza como est\u00e1ndar una bomba con presi\u00f3n de agua de 70 bares y un consumo de 130 l\/min. La versi\u00f3n opcional de gran presi\u00f3n tiene una bomba de agua de 300 bares a 70 l\/min.<\/p>\n<h3>La City Jet 3000 \u201cagua caliente\u201d<\/h3>\n<p>Esta versi\u00f3n se recomienda para zonas y sustratos especialmente sensibles. En lugar de operar utilizando alta presi\u00f3n limpia a una temperatura del agua de 90 grados. El dep\u00f3sito de acero inoxidable de esta limpiadora de calles especializada almacena 2000 l de agua.<br \/>\nTodas las m\u00e1quinas presentan una gran comodidad de uso y respetan el medio ambiente. Por su corta distancia entre ejes estas m\u00e1quinas tienen una maniobrabilidad m\u00e1xima. Las opciones de giro para las barras atomizadoras a la derecha o a la izquierda, y la opci\u00f3n de configuraci\u00f3n individual para el \u00e1ngulo de la boquilla de atomizaci\u00f3n, proporcionan una gran flexibilidad y una ventaja sobre todo al limpiar viales con curvas.<br \/>\nLas barras de atomizaci\u00f3n telesc\u00f3picas permiten una anchura de lavado de hasta 3000 mm. La cabina de vidrio para dos personas proporciona visibilidad en todas direcciones, y por tanto un alto nivel de seguridad. El funcionamiento interior, insonorizado y provisto de calefacci\u00f3n, se caracteriza por muchos detalles de dise\u00f1o ergon\u00f3mico, como columna de direcci\u00f3n ajustable en altura e inclinaci\u00f3n, un asiento ortop\u00e9dico del conductor y unidades de control f\u00e1ciles de manejar.<br \/>\nTodos los veh\u00edculos est\u00e1n accionados por un motor di\u00e9sel silencioso, de cuatro cilindros y de \u00faltima generaci\u00f3n. En la fase EuroMot 3B, o alternativamente la fase Euro 6, los motores di\u00e9sel se caracterizan por niveles de emisi\u00f3n m\u00ednimos. El dep\u00f3sito di\u00e9sel incorporado contiene 64 litros.<\/p>\n<\/div><div class=\"fusion-clearfix\"><\/div><\/div><\/div><\/div><\/div>\n","protected":false},"excerpt":{"rendered":"","protected":false},"author":1,"featured_media":0,"parent":7515,"menu_order":17,"comment_status":"closed","ping_status":"closed","template":"side-navigation.php","meta":{"footnotes":""},"class_list":["post-7513","page","type-page","status-publish","hentry"],"yoast_head":"<!-- This site is optimized with the Yoast SEO plugin v26.2 - https:\/\/yoast.com\/wordpress\/plugins\/seo\/ -->\n<title>Aebi-Schmidt Cityjet 3000 - Telemet<\/title>\n<meta name=\"robots\" content=\"index, follow, max-snippet:-1, max-image-preview:large, max-video-preview:-1\" \/>\n<link rel=\"canonical\" href=\"https:\/\/telemet.com\/es\/ash-group-environment\/ash-cityjet-3000\/\" \/>\n<meta property=\"og:locale\" content=\"es_ES\" \/>\n<meta property=\"og:type\" content=\"article\" \/>\n<meta property=\"og:title\" content=\"Aebi-Schmidt Cityjet 3000 - Telemet\" \/>\n<meta property=\"og:url\" content=\"https:\/\/telemet.com\/es\/ash-group-environment\/ash-cityjet-3000\/\" \/>\n<meta property=\"og:site_name\" content=\"Telemet\" \/>\n<meta property=\"article:modified_time\" content=\"2023-08-18T13:52:20+00:00\" \/>\n<meta property=\"og:image\" content=\"https:\/\/telemet.com\/wp-content\/uploads\/2016\/11\/cityjet3000.jpg\" \/>\n<meta name=\"twitter:card\" content=\"summary_large_image\" \/>\n<meta name=\"twitter:label1\" content=\"Tiempo de lectura\" \/>\n\t<meta name=\"twitter:data1\" content=\"4 minutes\" \/>\n<script type=\"application\/ld+json\" class=\"yoast-schema-graph\">{\"@context\":\"https:\/\/schema.org\",\"@graph\":[{\"@type\":\"WebPage\",\"@id\":\"https:\/\/telemet.com\/es\/ash-group-environment\/ash-cityjet-3000\/\",\"url\":\"https:\/\/telemet.com\/es\/ash-group-environment\/ash-cityjet-3000\/\",\"name\":\"Aebi-Schmidt Cityjet 3000 - Telemet\",\"isPartOf\":{\"@id\":\"https:\/\/telemet.com\/es\/#website\"},\"primaryImageOfPage\":{\"@id\":\"https:\/\/telemet.com\/es\/ash-group-environment\/ash-cityjet-3000\/#primaryimage\"},\"image\":{\"@id\":\"https:\/\/telemet.com\/es\/ash-group-environment\/ash-cityjet-3000\/#primaryimage\"},\"thumbnailUrl\":\"https:\/\/telemet.com\/wp-content\/uploads\/2016\/11\/cityjet3000.jpg\",\"datePublished\":\"2016-11-23T01:22:47+00:00\",\"dateModified\":\"2023-08-18T13:52:20+00:00\",\"breadcrumb\":{\"@id\":\"https:\/\/telemet.com\/es\/ash-group-environment\/ash-cityjet-3000\/#breadcrumb\"},\"inLanguage\":\"es-ES\",\"potentialAction\":[{\"@type\":\"ReadAction\",\"target\":[\"https:\/\/telemet.com\/es\/ash-group-environment\/ash-cityjet-3000\/\"]}]},{\"@type\":\"ImageObject\",\"inLanguage\":\"es-ES\",\"@id\":\"https:\/\/telemet.com\/es\/ash-group-environment\/ash-cityjet-3000\/#primaryimage\",\"url\":\"https:\/\/telemet.com\/wp-content\/uploads\/2016\/11\/cityjet3000.jpg\",\"contentUrl\":\"https:\/\/telemet.com\/wp-content\/uploads\/2016\/11\/cityjet3000.jpg\"},{\"@type\":\"BreadcrumbList\",\"@id\":\"https:\/\/telemet.com\/es\/ash-group-environment\/ash-cityjet-3000\/#breadcrumb\",\"itemListElement\":[{\"@type\":\"ListItem\",\"position\":1,\"name\":\"Home\",\"item\":\"https:\/\/telemet.com\/es\/\"},{\"@type\":\"ListItem\",\"position\":2,\"name\":\"Aebi Schmidt Medio ambiente\",\"item\":\"https:\/\/telemet.com\/es\/ash-group-environment\/\"},{\"@type\":\"ListItem\",\"position\":3,\"name\":\"Aebi-Schmidt Cityjet 3000\"}]},{\"@type\":\"WebSite\",\"@id\":\"https:\/\/telemet.com\/es\/#website\",\"url\":\"https:\/\/telemet.com\/es\/\",\"name\":\"Telemet, Inc.\",\"description\":\"Efficiency through Simplicity\",\"potentialAction\":[{\"@type\":\"SearchAction\",\"target\":{\"@type\":\"EntryPoint\",\"urlTemplate\":\"https:\/\/telemet.com\/es\/?s={search_term_string}\"},\"query-input\":{\"@type\":\"PropertyValueSpecification\",\"valueRequired\":true,\"valueName\":\"search_term_string\"}}],\"inLanguage\":\"es-ES\"}]}<\/script>\n<!-- \/ Yoast SEO plugin. -->","yoast_head_json":{"title":"Aebi-Schmidt Cityjet 3000 - Telemet","robots":{"index":"index","follow":"follow","max-snippet":"max-snippet:-1","max-image-preview":"max-image-preview:large","max-video-preview":"max-video-preview:-1"},"canonical":"https:\/\/telemet.com\/es\/ash-group-environment\/ash-cityjet-3000\/","og_locale":"es_ES","og_type":"article","og_title":"Aebi-Schmidt Cityjet 3000 - Telemet","og_url":"https:\/\/telemet.com\/es\/ash-group-environment\/ash-cityjet-3000\/","og_site_name":"Telemet","article_modified_time":"2023-08-18T13:52:20+00:00","og_image":[{"url":"https:\/\/telemet.com\/wp-content\/uploads\/2016\/11\/cityjet3000.jpg","type":"","width":"","height":""}],"twitter_card":"summary_large_image","twitter_misc":{"Tiempo de lectura":"4 minutes"},"schema":{"@context":"https:\/\/schema.org","@graph":[{"@type":"WebPage","@id":"https:\/\/telemet.com\/es\/ash-group-environment\/ash-cityjet-3000\/","url":"https:\/\/telemet.com\/es\/ash-group-environment\/ash-cityjet-3000\/","name":"Aebi-Schmidt Cityjet 3000 - Telemet","isPartOf":{"@id":"https:\/\/telemet.com\/es\/#website"},"primaryImageOfPage":{"@id":"https:\/\/telemet.com\/es\/ash-group-environment\/ash-cityjet-3000\/#primaryimage"},"image":{"@id":"https:\/\/telemet.com\/es\/ash-group-environment\/ash-cityjet-3000\/#primaryimage"},"thumbnailUrl":"https:\/\/telemet.com\/wp-content\/uploads\/2016\/11\/cityjet3000.jpg","datePublished":"2016-11-23T01:22:47+00:00","dateModified":"2023-08-18T13:52:20+00:00","breadcrumb":{"@id":"https:\/\/telemet.com\/es\/ash-group-environment\/ash-cityjet-3000\/#breadcrumb"},"inLanguage":"es-ES","potentialAction":[{"@type":"ReadAction","target":["https:\/\/telemet.com\/es\/ash-group-environment\/ash-cityjet-3000\/"]}]},{"@type":"ImageObject","inLanguage":"es-ES","@id":"https:\/\/telemet.com\/es\/ash-group-environment\/ash-cityjet-3000\/#primaryimage","url":"https:\/\/telemet.com\/wp-content\/uploads\/2016\/11\/cityjet3000.jpg","contentUrl":"https:\/\/telemet.com\/wp-content\/uploads\/2016\/11\/cityjet3000.jpg"},{"@type":"BreadcrumbList","@id":"https:\/\/telemet.com\/es\/ash-group-environment\/ash-cityjet-3000\/#breadcrumb","itemListElement":[{"@type":"ListItem","position":1,"name":"Home","item":"https:\/\/telemet.com\/es\/"},{"@type":"ListItem","position":2,"name":"Aebi Schmidt Medio ambiente","item":"https:\/\/telemet.com\/es\/ash-group-environment\/"},{"@type":"ListItem","position":3,"name":"Aebi-Schmidt Cityjet 3000"}]},{"@type":"WebSite","@id":"https:\/\/telemet.com\/es\/#website","url":"https:\/\/telemet.com\/es\/","name":"Telemet, Inc.","description":"Efficiency through Simplicity","potentialAction":[{"@type":"SearchAction","target":{"@type":"EntryPoint","urlTemplate":"https:\/\/telemet.com\/es\/?s={search_term_string}"},"query-input":{"@type":"PropertyValueSpecification","valueRequired":true,"valueName":"search_term_string"}}],"inLanguage":"es-ES"}]}},"_links":{"self":[{"href":"https:\/\/telemet.com\/es\/wp-json\/wp\/v2\/pages\/7513","targetHints":{"allow":["GET"]}}],"collection":[{"href":"https:\/\/telemet.com\/es\/wp-json\/wp\/v2\/pages"}],"about":[{"href":"https:\/\/telemet.com\/es\/wp-json\/wp\/v2\/types\/page"}],"author":[{"embeddable":true,"href":"https:\/\/telemet.com\/es\/wp-json\/wp\/v2\/users\/1"}],"replies":[{"embeddable":true,"href":"https:\/\/telemet.com\/es\/wp-json\/wp\/v2\/comments?post=7513"}],"version-history":[{"count":3,"href":"https:\/\/telemet.com\/es\/wp-json\/wp\/v2\/pages\/7513\/revisions"}],"predecessor-version":[{"id":14121,"href":"https:\/\/telemet.com\/es\/wp-json\/wp\/v2\/pages\/7513\/revisions\/14121"}],"up":[{"embeddable":true,"href":"https:\/\/telemet.com\/es\/wp-json\/wp\/v2\/pages\/7515"}],"wp:attachment":[{"href":"https:\/\/telemet.com\/es\/wp-json\/wp\/v2\/media?parent=7513"}],"curies":[{"name":"wp","href":"https:\/\/api.w.org\/{rel}","templated":true}]}}