{"id":7523,"date":"2016-11-23T02:01:57","date_gmt":"2016-11-23T02:01:56","guid":{"rendered":"http:\/\/telemet.com\/es\/ash-group-multipurpose\/ash-rps-h\/"},"modified":"2023-08-18T13:42:31","modified_gmt":"2023-08-18T13:42:31","slug":"ash-rps-h","status":"publish","type":"page","link":"https:\/\/telemet.com\/es\/ash-group-multipurpose\/ash-rps-h\/","title":{"rendered":"Aebi-Schmidt RPS-H"},"content":{"rendered":"<div class=\"fusion-fullwidth fullwidth-box fusion-builder-row-1 nonhundred-percent-fullwidth non-hundred-percent-height-scrolling\" style=\"--awb-background-position:left top;--awb-border-radius-top-left:0px;--awb-border-radius-top-right:0px;--awb-border-radius-bottom-right:0px;--awb-border-radius-bottom-left:0px;--awb-padding-top:0px;--awb-padding-bottom:20px;--awb-border-sizes-top:0px;--awb-border-sizes-bottom:0px;--awb-flex-wrap:wrap;\" ><div class=\"fusion-builder-row fusion-row\"><div class=\"fusion-layout-column fusion_builder_column fusion-builder-column-0 fusion_builder_column_1_1 1_1 fusion-one-full fusion-column-first fusion-column-last fusion-column-no-min-height\" style=\"--awb-bg-size:cover;--awb-margin-top:0px;--awb-margin-bottom:0px;\"><div class=\"fusion-column-wrapper fusion-flex-column-wrapper-legacy\"><div class=\"fusion-image-element fusion-image-align-center in-legacy-container\" style=\"text-align:center;--awb-caption-title-font-family:var(--h2_typography-font-family);--awb-caption-title-font-weight:var(--h2_typography-font-weight);--awb-caption-title-font-style:var(--h2_typography-font-style);--awb-caption-title-size:var(--h2_typography-font-size);--awb-caption-title-transform:var(--h2_typography-text-transform);--awb-caption-title-line-height:var(--h2_typography-line-height);--awb-caption-title-letter-spacing:var(--h2_typography-letter-spacing);\"><div class=\"imageframe-align-center\"><span class=\" fusion-imageframe imageframe-none imageframe-1 hover-type-none\"><img decoding=\"async\" width=\"800\" height=\"600\" title=\"rps_h_arion\" src=\"https:\/\/telemet.com\/wp-content\/uploads\/2016\/11\/RPS_H_arion.jpg\" alt class=\"img-responsive wp-image-13979\" srcset=\"https:\/\/telemet.com\/wp-content\/uploads\/2016\/11\/RPS_H_arion-200x150.jpg 200w, https:\/\/telemet.com\/wp-content\/uploads\/2016\/11\/RPS_H_arion-400x300.jpg 400w, https:\/\/telemet.com\/wp-content\/uploads\/2016\/11\/RPS_H_arion-600x450.jpg 600w, https:\/\/telemet.com\/wp-content\/uploads\/2016\/11\/RPS_H_arion.jpg 800w\" sizes=\"(max-width: 800px) 100vw, 800px\" \/><\/span><\/div><\/div><div class=\"fusion-sep-clear\"><\/div><div class=\"fusion-separator fusion-full-width-sep\" style=\"margin-left: auto;margin-right: auto;margin-top:20px;width:100%;\"><\/div><div class=\"fusion-sep-clear\"><\/div><div class=\"fusion-text fusion-text-1\"><p>El Limpia-hitos RPS-H limpia f\u00e1cilmente no solo hitos si no tambi\u00e9n biondas. La particular construcci\u00f3n de la extensi\u00f3n del brazo (de f\u00e1cil montaje) facilita la limpieza de los hitos que est\u00e1n montados detr\u00e1s de las biondas y pueden ser de dif\u00edcil acceso. El limpiador esta situado en frente y al lado y as\u00ed permite excelente visibilidad en todo momento. Los cepillos pueden ser colocados en posici\u00f3n de trabajo r\u00e1pida y f\u00e1cilmente.<br \/>\nLa transmisi\u00f3n de los cepillos giratorios hace posible preseleccionar la direcci\u00f3n y la velocidad de rotaci\u00f3n de los cepillos. El proceso de limpieza empieza a trav\u00e9s de una consola de control dise\u00f1ada ergon\u00f3micamente que funciona autom\u00e1ticamente. El consumo de agua es minimizada, ya que el agua solo se toma cuando los cepillos empiezan a rotar. El sensor hace posible que los cepillos roten sin tocar el suelo, evitando as\u00ed remover la suciedad del suelo.<\/p>\n<\/div><div class=\"fusion-clearfix\"><\/div><\/div><\/div><\/div><\/div>\n","protected":false},"excerpt":{"rendered":"","protected":false},"author":1,"featured_media":0,"parent":6625,"menu_order":3,"comment_status":"closed","ping_status":"closed","template":"side-navigation.php","meta":{"footnotes":""},"class_list":["post-7523","page","type-page","status-publish","hentry"],"yoast_head":"<!-- This site is optimized with the Yoast SEO plugin v26.2 - https:\/\/yoast.com\/wordpress\/plugins\/seo\/ -->\n<title>Aebi-Schmidt RPS-H - Telemet<\/title>\n<meta name=\"robots\" content=\"index, follow, max-snippet:-1, max-image-preview:large, max-video-preview:-1\" \/>\n<link rel=\"canonical\" href=\"https:\/\/telemet.com\/es\/ash-group-multipurpose\/ash-rps-h\/\" \/>\n<meta property=\"og:locale\" content=\"es_ES\" \/>\n<meta property=\"og:type\" content=\"article\" \/>\n<meta property=\"og:title\" content=\"Aebi-Schmidt RPS-H - Telemet\" \/>\n<meta property=\"og:url\" content=\"https:\/\/telemet.com\/es\/ash-group-multipurpose\/ash-rps-h\/\" \/>\n<meta property=\"og:site_name\" content=\"Telemet\" \/>\n<meta property=\"article:modified_time\" content=\"2023-08-18T13:42:31+00:00\" \/>\n<meta property=\"og:image\" content=\"https:\/\/telemet.com\/wp-content\/uploads\/2016\/11\/RPS_H_arion.jpg\" \/>\n<meta name=\"twitter:card\" content=\"summary_large_image\" \/>\n<meta name=\"twitter:label1\" content=\"Tiempo de lectura\" \/>\n\t<meta name=\"twitter:data1\" content=\"2 minutes\" \/>\n<script type=\"application\/ld+json\" class=\"yoast-schema-graph\">{\"@context\":\"https:\/\/schema.org\",\"@graph\":[{\"@type\":\"WebPage\",\"@id\":\"https:\/\/telemet.com\/es\/ash-group-multipurpose\/ash-rps-h\/\",\"url\":\"https:\/\/telemet.com\/es\/ash-group-multipurpose\/ash-rps-h\/\",\"name\":\"Aebi-Schmidt RPS-H - Telemet\",\"isPartOf\":{\"@id\":\"https:\/\/telemet.com\/es\/#website\"},\"primaryImageOfPage\":{\"@id\":\"https:\/\/telemet.com\/es\/ash-group-multipurpose\/ash-rps-h\/#primaryimage\"},\"image\":{\"@id\":\"https:\/\/telemet.com\/es\/ash-group-multipurpose\/ash-rps-h\/#primaryimage\"},\"thumbnailUrl\":\"https:\/\/telemet.com\/wp-content\/uploads\/2016\/11\/RPS_H_arion.jpg\",\"datePublished\":\"2016-11-23T02:01:56+00:00\",\"dateModified\":\"2023-08-18T13:42:31+00:00\",\"breadcrumb\":{\"@id\":\"https:\/\/telemet.com\/es\/ash-group-multipurpose\/ash-rps-h\/#breadcrumb\"},\"inLanguage\":\"es-ES\",\"potentialAction\":[{\"@type\":\"ReadAction\",\"target\":[\"https:\/\/telemet.com\/es\/ash-group-multipurpose\/ash-rps-h\/\"]}]},{\"@type\":\"ImageObject\",\"inLanguage\":\"es-ES\",\"@id\":\"https:\/\/telemet.com\/es\/ash-group-multipurpose\/ash-rps-h\/#primaryimage\",\"url\":\"https:\/\/telemet.com\/wp-content\/uploads\/2016\/11\/RPS_H_arion.jpg\",\"contentUrl\":\"https:\/\/telemet.com\/wp-content\/uploads\/2016\/11\/RPS_H_arion.jpg\"},{\"@type\":\"BreadcrumbList\",\"@id\":\"https:\/\/telemet.com\/es\/ash-group-multipurpose\/ash-rps-h\/#breadcrumb\",\"itemListElement\":[{\"@type\":\"ListItem\",\"position\":1,\"name\":\"Home\",\"item\":\"https:\/\/telemet.com\/es\/\"},{\"@type\":\"ListItem\",\"position\":2,\"name\":\"Aebi Schmidt Multipurpose\",\"item\":\"https:\/\/telemet.com\/es\/ash-group-multipurpose\/\"},{\"@type\":\"ListItem\",\"position\":3,\"name\":\"Aebi-Schmidt RPS-H\"}]},{\"@type\":\"WebSite\",\"@id\":\"https:\/\/telemet.com\/es\/#website\",\"url\":\"https:\/\/telemet.com\/es\/\",\"name\":\"Telemet, Inc.\",\"description\":\"Efficiency through Simplicity\",\"potentialAction\":[{\"@type\":\"SearchAction\",\"target\":{\"@type\":\"EntryPoint\",\"urlTemplate\":\"https:\/\/telemet.com\/es\/?s={search_term_string}\"},\"query-input\":{\"@type\":\"PropertyValueSpecification\",\"valueRequired\":true,\"valueName\":\"search_term_string\"}}],\"inLanguage\":\"es-ES\"}]}<\/script>\n<!-- \/ Yoast SEO plugin. -->","yoast_head_json":{"title":"Aebi-Schmidt RPS-H - Telemet","robots":{"index":"index","follow":"follow","max-snippet":"max-snippet:-1","max-image-preview":"max-image-preview:large","max-video-preview":"max-video-preview:-1"},"canonical":"https:\/\/telemet.com\/es\/ash-group-multipurpose\/ash-rps-h\/","og_locale":"es_ES","og_type":"article","og_title":"Aebi-Schmidt RPS-H - Telemet","og_url":"https:\/\/telemet.com\/es\/ash-group-multipurpose\/ash-rps-h\/","og_site_name":"Telemet","article_modified_time":"2023-08-18T13:42:31+00:00","og_image":[{"url":"https:\/\/telemet.com\/wp-content\/uploads\/2016\/11\/RPS_H_arion.jpg","type":"","width":"","height":""}],"twitter_card":"summary_large_image","twitter_misc":{"Tiempo de lectura":"2 minutes"},"schema":{"@context":"https:\/\/schema.org","@graph":[{"@type":"WebPage","@id":"https:\/\/telemet.com\/es\/ash-group-multipurpose\/ash-rps-h\/","url":"https:\/\/telemet.com\/es\/ash-group-multipurpose\/ash-rps-h\/","name":"Aebi-Schmidt RPS-H - Telemet","isPartOf":{"@id":"https:\/\/telemet.com\/es\/#website"},"primaryImageOfPage":{"@id":"https:\/\/telemet.com\/es\/ash-group-multipurpose\/ash-rps-h\/#primaryimage"},"image":{"@id":"https:\/\/telemet.com\/es\/ash-group-multipurpose\/ash-rps-h\/#primaryimage"},"thumbnailUrl":"https:\/\/telemet.com\/wp-content\/uploads\/2016\/11\/RPS_H_arion.jpg","datePublished":"2016-11-23T02:01:56+00:00","dateModified":"2023-08-18T13:42:31+00:00","breadcrumb":{"@id":"https:\/\/telemet.com\/es\/ash-group-multipurpose\/ash-rps-h\/#breadcrumb"},"inLanguage":"es-ES","potentialAction":[{"@type":"ReadAction","target":["https:\/\/telemet.com\/es\/ash-group-multipurpose\/ash-rps-h\/"]}]},{"@type":"ImageObject","inLanguage":"es-ES","@id":"https:\/\/telemet.com\/es\/ash-group-multipurpose\/ash-rps-h\/#primaryimage","url":"https:\/\/telemet.com\/wp-content\/uploads\/2016\/11\/RPS_H_arion.jpg","contentUrl":"https:\/\/telemet.com\/wp-content\/uploads\/2016\/11\/RPS_H_arion.jpg"},{"@type":"BreadcrumbList","@id":"https:\/\/telemet.com\/es\/ash-group-multipurpose\/ash-rps-h\/#breadcrumb","itemListElement":[{"@type":"ListItem","position":1,"name":"Home","item":"https:\/\/telemet.com\/es\/"},{"@type":"ListItem","position":2,"name":"Aebi Schmidt Multipurpose","item":"https:\/\/telemet.com\/es\/ash-group-multipurpose\/"},{"@type":"ListItem","position":3,"name":"Aebi-Schmidt RPS-H"}]},{"@type":"WebSite","@id":"https:\/\/telemet.com\/es\/#website","url":"https:\/\/telemet.com\/es\/","name":"Telemet, Inc.","description":"Efficiency through Simplicity","potentialAction":[{"@type":"SearchAction","target":{"@type":"EntryPoint","urlTemplate":"https:\/\/telemet.com\/es\/?s={search_term_string}"},"query-input":{"@type":"PropertyValueSpecification","valueRequired":true,"valueName":"search_term_string"}}],"inLanguage":"es-ES"}]}},"_links":{"self":[{"href":"https:\/\/telemet.com\/es\/wp-json\/wp\/v2\/pages\/7523","targetHints":{"allow":["GET"]}}],"collection":[{"href":"https:\/\/telemet.com\/es\/wp-json\/wp\/v2\/pages"}],"about":[{"href":"https:\/\/telemet.com\/es\/wp-json\/wp\/v2\/types\/page"}],"author":[{"embeddable":true,"href":"https:\/\/telemet.com\/es\/wp-json\/wp\/v2\/users\/1"}],"replies":[{"embeddable":true,"href":"https:\/\/telemet.com\/es\/wp-json\/wp\/v2\/comments?post=7523"}],"version-history":[{"count":3,"href":"https:\/\/telemet.com\/es\/wp-json\/wp\/v2\/pages\/7523\/revisions"}],"predecessor-version":[{"id":13978,"href":"https:\/\/telemet.com\/es\/wp-json\/wp\/v2\/pages\/7523\/revisions\/13978"}],"up":[{"embeddable":true,"href":"https:\/\/telemet.com\/es\/wp-json\/wp\/v2\/pages\/6625"}],"wp:attachment":[{"href":"https:\/\/telemet.com\/es\/wp-json\/wp\/v2\/media?parent=7523"}],"curies":[{"name":"wp","href":"https:\/\/api.w.org\/{rel}","templated":true}]}}