{"id":7543,"date":"2016-11-23T11:20:13","date_gmt":"2016-11-23T11:20:06","guid":{"rendered":"http:\/\/telemet.com\/es\/ash-group-multipurpose\/ash-tp48p\/"},"modified":"2023-08-18T13:34:37","modified_gmt":"2023-08-18T13:34:37","slug":"ash-tp410","status":"publish","type":"page","link":"https:\/\/telemet.com\/es\/ash-group-multipurpose\/ash-tp410\/","title":{"rendered":"Aebi-Schmidt TP410"},"content":{"rendered":"<div class=\"fusion-fullwidth fullwidth-box fusion-builder-row-1 nonhundred-percent-fullwidth non-hundred-percent-height-scrolling\" style=\"--awb-background-position:left top;--awb-border-sizes-top:0px;--awb-border-sizes-bottom:0px;--awb-border-sizes-left:0px;--awb-border-sizes-right:0px;--awb-border-radius-top-left:0px;--awb-border-radius-top-right:0px;--awb-border-radius-bottom-right:0px;--awb-border-radius-bottom-left:0px;--awb-padding-top:0px;--awb-padding-bottom:20px;--awb-flex-wrap:wrap;\" ><div class=\"fusion-builder-row fusion-row\"><div class=\"fusion-layout-column fusion_builder_column fusion-builder-column-0 fusion_builder_column_1_1 1_1 fusion-one-full fusion-column-first fusion-column-last fusion-column-no-min-height\" style=\"--awb-bg-size:cover;--awb-margin-top:0px;--awb-margin-bottom:0px;\"><div class=\"fusion-column-wrapper fusion-flex-column-wrapper-legacy\"><div class=\"fusion-image-element fusion-image-align-center in-legacy-container\" style=\"text-align:center;--awb-caption-title-font-family:var(--h2_typography-font-family);--awb-caption-title-font-weight:var(--h2_typography-font-weight);--awb-caption-title-font-style:var(--h2_typography-font-style);--awb-caption-title-size:var(--h2_typography-font-size);--awb-caption-title-transform:var(--h2_typography-text-transform);--awb-caption-title-line-height:var(--h2_typography-line-height);--awb-caption-title-letter-spacing:var(--h2_typography-letter-spacing);\"><div class=\"imageframe-align-center\"><span class=\" fusion-imageframe imageframe-none imageframe-1 hover-type-none\"><img decoding=\"async\" width=\"800\" height=\"600\" title=\"transporter_aebi_tp48\" src=\"https:\/\/telemet.com\/wp-content\/uploads\/2016\/11\/Transporter_Aebi_TP48.jpg\" alt class=\"img-responsive wp-image-7541\" srcset=\"https:\/\/telemet.com\/wp-content\/uploads\/2016\/11\/Transporter_Aebi_TP48-200x150.jpg 200w, https:\/\/telemet.com\/wp-content\/uploads\/2016\/11\/Transporter_Aebi_TP48-400x300.jpg 400w, https:\/\/telemet.com\/wp-content\/uploads\/2016\/11\/Transporter_Aebi_TP48-600x450.jpg 600w, https:\/\/telemet.com\/wp-content\/uploads\/2016\/11\/Transporter_Aebi_TP48.jpg 800w\" sizes=\"(max-width: 800px) 100vw, 800px\" \/><\/span><\/div><\/div><div class=\"fusion-sep-clear\"><\/div><div class=\"fusion-separator fusion-full-width-sep\" style=\"margin-left: auto;margin-right: auto;margin-top:20px;width:100%;\"><\/div><div class=\"fusion-sep-clear\"><\/div><div class=\"fusion-align-block\"><a class=\"fusion-button button-flat button-xlarge button-default fusion-button-default button-1 fusion-button-default-span \" style=\"width:calc(100%);\" target=\"_blank\" rel=\"noopener noreferrer\" title=\"Download Brochure\" aria-label=\"Download Brochure\" href=\"\/wp-content\/uploads\/2016\/11\/AB_VT_Kom_en.pdf\"><span class=\"fusion-button-text awb-button__text awb-button__text--default\">Download Brochure (PDF)<\/span><i class=\" fa fa-file-pdf-o awb-button__icon awb-button__icon--default button-icon-right\" aria-hidden=\"true\"><\/i><\/a><\/div><div class=\"fusion-sep-clear\"><\/div><div class=\"fusion-separator fusion-full-width-sep\" style=\"margin-left: auto;margin-right: auto;margin-top:20px;width:100%;\"><\/div><div class=\"fusion-sep-clear\"><\/div><div class=\"fusion-text fusion-text-1\"><p>El motor di\u00e9sel Kubota de 3,3 l instalado en el nuevo compacto Aebi TP48P ofrece unos impresionantes 75 CV.<br \/>\nLa caja de cambios inversora de 4 etapas tiene 16 velocidades de avance y 16 de retroceso, incluyendo etapas y medias marchas. Con la caja de cambios finamente graduada y el sistema propulsor de alto par motor, este transportador domina situaciones extremas con facilidad, y siempre con una tranquilizadora reserva a mano.<br \/>\nEl dise\u00f1o inteligente de la cabina del conductor, en rojo brillante, es un regalo para la vista. Provista de neum\u00e1ticos dobles en todas las ruedas cuando la situaci\u00f3n lo exige, la Aebi TP48P presenta una imagen de fuerza, a punto de estallar para exibir su potencia en la pr\u00f3xima pendiente.<\/p>\n<\/div><div class=\"fusion-clearfix\"><\/div><\/div><\/div><\/div><\/div>\n","protected":false},"excerpt":{"rendered":"","protected":false},"author":1,"featured_media":0,"parent":6625,"menu_order":5,"comment_status":"closed","ping_status":"closed","template":"side-navigation.php","meta":{"footnotes":""},"class_list":["post-7543","page","type-page","status-publish","hentry"],"yoast_head":"<!-- This site is optimized with the Yoast SEO plugin v26.2 - https:\/\/yoast.com\/wordpress\/plugins\/seo\/ -->\n<title>Aebi-Schmidt TP410 - Telemet<\/title>\n<meta name=\"robots\" content=\"index, follow, max-snippet:-1, max-image-preview:large, max-video-preview:-1\" \/>\n<link rel=\"canonical\" href=\"https:\/\/telemet.com\/es\/ash-group-multipurpose\/ash-tp410\/\" \/>\n<meta property=\"og:locale\" content=\"es_ES\" \/>\n<meta property=\"og:type\" content=\"article\" \/>\n<meta property=\"og:title\" content=\"Aebi-Schmidt TP410 - Telemet\" \/>\n<meta property=\"og:url\" content=\"https:\/\/telemet.com\/es\/ash-group-multipurpose\/ash-tp410\/\" \/>\n<meta property=\"og:site_name\" content=\"Telemet\" \/>\n<meta property=\"article:modified_time\" content=\"2023-08-18T13:34:37+00:00\" \/>\n<meta property=\"og:image\" content=\"https:\/\/telemet.com\/wp-content\/uploads\/2016\/11\/Transporter_Aebi_TP48.jpg\" \/>\n<meta name=\"twitter:card\" content=\"summary_large_image\" \/>\n<meta name=\"twitter:label1\" content=\"Tiempo de lectura\" \/>\n\t<meta name=\"twitter:data1\" content=\"2 minutes\" \/>\n<script type=\"application\/ld+json\" class=\"yoast-schema-graph\">{\"@context\":\"https:\/\/schema.org\",\"@graph\":[{\"@type\":\"WebPage\",\"@id\":\"https:\/\/telemet.com\/es\/ash-group-multipurpose\/ash-tp410\/\",\"url\":\"https:\/\/telemet.com\/es\/ash-group-multipurpose\/ash-tp410\/\",\"name\":\"Aebi-Schmidt TP410 - Telemet\",\"isPartOf\":{\"@id\":\"https:\/\/telemet.com\/es\/#website\"},\"primaryImageOfPage\":{\"@id\":\"https:\/\/telemet.com\/es\/ash-group-multipurpose\/ash-tp410\/#primaryimage\"},\"image\":{\"@id\":\"https:\/\/telemet.com\/es\/ash-group-multipurpose\/ash-tp410\/#primaryimage\"},\"thumbnailUrl\":\"https:\/\/telemet.com\/wp-content\/uploads\/2016\/11\/Transporter_Aebi_TP48.jpg\",\"datePublished\":\"2016-11-23T11:20:06+00:00\",\"dateModified\":\"2023-08-18T13:34:37+00:00\",\"breadcrumb\":{\"@id\":\"https:\/\/telemet.com\/es\/ash-group-multipurpose\/ash-tp410\/#breadcrumb\"},\"inLanguage\":\"es-ES\",\"potentialAction\":[{\"@type\":\"ReadAction\",\"target\":[\"https:\/\/telemet.com\/es\/ash-group-multipurpose\/ash-tp410\/\"]}]},{\"@type\":\"ImageObject\",\"inLanguage\":\"es-ES\",\"@id\":\"https:\/\/telemet.com\/es\/ash-group-multipurpose\/ash-tp410\/#primaryimage\",\"url\":\"https:\/\/telemet.com\/wp-content\/uploads\/2016\/11\/Transporter_Aebi_TP48.jpg\",\"contentUrl\":\"https:\/\/telemet.com\/wp-content\/uploads\/2016\/11\/Transporter_Aebi_TP48.jpg\"},{\"@type\":\"BreadcrumbList\",\"@id\":\"https:\/\/telemet.com\/es\/ash-group-multipurpose\/ash-tp410\/#breadcrumb\",\"itemListElement\":[{\"@type\":\"ListItem\",\"position\":1,\"name\":\"Home\",\"item\":\"https:\/\/telemet.com\/es\/\"},{\"@type\":\"ListItem\",\"position\":2,\"name\":\"Aebi Schmidt Multipurpose\",\"item\":\"https:\/\/telemet.com\/es\/ash-group-multipurpose\/\"},{\"@type\":\"ListItem\",\"position\":3,\"name\":\"Aebi-Schmidt TP410\"}]},{\"@type\":\"WebSite\",\"@id\":\"https:\/\/telemet.com\/es\/#website\",\"url\":\"https:\/\/telemet.com\/es\/\",\"name\":\"Telemet, Inc.\",\"description\":\"Efficiency through Simplicity\",\"potentialAction\":[{\"@type\":\"SearchAction\",\"target\":{\"@type\":\"EntryPoint\",\"urlTemplate\":\"https:\/\/telemet.com\/es\/?s={search_term_string}\"},\"query-input\":{\"@type\":\"PropertyValueSpecification\",\"valueRequired\":true,\"valueName\":\"search_term_string\"}}],\"inLanguage\":\"es-ES\"}]}<\/script>\n<!-- \/ Yoast SEO plugin. -->","yoast_head_json":{"title":"Aebi-Schmidt TP410 - Telemet","robots":{"index":"index","follow":"follow","max-snippet":"max-snippet:-1","max-image-preview":"max-image-preview:large","max-video-preview":"max-video-preview:-1"},"canonical":"https:\/\/telemet.com\/es\/ash-group-multipurpose\/ash-tp410\/","og_locale":"es_ES","og_type":"article","og_title":"Aebi-Schmidt TP410 - Telemet","og_url":"https:\/\/telemet.com\/es\/ash-group-multipurpose\/ash-tp410\/","og_site_name":"Telemet","article_modified_time":"2023-08-18T13:34:37+00:00","og_image":[{"url":"https:\/\/telemet.com\/wp-content\/uploads\/2016\/11\/Transporter_Aebi_TP48.jpg","type":"","width":"","height":""}],"twitter_card":"summary_large_image","twitter_misc":{"Tiempo de lectura":"2 minutes"},"schema":{"@context":"https:\/\/schema.org","@graph":[{"@type":"WebPage","@id":"https:\/\/telemet.com\/es\/ash-group-multipurpose\/ash-tp410\/","url":"https:\/\/telemet.com\/es\/ash-group-multipurpose\/ash-tp410\/","name":"Aebi-Schmidt TP410 - Telemet","isPartOf":{"@id":"https:\/\/telemet.com\/es\/#website"},"primaryImageOfPage":{"@id":"https:\/\/telemet.com\/es\/ash-group-multipurpose\/ash-tp410\/#primaryimage"},"image":{"@id":"https:\/\/telemet.com\/es\/ash-group-multipurpose\/ash-tp410\/#primaryimage"},"thumbnailUrl":"https:\/\/telemet.com\/wp-content\/uploads\/2016\/11\/Transporter_Aebi_TP48.jpg","datePublished":"2016-11-23T11:20:06+00:00","dateModified":"2023-08-18T13:34:37+00:00","breadcrumb":{"@id":"https:\/\/telemet.com\/es\/ash-group-multipurpose\/ash-tp410\/#breadcrumb"},"inLanguage":"es-ES","potentialAction":[{"@type":"ReadAction","target":["https:\/\/telemet.com\/es\/ash-group-multipurpose\/ash-tp410\/"]}]},{"@type":"ImageObject","inLanguage":"es-ES","@id":"https:\/\/telemet.com\/es\/ash-group-multipurpose\/ash-tp410\/#primaryimage","url":"https:\/\/telemet.com\/wp-content\/uploads\/2016\/11\/Transporter_Aebi_TP48.jpg","contentUrl":"https:\/\/telemet.com\/wp-content\/uploads\/2016\/11\/Transporter_Aebi_TP48.jpg"},{"@type":"BreadcrumbList","@id":"https:\/\/telemet.com\/es\/ash-group-multipurpose\/ash-tp410\/#breadcrumb","itemListElement":[{"@type":"ListItem","position":1,"name":"Home","item":"https:\/\/telemet.com\/es\/"},{"@type":"ListItem","position":2,"name":"Aebi Schmidt Multipurpose","item":"https:\/\/telemet.com\/es\/ash-group-multipurpose\/"},{"@type":"ListItem","position":3,"name":"Aebi-Schmidt TP410"}]},{"@type":"WebSite","@id":"https:\/\/telemet.com\/es\/#website","url":"https:\/\/telemet.com\/es\/","name":"Telemet, Inc.","description":"Efficiency through Simplicity","potentialAction":[{"@type":"SearchAction","target":{"@type":"EntryPoint","urlTemplate":"https:\/\/telemet.com\/es\/?s={search_term_string}"},"query-input":{"@type":"PropertyValueSpecification","valueRequired":true,"valueName":"search_term_string"}}],"inLanguage":"es-ES"}]}},"_links":{"self":[{"href":"https:\/\/telemet.com\/es\/wp-json\/wp\/v2\/pages\/7543","targetHints":{"allow":["GET"]}}],"collection":[{"href":"https:\/\/telemet.com\/es\/wp-json\/wp\/v2\/pages"}],"about":[{"href":"https:\/\/telemet.com\/es\/wp-json\/wp\/v2\/types\/page"}],"author":[{"embeddable":true,"href":"https:\/\/telemet.com\/es\/wp-json\/wp\/v2\/users\/1"}],"replies":[{"embeddable":true,"href":"https:\/\/telemet.com\/es\/wp-json\/wp\/v2\/comments?post=7543"}],"version-history":[{"count":5,"href":"https:\/\/telemet.com\/es\/wp-json\/wp\/v2\/pages\/7543\/revisions"}],"predecessor-version":[{"id":13919,"href":"https:\/\/telemet.com\/es\/wp-json\/wp\/v2\/pages\/7543\/revisions\/13919"}],"up":[{"embeddable":true,"href":"https:\/\/telemet.com\/es\/wp-json\/wp\/v2\/pages\/6625"}],"wp:attachment":[{"href":"https:\/\/telemet.com\/es\/wp-json\/wp\/v2\/media?parent=7543"}],"curies":[{"name":"wp","href":"https:\/\/api.w.org\/{rel}","templated":true}]}}