{"id":7546,"date":"2016-11-23T11:33:13","date_gmt":"2016-11-23T11:33:40","guid":{"rendered":"http:\/\/telemet.com\/es\/ash-group-multipurpose\/ash-tp48p-2\/"},"modified":"2023-08-18T13:34:53","modified_gmt":"2023-08-18T13:34:53","slug":"ash-tp420","status":"publish","type":"page","link":"https:\/\/telemet.com\/es\/ash-group-multipurpose\/ash-tp420\/","title":{"rendered":"Aebi-Schmidt TP420"},"content":{"rendered":"<div class=\"fusion-fullwidth fullwidth-box fusion-builder-row-1 nonhundred-percent-fullwidth non-hundred-percent-height-scrolling\" style=\"--awb-background-position:left top;--awb-border-radius-top-left:0px;--awb-border-radius-top-right:0px;--awb-border-radius-bottom-right:0px;--awb-border-radius-bottom-left:0px;--awb-padding-top:0px;--awb-padding-bottom:20px;--awb-border-sizes-top:0px;--awb-border-sizes-bottom:0px;--awb-flex-wrap:wrap;\" ><div class=\"fusion-builder-row fusion-row\"><div class=\"fusion-layout-column fusion_builder_column fusion-builder-column-0 fusion_builder_column_1_1 1_1 fusion-one-full fusion-column-first fusion-column-last fusion-column-no-min-height\" style=\"--awb-bg-size:cover;--awb-margin-top:0px;--awb-margin-bottom:0px;\"><div class=\"fusion-column-wrapper fusion-flex-column-wrapper-legacy\"><div class=\"fusion-image-element fusion-image-align-center in-legacy-container\" style=\"text-align:center;--awb-caption-title-font-family:var(--h2_typography-font-family);--awb-caption-title-font-weight:var(--h2_typography-font-weight);--awb-caption-title-font-style:var(--h2_typography-font-style);--awb-caption-title-size:var(--h2_typography-font-size);--awb-caption-title-transform:var(--h2_typography-text-transform);--awb-caption-title-line-height:var(--h2_typography-line-height);--awb-caption-title-letter-spacing:var(--h2_typography-letter-spacing);\"><div class=\"imageframe-align-center\"><span class=\" fusion-imageframe imageframe-none imageframe-1 hover-type-none\"><img decoding=\"async\" width=\"800\" height=\"599\" title=\"transporter_aebi_tp420\" src=\"https:\/\/telemet.com\/wp-content\/uploads\/2016\/11\/Transporter_Aebi_TP420.jpg\" alt class=\"img-responsive wp-image-7549\" srcset=\"https:\/\/telemet.com\/wp-content\/uploads\/2016\/11\/Transporter_Aebi_TP420-200x150.jpg 200w, https:\/\/telemet.com\/wp-content\/uploads\/2016\/11\/Transporter_Aebi_TP420-400x300.jpg 400w, https:\/\/telemet.com\/wp-content\/uploads\/2016\/11\/Transporter_Aebi_TP420-600x449.jpg 600w, https:\/\/telemet.com\/wp-content\/uploads\/2016\/11\/Transporter_Aebi_TP420.jpg 800w\" sizes=\"(max-width: 800px) 100vw, 800px\" \/><\/span><\/div><\/div><div class=\"fusion-sep-clear\"><\/div><div class=\"fusion-separator fusion-full-width-sep\" style=\"margin-left: auto;margin-right: auto;margin-top:20px;width:100%;\"><\/div><div class=\"fusion-sep-clear\"><\/div><div class=\"fusion-align-block\"><a class=\"fusion-button button-flat button-xlarge button-default fusion-button-default button-1 fusion-button-default-span \" style=\"width:calc(100%);\" target=\"_blank\" rel=\"noopener noreferrer\" title=\"Download Brochure\" aria-label=\"Download Brochure\" href=\"\/wp-content\/uploads\/2016\/11\/ALX_TP420_en.pdf\"><span class=\"fusion-button-text awb-button__text awb-button__text--default\">Download Brochure (PDF)<\/span><i class=\" fa fa-file-pdf-o awb-button__icon awb-button__icon--default button-icon-right\" aria-hidden=\"true\"><\/i><\/a><\/div><div class=\"fusion-sep-clear\"><\/div><div class=\"fusion-separator fusion-full-width-sep\" style=\"margin-left: auto;margin-right: auto;margin-top:20px;width:100%;\"><\/div><div class=\"fusion-sep-clear\"><\/div><div class=\"fusion-align-block\"><a class=\"fusion-button button-flat button-xlarge button-default fusion-button-default button-2 fusion-button-default-span \" style=\"width:calc(100%);\" target=\"_blank\" rel=\"noopener noreferrer\" title=\"Download Brochure\" aria-label=\"Download Brochure\" href=\"\/wp-content\/uploads\/2016\/11\/AB_VT_Kom_en.pdf\"><span class=\"fusion-button-text awb-button__text awb-button__text--default\">Download General Brochure (PDF)<\/span><i class=\" fa fa-file-pdf-o awb-button__icon awb-button__icon--default button-icon-right\" aria-hidden=\"true\"><\/i><\/a><\/div><div class=\"fusion-sep-clear\"><\/div><div class=\"fusion-separator fusion-full-width-sep\" style=\"margin-left: auto;margin-right: auto;margin-top:20px;width:100%;\"><\/div><div class=\"fusion-sep-clear\"><\/div><div class=\"fusion-text fusion-text-1\"><p>El Aebi TP420 Transporter, nuestro nuevo modelo de gama media, es una derivaci\u00f3n directa del modelo de gama superior, el Aebi TP460 Transporter. El atractivo dise\u00f1o de la cabina y una serie de componentes son id\u00e9nticos, o ligeramente diferentes. La intenci\u00f3n de Aebi fue construir un modelo de alto rendimiento con un esquema operativo simplificado y utilizando tecnolog\u00eda de eficacia demostrada. El resultado ha sido un transportador que se ubica directamente por encima de la gama media con una elevada carga \u00fatil, comodidad de conducci\u00f3n de primera categor\u00eda, un motor potente y limpio y una excelente relaci\u00f3n precio \/ rendimiento. El manejo en la cabina se efect\u00faa convencionalmente, a trav\u00e9s de elementos de control mec\u00e1nicos. En la versi\u00f3n b\u00e1sica el eje delantero est\u00e1 provisto de una suspensi\u00f3n hidroneum\u00e1tica, mientras que el eje trasero, desarrollado recientemente, no lleva suspensi\u00f3n. En una variante el Aebi TP420 Transporter se puede equipar con suspensi\u00f3n completa, y de forma opcional incluso con cuatro modos de conducci\u00f3n.<\/p>\n<p>El cambio en H trabaja de forma suave y precisa. Con pasos, medias marchas e inversi\u00f3n, la transmisi\u00f3n de 4 marchas tiene un total de 16 marchas hacia delante y 16 marchas hacia atr\u00e1s. El paso y las medias marchas se pueden seleccionar previamente y cambiar de forma electrohidr\u00e1ulica. El tiempo de cambio para las medias marchas es 1\/10 de segundo, lo que establece un r\u00e9cord. En funci\u00f3n de la matriculaci\u00f3n del veh\u00edculo se dispone de cuatro versiones diferentes de la velocidad: 2\u201330 km\/h, 2\u201340 km\/h, 2\u201345 km\/h y 2\u201350 km\/h.<\/p>\n<p>Accionamiento permanente a las cuatro ruedas a trav\u00e9s del diferencial central con distribuci\u00f3n de par motor 50\/50%. El diferencial central y el del eje se pueden bloquear por defecto al 100% en ambos ejes, y se activan de forma electrohidr\u00e1ulica. Cuando el veh\u00edculo est\u00e1 estacionado el diferencial del centro se bloquea autom\u00e1ticamente, y el freno de estacionamiento act\u00faa sobre ambos ejes a trav\u00e9s del eje card\u00e1n. Esto garantiza una mejora importante en la seguridad, y aumenta la estabilidad en terreno irregular.<\/p>\n<p>La suspensi\u00f3n del eje delantero garantiza una aut\u00e9ntica comodidad de conducci\u00f3n. El recorrido de la suspensi\u00f3n es de 100 mm. La diferencia con la suspensi\u00f3n completa es sorprendentemente peque\u00f1a. Los ejes delanteros con suspensi\u00f3n hidroneum\u00e1tica de ambas variantes (eje delantero y suspensi\u00f3n completa) tienen un dise\u00f1o totalmente id\u00e9ntico. En la versi\u00f3n de suspensi\u00f3n completa el Aebi TP420 Transporter viene tambi\u00e9n con suspensi\u00f3n hidroneum\u00e1tica de ambos ejes, y bloqueos de liberaci\u00f3n hidr\u00e1ulica r\u00e1pida en el eje trasero. Como opci\u00f3n la versi\u00f3n de suspensi\u00f3n completa est\u00e1 tambi\u00e9n disponible con direcci\u00f3n en las ruedas delanteras, en las cuatro ruedas, en las ruedas traseras y en sentido lateral.<\/p>\n<p>La versi\u00f3n turbo di\u00e9sel VM ofrece una impresionante potencia de 80 kW (109 CV), tiene un par motor de 420 Nm con s\u00f3lo 1100 rpm y un aumento del par motor del 40 %. En la pr\u00e1ctica estos datos b\u00e1sicos garantizan una amplia reserva de potencia. Adem\u00e1s el motor cumple los requisitos de la fase IIIB y opera de forma muy respetuosa con el medio ambiente, gracias a un filtro de part\u00edculas di\u00e9sel y a un convertidor catal\u00edtico. Con su potente dise\u00f1o de grupo de engranajes, el TP420 puede usar el enorme par motor del motor del VO sin estrangulamiento. Esto a\u00f1ade de forma perceptible, durante el uso, una potencia de tracci\u00f3n incluso con un transportador muy cargado. Hay una gran reserva de potencia para unidades de implementos de conducci\u00f3n a trav\u00e9s del eje de la toma de fuerza (hasta 72 kW).<\/p>\n<p>Un panel de \u00faltima generaci\u00f3n con instrumentos redondos y pantalla de color. La zona de la cabina est\u00e1 dise\u00f1ada en forma semicircular, y las palancas de control tienen una disposici\u00f3n \u00f3ptima. El techo de pl\u00e1stico est\u00e1 equipado con faros de posici\u00f3n integrados, y est\u00e1 disponible con un techo extra\u00edble de cristal a petici\u00f3n. El sistema de calefacci\u00f3n y descongelaci\u00f3n garantiza una temperatura agradable e impide la condensaci\u00f3n de los cristales.<\/p>\n<p>Como Aebi Burgdorf ya est\u00e1 ofreciendo el Aebi TT280 con un turbo di\u00e9sel VM que cumple la fase IIIB de la norma de emisiones, era l\u00f3gico equipar tambi\u00e9n el transportador con este tipo de motor limpio. Esto ha supuesto un paso importante hacia el futuro, y una clara se\u00f1al del compromiso de Aebi en la b\u00fasqueda sistem\u00e1tica de la sostenibilidad. Adem\u00e1s, el tratamiento de \u00faltima generaci\u00f3n de los gases de escape y emisiones nocivas completa perfectamente la innovadora tecnolog\u00eda del veh\u00edculo de Aebi.<\/p>\n<p>Las unidades de implementos se pueden cambiar r\u00e1pidamente y sin gran esfuerzo. La mayor parte de las funciones del equipo pueden operarse convenientemente a trav\u00e9s del sistema hidr\u00e1ulico. Con neum\u00e1ticos dobles que se pueden montar en todo momento el transportador est\u00e1 incluso mejor adaptado al terreno pendiente, ofrece seguridad adicional en situaciones extremas y asegura una menor compactaci\u00f3n del suelo. Con el Aebi TP420 Transporter la implementaci\u00f3n se ha centrado de forma sistem\u00e1tica en lo esencial. Ni hacemos recortes en la calidad ni en el excelente chasis, la c\u00f3moda cabina o la transmisi\u00f3n, ya que los equipos son id\u00e9nticos a los de la categor\u00eda superior. Resultado: un precio insuperable.<\/p>\n<\/div><div class=\"fusion-clearfix\"><\/div><\/div><\/div><\/div><\/div>\n","protected":false},"excerpt":{"rendered":"","protected":false},"author":1,"featured_media":0,"parent":6625,"menu_order":6,"comment_status":"closed","ping_status":"closed","template":"side-navigation.php","meta":{"footnotes":""},"class_list":["post-7546","page","type-page","status-publish","hentry"],"yoast_head":"<!-- This site is optimized with the Yoast SEO plugin v26.2 - https:\/\/yoast.com\/wordpress\/plugins\/seo\/ -->\n<title>Aebi-Schmidt TP420 - Telemet<\/title>\n<meta name=\"robots\" content=\"index, follow, max-snippet:-1, max-image-preview:large, max-video-preview:-1\" \/>\n<link rel=\"canonical\" href=\"https:\/\/telemet.com\/es\/ash-group-multipurpose\/ash-tp420\/\" \/>\n<meta property=\"og:locale\" content=\"es_ES\" \/>\n<meta property=\"og:type\" content=\"article\" \/>\n<meta property=\"og:title\" content=\"Aebi-Schmidt TP420 - Telemet\" \/>\n<meta property=\"og:url\" content=\"https:\/\/telemet.com\/es\/ash-group-multipurpose\/ash-tp420\/\" \/>\n<meta property=\"og:site_name\" content=\"Telemet\" \/>\n<meta property=\"article:modified_time\" content=\"2023-08-18T13:34:53+00:00\" \/>\n<meta property=\"og:image\" content=\"https:\/\/telemet.com\/wp-content\/uploads\/2016\/11\/Transporter_Aebi_TP420.jpg\" \/>\n<meta name=\"twitter:card\" content=\"summary_large_image\" \/>\n<meta name=\"twitter:label1\" content=\"Tiempo de lectura\" \/>\n\t<meta name=\"twitter:data1\" content=\"7 minutes\" \/>\n<script type=\"application\/ld+json\" class=\"yoast-schema-graph\">{\"@context\":\"https:\/\/schema.org\",\"@graph\":[{\"@type\":\"WebPage\",\"@id\":\"https:\/\/telemet.com\/es\/ash-group-multipurpose\/ash-tp420\/\",\"url\":\"https:\/\/telemet.com\/es\/ash-group-multipurpose\/ash-tp420\/\",\"name\":\"Aebi-Schmidt TP420 - Telemet\",\"isPartOf\":{\"@id\":\"https:\/\/telemet.com\/es\/#website\"},\"primaryImageOfPage\":{\"@id\":\"https:\/\/telemet.com\/es\/ash-group-multipurpose\/ash-tp420\/#primaryimage\"},\"image\":{\"@id\":\"https:\/\/telemet.com\/es\/ash-group-multipurpose\/ash-tp420\/#primaryimage\"},\"thumbnailUrl\":\"https:\/\/telemet.com\/wp-content\/uploads\/2016\/11\/Transporter_Aebi_TP420.jpg\",\"datePublished\":\"2016-11-23T11:33:40+00:00\",\"dateModified\":\"2023-08-18T13:34:53+00:00\",\"breadcrumb\":{\"@id\":\"https:\/\/telemet.com\/es\/ash-group-multipurpose\/ash-tp420\/#breadcrumb\"},\"inLanguage\":\"es-ES\",\"potentialAction\":[{\"@type\":\"ReadAction\",\"target\":[\"https:\/\/telemet.com\/es\/ash-group-multipurpose\/ash-tp420\/\"]}]},{\"@type\":\"ImageObject\",\"inLanguage\":\"es-ES\",\"@id\":\"https:\/\/telemet.com\/es\/ash-group-multipurpose\/ash-tp420\/#primaryimage\",\"url\":\"https:\/\/telemet.com\/wp-content\/uploads\/2016\/11\/Transporter_Aebi_TP420.jpg\",\"contentUrl\":\"https:\/\/telemet.com\/wp-content\/uploads\/2016\/11\/Transporter_Aebi_TP420.jpg\"},{\"@type\":\"BreadcrumbList\",\"@id\":\"https:\/\/telemet.com\/es\/ash-group-multipurpose\/ash-tp420\/#breadcrumb\",\"itemListElement\":[{\"@type\":\"ListItem\",\"position\":1,\"name\":\"Home\",\"item\":\"https:\/\/telemet.com\/es\/\"},{\"@type\":\"ListItem\",\"position\":2,\"name\":\"Aebi Schmidt Multipurpose\",\"item\":\"https:\/\/telemet.com\/es\/ash-group-multipurpose\/\"},{\"@type\":\"ListItem\",\"position\":3,\"name\":\"Aebi-Schmidt TP420\"}]},{\"@type\":\"WebSite\",\"@id\":\"https:\/\/telemet.com\/es\/#website\",\"url\":\"https:\/\/telemet.com\/es\/\",\"name\":\"Telemet, Inc.\",\"description\":\"Efficiency through Simplicity\",\"potentialAction\":[{\"@type\":\"SearchAction\",\"target\":{\"@type\":\"EntryPoint\",\"urlTemplate\":\"https:\/\/telemet.com\/es\/?s={search_term_string}\"},\"query-input\":{\"@type\":\"PropertyValueSpecification\",\"valueRequired\":true,\"valueName\":\"search_term_string\"}}],\"inLanguage\":\"es-ES\"}]}<\/script>\n<!-- \/ Yoast SEO plugin. -->","yoast_head_json":{"title":"Aebi-Schmidt TP420 - Telemet","robots":{"index":"index","follow":"follow","max-snippet":"max-snippet:-1","max-image-preview":"max-image-preview:large","max-video-preview":"max-video-preview:-1"},"canonical":"https:\/\/telemet.com\/es\/ash-group-multipurpose\/ash-tp420\/","og_locale":"es_ES","og_type":"article","og_title":"Aebi-Schmidt TP420 - Telemet","og_url":"https:\/\/telemet.com\/es\/ash-group-multipurpose\/ash-tp420\/","og_site_name":"Telemet","article_modified_time":"2023-08-18T13:34:53+00:00","og_image":[{"url":"https:\/\/telemet.com\/wp-content\/uploads\/2016\/11\/Transporter_Aebi_TP420.jpg","type":"","width":"","height":""}],"twitter_card":"summary_large_image","twitter_misc":{"Tiempo de lectura":"7 minutes"},"schema":{"@context":"https:\/\/schema.org","@graph":[{"@type":"WebPage","@id":"https:\/\/telemet.com\/es\/ash-group-multipurpose\/ash-tp420\/","url":"https:\/\/telemet.com\/es\/ash-group-multipurpose\/ash-tp420\/","name":"Aebi-Schmidt TP420 - Telemet","isPartOf":{"@id":"https:\/\/telemet.com\/es\/#website"},"primaryImageOfPage":{"@id":"https:\/\/telemet.com\/es\/ash-group-multipurpose\/ash-tp420\/#primaryimage"},"image":{"@id":"https:\/\/telemet.com\/es\/ash-group-multipurpose\/ash-tp420\/#primaryimage"},"thumbnailUrl":"https:\/\/telemet.com\/wp-content\/uploads\/2016\/11\/Transporter_Aebi_TP420.jpg","datePublished":"2016-11-23T11:33:40+00:00","dateModified":"2023-08-18T13:34:53+00:00","breadcrumb":{"@id":"https:\/\/telemet.com\/es\/ash-group-multipurpose\/ash-tp420\/#breadcrumb"},"inLanguage":"es-ES","potentialAction":[{"@type":"ReadAction","target":["https:\/\/telemet.com\/es\/ash-group-multipurpose\/ash-tp420\/"]}]},{"@type":"ImageObject","inLanguage":"es-ES","@id":"https:\/\/telemet.com\/es\/ash-group-multipurpose\/ash-tp420\/#primaryimage","url":"https:\/\/telemet.com\/wp-content\/uploads\/2016\/11\/Transporter_Aebi_TP420.jpg","contentUrl":"https:\/\/telemet.com\/wp-content\/uploads\/2016\/11\/Transporter_Aebi_TP420.jpg"},{"@type":"BreadcrumbList","@id":"https:\/\/telemet.com\/es\/ash-group-multipurpose\/ash-tp420\/#breadcrumb","itemListElement":[{"@type":"ListItem","position":1,"name":"Home","item":"https:\/\/telemet.com\/es\/"},{"@type":"ListItem","position":2,"name":"Aebi Schmidt Multipurpose","item":"https:\/\/telemet.com\/es\/ash-group-multipurpose\/"},{"@type":"ListItem","position":3,"name":"Aebi-Schmidt TP420"}]},{"@type":"WebSite","@id":"https:\/\/telemet.com\/es\/#website","url":"https:\/\/telemet.com\/es\/","name":"Telemet, Inc.","description":"Efficiency through Simplicity","potentialAction":[{"@type":"SearchAction","target":{"@type":"EntryPoint","urlTemplate":"https:\/\/telemet.com\/es\/?s={search_term_string}"},"query-input":{"@type":"PropertyValueSpecification","valueRequired":true,"valueName":"search_term_string"}}],"inLanguage":"es-ES"}]}},"_links":{"self":[{"href":"https:\/\/telemet.com\/es\/wp-json\/wp\/v2\/pages\/7546","targetHints":{"allow":["GET"]}}],"collection":[{"href":"https:\/\/telemet.com\/es\/wp-json\/wp\/v2\/pages"}],"about":[{"href":"https:\/\/telemet.com\/es\/wp-json\/wp\/v2\/types\/page"}],"author":[{"embeddable":true,"href":"https:\/\/telemet.com\/es\/wp-json\/wp\/v2\/users\/1"}],"replies":[{"embeddable":true,"href":"https:\/\/telemet.com\/es\/wp-json\/wp\/v2\/comments?post=7546"}],"version-history":[{"count":5,"href":"https:\/\/telemet.com\/es\/wp-json\/wp\/v2\/pages\/7546\/revisions"}],"predecessor-version":[{"id":13920,"href":"https:\/\/telemet.com\/es\/wp-json\/wp\/v2\/pages\/7546\/revisions\/13920"}],"up":[{"embeddable":true,"href":"https:\/\/telemet.com\/es\/wp-json\/wp\/v2\/pages\/6625"}],"wp:attachment":[{"href":"https:\/\/telemet.com\/es\/wp-json\/wp\/v2\/media?parent=7546"}],"curies":[{"name":"wp","href":"https:\/\/api.w.org\/{rel}","templated":true}]}}