{"id":7559,"date":"2016-11-23T11:48:13","date_gmt":"2016-11-23T11:48:49","guid":{"rendered":"http:\/\/telemet.com\/es\/ash-group-multipurpose\/ash-vt450-vario-euro-6\/"},"modified":"2023-08-18T13:35:30","modified_gmt":"2023-08-18T13:35:30","slug":"ash-vt450-vario-euro-6","status":"publish","type":"page","link":"https:\/\/telemet.com\/es\/ash-group-multipurpose\/ash-vt450-vario-euro-6\/","title":{"rendered":"Aebi-Schmidt VT450 Vario Euro 6"},"content":{"rendered":"<div class=\"fusion-fullwidth fullwidth-box fusion-builder-row-1 nonhundred-percent-fullwidth non-hundred-percent-height-scrolling\" style=\"--awb-background-position:left top;--awb-border-radius-top-left:0px;--awb-border-radius-top-right:0px;--awb-border-radius-bottom-right:0px;--awb-border-radius-bottom-left:0px;--awb-padding-top:0px;--awb-padding-bottom:20px;--awb-border-sizes-top:0px;--awb-border-sizes-bottom:0px;--awb-flex-wrap:wrap;\" ><div class=\"fusion-builder-row fusion-row\"><div class=\"fusion-layout-column fusion_builder_column fusion-builder-column-0 fusion_builder_column_1_1 1_1 fusion-one-full fusion-column-first fusion-column-last fusion-column-no-min-height\" style=\"--awb-bg-size:cover;--awb-margin-top:0px;--awb-margin-bottom:0px;\"><div class=\"fusion-column-wrapper fusion-flex-column-wrapper-legacy\"><div class=\"fusion-image-element fusion-image-align-center in-legacy-container\" style=\"text-align:center;--awb-caption-title-font-family:var(--h2_typography-font-family);--awb-caption-title-font-weight:var(--h2_typography-font-weight);--awb-caption-title-font-style:var(--h2_typography-font-style);--awb-caption-title-size:var(--h2_typography-font-size);--awb-caption-title-transform:var(--h2_typography-text-transform);--awb-caption-title-line-height:var(--h2_typography-line-height);--awb-caption-title-letter-spacing:var(--h2_typography-letter-spacing);\"><div class=\"imageframe-align-center\"><span class=\" fusion-imageframe imageframe-none imageframe-1 hover-type-none\"><img decoding=\"async\" width=\"800\" height=\"600\" title=\"viatrac_aebi_vt450\" src=\"https:\/\/telemet.com\/wp-content\/uploads\/2016\/11\/Viatrac_Aebi_VT450.jpg\" alt class=\"img-responsive wp-image-13857\" srcset=\"https:\/\/telemet.com\/wp-content\/uploads\/2016\/11\/Viatrac_Aebi_VT450-200x150.jpg 200w, https:\/\/telemet.com\/wp-content\/uploads\/2016\/11\/Viatrac_Aebi_VT450-400x300.jpg 400w, https:\/\/telemet.com\/wp-content\/uploads\/2016\/11\/Viatrac_Aebi_VT450-600x450.jpg 600w, https:\/\/telemet.com\/wp-content\/uploads\/2016\/11\/Viatrac_Aebi_VT450.jpg 800w\" sizes=\"(max-width: 800px) 100vw, 800px\" \/><\/span><\/div><\/div><div class=\"fusion-sep-clear\"><\/div><div class=\"fusion-separator fusion-full-width-sep\" style=\"margin-left: auto;margin-right: auto;margin-top:20px;width:100%;\"><\/div><div class=\"fusion-sep-clear\"><\/div><div class=\"fusion-align-block\"><a class=\"fusion-button button-flat button-xlarge button-default fusion-button-default button-1 fusion-button-default-span \" style=\"width:calc(100%);\" target=\"_blank\" rel=\"noopener noreferrer\" title=\"Download Brochure\" aria-label=\"Download Brochure\" href=\"\/wp-content\/uploads\/2016\/11\/ALX_VT450_Vario_com_en.pdf\"><span class=\"fusion-button-text awb-button__text awb-button__text--default\">Download Brochure (PDF)<\/span><i class=\" fa fa-file-pdf-o awb-button__icon awb-button__icon--default button-icon-right\" aria-hidden=\"true\"><\/i><\/a><\/div><div class=\"fusion-sep-clear\"><\/div><div class=\"fusion-separator fusion-full-width-sep\" style=\"margin-left: auto;margin-right: auto;margin-top:20px;width:100%;\"><\/div><div class=\"fusion-sep-clear\"><\/div><div class=\"fusion-align-block\"><a class=\"fusion-button button-flat button-xlarge button-default fusion-button-default button-2 fusion-button-default-span \" style=\"width:calc(100%);\" target=\"_blank\" rel=\"noopener noreferrer\" title=\"Download Brochure\" aria-label=\"Download Brochure\" href=\"\/wp-content\/uploads\/2016\/11\/AB_VT_Kom_en.pdf\"><span class=\"fusion-button-text awb-button__text awb-button__text--default\">Download General Brochure (PDF)<\/span><i class=\" fa fa-file-pdf-o awb-button__icon awb-button__icon--default button-icon-right\" aria-hidden=\"true\"><\/i><\/a><\/div><div class=\"fusion-sep-clear\"><\/div><div class=\"fusion-separator fusion-full-width-sep\" style=\"margin-left: auto;margin-right: auto;margin-top:20px;width:100%;\"><\/div><div class=\"fusion-sep-clear\"><\/div><div class=\"fusion-text fusion-text-1\"><p>El Aebi VT450 Vario Euro 6 es el nuevo modelo de alto nivel en la categor\u00eda superior. Aebi ofrece este tranportador flexible para servicios municipales. En la pr\u00e1ctica la conducci\u00f3n hidrost\u00e1tica &#8211; mec\u00e1nica progresiva, de potencia dividida, aporta beneficios evidentes. Sin ninguna inversi\u00f3n adicional se puede efectuar el trabajo que exija velocidades bajas. Gracias a la palanca de conducci\u00f3n multifunci\u00f3n el cambio entre la conducci\u00f3n de avance y marcha atr\u00e1s es ultrasuave. Con la conducci\u00f3n ECO y un alto rendimiento de los engranajes el manejo del transportador puede ser muy econ\u00f3mico.<\/p>\n<p>La nueva conducci\u00f3n progresiva con potencia mec\u00e1nica-hidrost\u00e1tica dividida se compone de una unidad hidrost\u00e1tica compacta con bomba variable y motor de desplazamiento constante, y una transmisi\u00f3n mec\u00e1nica con tres relaciones de transmisi\u00f3n. En la pr\u00e1ctica la combinaci\u00f3n de componentes hidrost\u00e1ticos y mec\u00e1nicos garantiza una elevada tracci\u00f3n y una gran eficacia, gracias a una lubricaci\u00f3n de c\u00e1rter seco y a la potencia dividida. El flujo de potencia con estas nuevas transmisiones progresivas no se interrumpe nunca (no hay embrague de arranque). Con la conducci\u00f3n puramente hidrost\u00e1tica a velocidades bajas es incluso posible arrancar suavemente y hacer retroceder el veh\u00edculo en terreno pendiente y dif\u00edcil, asegurando un nivel de seguridad alto y constante. Adem\u00e1s el intervalo de conducci\u00f3n m\u00e1ximo se puede limitar con un conmutador giratorio.<br \/>\nEn funci\u00f3n de la matriculaci\u00f3n del veh\u00edculo se dispone de cuatro versiones diferentes de la velocidad: 0\u201330 km\/h, 0\u201340 km\/h, 0\u201345 km\/h y 0\u201350 km\/h.<\/p>\n<p>Con un recorrido de suspensi\u00f3n de 100 mm, la suspensi\u00f3n hidroneum\u00e1tica de rueda \u00fanica seg\u00fan el principio de enlace transversal doble garantiza una excelente comodidad de la conducci\u00f3n. Durante los virajes duros el eje trasero se estabiliza autom\u00e1ticamente. Adem\u00e1s el bloqueo de la torsi\u00f3n hidr\u00e1ulica entre el veh\u00edculo delantero y el trasero garantiza una magn\u00edfica capacidad fuera de la calzada. La suspensi\u00f3n se puede bloquear o desconectar y el veh\u00edculo se puede levantar o bajar manualmente.<\/p>\n<p>La cabina del conductor tiene un montaje flexible, un dise\u00f1o moderno y ergon\u00f3mico que permite un manejo sencillo y l\u00f3gico. La palanca de conducci\u00f3n multifunci\u00f3n con dos conmutadores redondos. Teclado de membrana para activar otras funciones pulsando un solo bot\u00f3n. Techo de pl\u00e1stico con faros de posici\u00f3n integradas e iluminaci\u00f3n de mantenimiento de invierno. Sistema de calefacci\u00f3n y descongelaci\u00f3n. Disponible con sistema de aire acondicionado como opci\u00f3n.<\/p>\n<p>El turbo di\u00e9sel VM ofrece unos impresionantes 80 kW (109 CV), tiene un par motor de 420 Nm a 1400 rpm y un aumento del par motor del 43%. En la pr\u00e1ctica estos datos b\u00e1sicos garantizan mucha potencia. Adem\u00e1s el motor cumple el est\u00e1ndar Euro 6 y funciona con un gran respeto por el medio ambiente gracias a un filtro de part\u00edculas di\u00e9sel, recirculaci\u00f3n de los gases de escape y el sistema AdBlue utilizado para el posterior tratamiento de los gases de escape.<\/p>\n<p>La palanca del acelerador, de dise\u00f1o econ\u00f3mico, multifuncional, codificada por colores, permite un control sencillo y l\u00f3gico de las funciones m\u00e1s importantes. Esto permite tambi\u00e9n que el mando y el control simult\u00e1neo de la funci\u00f3n de un dispositivo vengan de una \u00fanica fuente. La pantalla de color tiene ahora un pomo de control y varias llaves de control, con los que se pueden controlar otras funciones. La estructura del men\u00fa tiene un dise\u00f1o simple para un control r\u00e1pido, l\u00f3gico y sencillo. La pantalla de color de alta resoluci\u00f3n muestra la funci\u00f3n elegida y los datos claramente, con una alta calidad. Tambi\u00e9n est\u00e1 disponible como opci\u00f3n un pomo de control adicional, a la derecha, junto al asiento del conductor, para controlar la pantalla.<\/p>\n<\/div><div class=\"fusion-clearfix\"><\/div><\/div><\/div><\/div><\/div>\n","protected":false},"excerpt":{"rendered":"","protected":false},"author":1,"featured_media":0,"parent":6625,"menu_order":8,"comment_status":"closed","ping_status":"closed","template":"side-navigation.php","meta":{"footnotes":""},"class_list":["post-7559","page","type-page","status-publish","hentry"],"yoast_head":"<!-- This site is optimized with the Yoast SEO plugin v26.2 - https:\/\/yoast.com\/wordpress\/plugins\/seo\/ -->\n<title>Aebi-Schmidt VT450 Vario Euro 6 - Telemet<\/title>\n<meta name=\"robots\" content=\"index, follow, max-snippet:-1, max-image-preview:large, max-video-preview:-1\" \/>\n<link rel=\"canonical\" href=\"https:\/\/telemet.com\/es\/ash-group-multipurpose\/ash-vt450-vario-euro-6\/\" \/>\n<meta property=\"og:locale\" content=\"es_ES\" \/>\n<meta property=\"og:type\" content=\"article\" \/>\n<meta property=\"og:title\" content=\"Aebi-Schmidt VT450 Vario Euro 6 - Telemet\" \/>\n<meta property=\"og:url\" content=\"https:\/\/telemet.com\/es\/ash-group-multipurpose\/ash-vt450-vario-euro-6\/\" \/>\n<meta property=\"og:site_name\" content=\"Telemet\" \/>\n<meta property=\"article:modified_time\" content=\"2023-08-18T13:35:30+00:00\" \/>\n<meta property=\"og:image\" content=\"https:\/\/telemet.com\/wp-content\/uploads\/2016\/11\/Viatrac_Aebi_VT450.jpg\" \/>\n<meta name=\"twitter:card\" content=\"summary_large_image\" \/>\n<meta name=\"twitter:label1\" content=\"Tiempo de lectura\" \/>\n\t<meta name=\"twitter:data1\" content=\"5 minutes\" \/>\n<script type=\"application\/ld+json\" class=\"yoast-schema-graph\">{\"@context\":\"https:\/\/schema.org\",\"@graph\":[{\"@type\":\"WebPage\",\"@id\":\"https:\/\/telemet.com\/es\/ash-group-multipurpose\/ash-vt450-vario-euro-6\/\",\"url\":\"https:\/\/telemet.com\/es\/ash-group-multipurpose\/ash-vt450-vario-euro-6\/\",\"name\":\"Aebi-Schmidt VT450 Vario Euro 6 - Telemet\",\"isPartOf\":{\"@id\":\"https:\/\/telemet.com\/es\/#website\"},\"primaryImageOfPage\":{\"@id\":\"https:\/\/telemet.com\/es\/ash-group-multipurpose\/ash-vt450-vario-euro-6\/#primaryimage\"},\"image\":{\"@id\":\"https:\/\/telemet.com\/es\/ash-group-multipurpose\/ash-vt450-vario-euro-6\/#primaryimage\"},\"thumbnailUrl\":\"https:\/\/telemet.com\/wp-content\/uploads\/2016\/11\/Viatrac_Aebi_VT450.jpg\",\"datePublished\":\"2016-11-23T11:48:49+00:00\",\"dateModified\":\"2023-08-18T13:35:30+00:00\",\"breadcrumb\":{\"@id\":\"https:\/\/telemet.com\/es\/ash-group-multipurpose\/ash-vt450-vario-euro-6\/#breadcrumb\"},\"inLanguage\":\"es-ES\",\"potentialAction\":[{\"@type\":\"ReadAction\",\"target\":[\"https:\/\/telemet.com\/es\/ash-group-multipurpose\/ash-vt450-vario-euro-6\/\"]}]},{\"@type\":\"ImageObject\",\"inLanguage\":\"es-ES\",\"@id\":\"https:\/\/telemet.com\/es\/ash-group-multipurpose\/ash-vt450-vario-euro-6\/#primaryimage\",\"url\":\"https:\/\/telemet.com\/wp-content\/uploads\/2016\/11\/Viatrac_Aebi_VT450.jpg\",\"contentUrl\":\"https:\/\/telemet.com\/wp-content\/uploads\/2016\/11\/Viatrac_Aebi_VT450.jpg\"},{\"@type\":\"BreadcrumbList\",\"@id\":\"https:\/\/telemet.com\/es\/ash-group-multipurpose\/ash-vt450-vario-euro-6\/#breadcrumb\",\"itemListElement\":[{\"@type\":\"ListItem\",\"position\":1,\"name\":\"Home\",\"item\":\"https:\/\/telemet.com\/es\/\"},{\"@type\":\"ListItem\",\"position\":2,\"name\":\"Aebi Schmidt Multipurpose\",\"item\":\"https:\/\/telemet.com\/es\/ash-group-multipurpose\/\"},{\"@type\":\"ListItem\",\"position\":3,\"name\":\"Aebi-Schmidt VT450 Vario Euro 6\"}]},{\"@type\":\"WebSite\",\"@id\":\"https:\/\/telemet.com\/es\/#website\",\"url\":\"https:\/\/telemet.com\/es\/\",\"name\":\"Telemet, Inc.\",\"description\":\"Efficiency through Simplicity\",\"potentialAction\":[{\"@type\":\"SearchAction\",\"target\":{\"@type\":\"EntryPoint\",\"urlTemplate\":\"https:\/\/telemet.com\/es\/?s={search_term_string}\"},\"query-input\":{\"@type\":\"PropertyValueSpecification\",\"valueRequired\":true,\"valueName\":\"search_term_string\"}}],\"inLanguage\":\"es-ES\"}]}<\/script>\n<!-- \/ Yoast SEO plugin. -->","yoast_head_json":{"title":"Aebi-Schmidt VT450 Vario Euro 6 - Telemet","robots":{"index":"index","follow":"follow","max-snippet":"max-snippet:-1","max-image-preview":"max-image-preview:large","max-video-preview":"max-video-preview:-1"},"canonical":"https:\/\/telemet.com\/es\/ash-group-multipurpose\/ash-vt450-vario-euro-6\/","og_locale":"es_ES","og_type":"article","og_title":"Aebi-Schmidt VT450 Vario Euro 6 - Telemet","og_url":"https:\/\/telemet.com\/es\/ash-group-multipurpose\/ash-vt450-vario-euro-6\/","og_site_name":"Telemet","article_modified_time":"2023-08-18T13:35:30+00:00","og_image":[{"url":"https:\/\/telemet.com\/wp-content\/uploads\/2016\/11\/Viatrac_Aebi_VT450.jpg","type":"","width":"","height":""}],"twitter_card":"summary_large_image","twitter_misc":{"Tiempo de lectura":"5 minutes"},"schema":{"@context":"https:\/\/schema.org","@graph":[{"@type":"WebPage","@id":"https:\/\/telemet.com\/es\/ash-group-multipurpose\/ash-vt450-vario-euro-6\/","url":"https:\/\/telemet.com\/es\/ash-group-multipurpose\/ash-vt450-vario-euro-6\/","name":"Aebi-Schmidt VT450 Vario Euro 6 - Telemet","isPartOf":{"@id":"https:\/\/telemet.com\/es\/#website"},"primaryImageOfPage":{"@id":"https:\/\/telemet.com\/es\/ash-group-multipurpose\/ash-vt450-vario-euro-6\/#primaryimage"},"image":{"@id":"https:\/\/telemet.com\/es\/ash-group-multipurpose\/ash-vt450-vario-euro-6\/#primaryimage"},"thumbnailUrl":"https:\/\/telemet.com\/wp-content\/uploads\/2016\/11\/Viatrac_Aebi_VT450.jpg","datePublished":"2016-11-23T11:48:49+00:00","dateModified":"2023-08-18T13:35:30+00:00","breadcrumb":{"@id":"https:\/\/telemet.com\/es\/ash-group-multipurpose\/ash-vt450-vario-euro-6\/#breadcrumb"},"inLanguage":"es-ES","potentialAction":[{"@type":"ReadAction","target":["https:\/\/telemet.com\/es\/ash-group-multipurpose\/ash-vt450-vario-euro-6\/"]}]},{"@type":"ImageObject","inLanguage":"es-ES","@id":"https:\/\/telemet.com\/es\/ash-group-multipurpose\/ash-vt450-vario-euro-6\/#primaryimage","url":"https:\/\/telemet.com\/wp-content\/uploads\/2016\/11\/Viatrac_Aebi_VT450.jpg","contentUrl":"https:\/\/telemet.com\/wp-content\/uploads\/2016\/11\/Viatrac_Aebi_VT450.jpg"},{"@type":"BreadcrumbList","@id":"https:\/\/telemet.com\/es\/ash-group-multipurpose\/ash-vt450-vario-euro-6\/#breadcrumb","itemListElement":[{"@type":"ListItem","position":1,"name":"Home","item":"https:\/\/telemet.com\/es\/"},{"@type":"ListItem","position":2,"name":"Aebi Schmidt Multipurpose","item":"https:\/\/telemet.com\/es\/ash-group-multipurpose\/"},{"@type":"ListItem","position":3,"name":"Aebi-Schmidt VT450 Vario Euro 6"}]},{"@type":"WebSite","@id":"https:\/\/telemet.com\/es\/#website","url":"https:\/\/telemet.com\/es\/","name":"Telemet, Inc.","description":"Efficiency through Simplicity","potentialAction":[{"@type":"SearchAction","target":{"@type":"EntryPoint","urlTemplate":"https:\/\/telemet.com\/es\/?s={search_term_string}"},"query-input":{"@type":"PropertyValueSpecification","valueRequired":true,"valueName":"search_term_string"}}],"inLanguage":"es-ES"}]}},"_links":{"self":[{"href":"https:\/\/telemet.com\/es\/wp-json\/wp\/v2\/pages\/7559","targetHints":{"allow":["GET"]}}],"collection":[{"href":"https:\/\/telemet.com\/es\/wp-json\/wp\/v2\/pages"}],"about":[{"href":"https:\/\/telemet.com\/es\/wp-json\/wp\/v2\/types\/page"}],"author":[{"embeddable":true,"href":"https:\/\/telemet.com\/es\/wp-json\/wp\/v2\/users\/1"}],"replies":[{"embeddable":true,"href":"https:\/\/telemet.com\/es\/wp-json\/wp\/v2\/comments?post=7559"}],"version-history":[{"count":3,"href":"https:\/\/telemet.com\/es\/wp-json\/wp\/v2\/pages\/7559\/revisions"}],"predecessor-version":[{"id":13924,"href":"https:\/\/telemet.com\/es\/wp-json\/wp\/v2\/pages\/7559\/revisions\/13924"}],"up":[{"embeddable":true,"href":"https:\/\/telemet.com\/es\/wp-json\/wp\/v2\/pages\/6625"}],"wp:attachment":[{"href":"https:\/\/telemet.com\/es\/wp-json\/wp\/v2\/media?parent=7559"}],"curies":[{"name":"wp","href":"https:\/\/api.w.org\/{rel}","templated":true}]}}