{"id":7612,"date":"2016-11-23T14:01:13","date_gmt":"2016-11-23T14:01:07","guid":{"rendered":"http:\/\/telemet.com\/es\/ash-group-multipurpose\/ash-tt281\/"},"modified":"2023-08-18T13:37:36","modified_gmt":"2023-08-18T13:37:36","slug":"ash-tt281","status":"publish","type":"page","link":"https:\/\/telemet.com\/es\/ash-group-multipurpose\/ash-tt281\/","title":{"rendered":"Aebi-Schmidt TT281"},"content":{"rendered":"<div class=\"fusion-fullwidth fullwidth-box fusion-builder-row-1 nonhundred-percent-fullwidth non-hundred-percent-height-scrolling\" style=\"--awb-background-position:left top;--awb-border-radius-top-left:0px;--awb-border-radius-top-right:0px;--awb-border-radius-bottom-right:0px;--awb-border-radius-bottom-left:0px;--awb-padding-top:0px;--awb-padding-bottom:20px;--awb-border-sizes-top:0px;--awb-border-sizes-bottom:0px;--awb-flex-wrap:wrap;\" ><div class=\"fusion-builder-row fusion-row\"><div class=\"fusion-layout-column fusion_builder_column fusion-builder-column-0 fusion_builder_column_1_1 1_1 fusion-one-full fusion-column-first fusion-column-last fusion-column-no-min-height\" style=\"--awb-bg-size:cover;--awb-margin-top:0px;--awb-margin-bottom:0px;\"><div class=\"fusion-column-wrapper fusion-flex-column-wrapper-legacy\"><div class=\"fusion-image-element fusion-image-align-center in-legacy-container\" style=\"text-align:center;--awb-caption-title-font-family:var(--h2_typography-font-family);--awb-caption-title-font-weight:var(--h2_typography-font-weight);--awb-caption-title-font-style:var(--h2_typography-font-style);--awb-caption-title-size:var(--h2_typography-font-size);--awb-caption-title-transform:var(--h2_typography-text-transform);--awb-caption-title-line-height:var(--h2_typography-line-height);--awb-caption-title-letter-spacing:var(--h2_typography-letter-spacing);\"><div class=\"imageframe-align-center\"><span class=\" fusion-imageframe imageframe-none imageframe-1 hover-type-none\"><img decoding=\"async\" width=\"900\" height=\"599\" title=\"aebi_tt281_golf\" src=\"https:\/\/telemet.com\/wp-content\/uploads\/2016\/11\/Aebi_TT281_Golf.jpg\" alt class=\"img-responsive wp-image-13880\" srcset=\"https:\/\/telemet.com\/wp-content\/uploads\/2016\/11\/Aebi_TT281_Golf-200x133.jpg 200w, https:\/\/telemet.com\/wp-content\/uploads\/2016\/11\/Aebi_TT281_Golf-400x266.jpg 400w, https:\/\/telemet.com\/wp-content\/uploads\/2016\/11\/Aebi_TT281_Golf-600x399.jpg 600w, https:\/\/telemet.com\/wp-content\/uploads\/2016\/11\/Aebi_TT281_Golf-800x532.jpg 800w, https:\/\/telemet.com\/wp-content\/uploads\/2016\/11\/Aebi_TT281_Golf.jpg 900w\" sizes=\"(max-width: 800px) 100vw, 900px\" \/><\/span><\/div><\/div><div class=\"fusion-sep-clear\"><\/div><div class=\"fusion-separator fusion-full-width-sep\" style=\"margin-left: auto;margin-right: auto;margin-top:20px;width:100%;\"><\/div><div class=\"fusion-sep-clear\"><\/div><div class=\"fusion-align-block\"><a class=\"fusion-button button-flat button-xlarge button-default fusion-button-default button-1 fusion-button-default-span \" style=\"width:calc(100%);\" target=\"_blank\" rel=\"noopener noreferrer\" title=\"Download Brochure\" aria-label=\"Download Brochure\" href=\"\/wp-content\/uploads\/2016\/11\/AL_TT281_en.pdf\"><span class=\"fusion-button-text awb-button__text awb-button__text--default\">Download Brochure (PDF)<\/span><i class=\" fa fa-file-pdf-o awb-button__icon awb-button__icon--default button-icon-right\" aria-hidden=\"true\"><\/i><\/a><\/div><div class=\"fusion-sep-clear\"><\/div><div class=\"fusion-separator fusion-full-width-sep\" style=\"margin-left: auto;margin-right: auto;margin-top:20px;width:100%;\"><\/div><div class=\"fusion-sep-clear\"><\/div><div class=\"fusion-align-block\"><a class=\"fusion-button button-flat button-xlarge button-default fusion-button-default button-2 fusion-button-default-span \" style=\"width:calc(100%);\" target=\"_blank\" rel=\"noopener noreferrer\" title=\"Download Brochure\" aria-label=\"Download Brochure\" href=\"\/wp-content\/uploads\/2016\/11\/AB_TT_Kom_EN.pdf\"><span class=\"fusion-button-text awb-button__text awb-button__text--default\">Download General Brochure (PDF)<\/span><i class=\" fa fa-file-pdf-o awb-button__icon awb-button__icon--default button-icon-right\" aria-hidden=\"true\"><\/i><\/a><\/div><div class=\"fusion-sep-clear\"><\/div><div class=\"fusion-separator fusion-full-width-sep\" style=\"margin-left: auto;margin-right: auto;margin-top:20px;width:100%;\"><\/div><div class=\"fusion-sep-clear\"><\/div><div class=\"fusion-text fusion-text-1\"><h3>Comodidad<\/h3>\n<p>El mejor lugar de trabajo en su clase. \u00a1Prometido!<br \/>\nCabina silenciosa, perfecto ambiente de trabajo gracias a un sistema de control autom\u00e1tico del climatizador , lista de detalles pr\u00e1cticos, enchufe USB, opciones de almacenamiento y un compartimento para tel\u00e9fono m\u00f3vil &#8211; simplemente un lugar de trabajo c\u00f3modo. A esto se a\u00f1ade una vista panor\u00e1mica perfecta de los alrededores y los instrumentos mediante sus amplias \u00e1reas acristaladas. El espacio abierto y su funcionalidad le encantar\u00e1n. Un puesto de conducci\u00f3n, acorde a las m\u00e1s altas exigencias. \u00bfPor qu\u00e9 conformarse con menos?<\/p>\n<p>C\u00f3modo hasta en los detalles m\u00e1s finos<br \/>\nUsted se va a encontrar con un manejo que no deja nada que desear en el nuevo Terratrac. Los sistemas hidr\u00e1ulicos delanteros permiten adaptar opcionalmente accesorios de las categor\u00edas I y II. Un engranaje de marcha atr\u00e1s opcional ofrece la mayor flexibilidad posible &#8211; con facilidad y comodidad. Compacto y extremadamente \u00e1gil, el Terratrac se puede maniobrar con facilidad, ya sea en pendientes pronunciadas desafiantes o en espacios abiertos. \u00a1Adem\u00e1s tambi\u00e9n es muy divertido de conducir! Por \u00faltimo, pero no menos importante, la facilidad de mantenimiento tambi\u00e9n se ha mejorado. Se puede acceder muy f\u00e1cilmente a todos los componentes importantes en cualquier momento. El nuevo Aebi Terratrac representa la pura comodidad. Creemos que se lo ha ganado.<\/p>\n<p>La tecnolog\u00eda inteligente que piensa por usted<br \/>\nLa tecnolog\u00eda inteligente como los acoplamientos, por ejemplo, ayudan al conductor en su trabajo y mejoran la seguridad. Con botones programables de forma individual sobre la palanca de accionamiento. M\u00faltiples funciones y acciones pueden ser activadas presionando un bot\u00f3n mientras contin\u00faa concentr\u00e1ndose en la conducci\u00f3n o en maniobras de giro r\u00e1pido. Cuando se sube el acoplamiento delantero, la direcci\u00f3n a las cuatro ruedas se enciende autom\u00e1ticamente, por ejemplo, y el acoplamiento trasero se eleva tambi\u00e9n. Guardar una vez, llamar autom\u00e1ticamente. \u00a1Simple, conveniente y confiable!<\/p>\n<h3>Manejo<\/h3>\n<p>Una palanca de accionamiento sin problema<br \/>\nNo hay mejor ergonom\u00eda, confort y funcionalidad. Prep\u00e1rese para una nueva generaci\u00f3n de palancas de accionamiento y deje que el nuevo concepto le impresione.<br \/>\n\u00a1Identificaci\u00f3n y control ultra r\u00e1pido de los instrumentos con un solo dedo!<br \/>\nIngeniosamente simple. Cambiar de direcci\u00f3n con rapidez y facilidad, sin parar &#8211; no hay problema. Entrar y conducir. Gracias a su manejo intuitivo ya no es necesario emplear tiempo estudiando los manuales. Porque lo sabemos: su tiempo es valioso y tambi\u00e9n lo es su salud. Por tanto, la nueva palanca de accionamiento con NAVEGADOR INTELIGENTE est\u00e1 integrada opcionalmente en el reposabrazos y permite una postura relajada en cualquier situaci\u00f3n.<\/p>\n<p>En pocas palabras &#8211; nuevo concepto de visualizaci\u00f3n<br \/>\nCon un concepto totalmente nuevo y el men\u00fa de navegaci\u00f3n redise\u00f1ado, se establece un nuevo nivel de comodidad y claridad para el manejo a trav\u00e9s de la pantalla. Y menos es m\u00e1s: s\u00f3lo se muestra la informaci\u00f3n que realmente se necesita para el trabajo. Sus ojos tambi\u00e9n agradecer\u00e1n la funci\u00f3n de d\u00eda y de noche en la pantalla.<\/p>\n<h3>Elegante e inteligente<\/h3>\n<p>Una decisi\u00f3n, dos opciones<br \/>\nEn el acoplamiento delantero, es posible cambiar entre Cat I y II, y viene de serie. De este modo todos los implementos se pueden accionar con un acoplamiento delantero. Se consiguen las m\u00e1s altas capacidades de elevaci\u00f3n y los mayores rendimientos hidr\u00e1ulicos.<\/p>\n<p>S\u00f3lo de la forma en que lo necesite.<br \/>\nCuando se pide un veh\u00edculo nuevo a f\u00e1brica, se puede elegir la direcci\u00f3n de giro de la toma de fuerza frontal, pero tambi\u00e9n se puede cambiar en cualquier momento despu\u00e9s del pedido con poco esfuerzo. \u00bfCuenta ya con maquinaria pero todav\u00eda no es un cliente de Aebi? \u00a1No hay problema! El veh\u00edculo se adapta a sus trabajos. Muy simple.<\/p>\n<h3>Sostenibilidad<\/h3>\n<p>Ahorrar durante la conducci\u00f3n no es contradicci\u00f3n<br \/>\n\u00bfAhorrando mientras se conduce? No es ninguna contradicci\u00f3n con la funci\u00f3n de desplazamiento ecol\u00f3gico. La velocidad del motor se reduce, mientras que la velocidad del veh\u00edculo se mantiene sin cambios. Esto se traduce en un menor consumo de combustible y el nivel de ruido se reduce. Convincente, eficaz y sostenible. El potente motor de fase IV es NOx optimizado y tiene unas emisiones m\u00e1s bajas que nunca. El AdBlue se utiliza para el tratamiento de gases de escape. Esta urea neutraliza los \u00f3xidos de nitr\u00f3geno y los convierte en nitr\u00f3geno y vapor de agua. El AdBlue tambi\u00e9n es muy barato y biodegradable.<\/p>\n<p>Transmisi\u00f3n hidrost\u00e1tica controlada el\u00e9ctricamente<br \/>\nTiene autom\u00e1ticamente la configuraci\u00f3n correcta para cualquier trabajo. Cuatro modos de desplazamiento disponibles \u2013 traslado, trabajo I, trabajo II, proporcional. Priorizaci\u00f3n entre el motor y la toma de fuerza. El flujo de potencia entre el accionamiento y la toma de fuerza se prioriza seg\u00fan diferentes grados. El control de accionamiento autom\u00e1tico (ADC por sus siglas en ingl\u00e9s) asegura que la potencia entregada se ajusta exactamente a lo que se necesita a la salida de la toma de fuerza. El nuevo veh\u00edculo multi cargador de Aebi est\u00e1 perfectamente equipado para usted. V\u00e9alo por usted mismo.<\/p>\n<h3>Eficiencia<\/h3>\n<p>Quien compre hoy tambi\u00e9n est\u00e1 pensando en el ma\u00f1ana<br \/>\nConsiga la mejor inversi\u00f3n para el futuro con el nuevo veh\u00edculo potente y multifuncional. Un alto nivel de eficiencia combinada con la inmejorable conservaci\u00f3n de su valor &#8211; esta inversi\u00f3n dar\u00e1 beneficios que incluso despu\u00e9s de muchos a\u00f1os de uso. Los factores que influyen en la eficiencia general incluyen un motor econ\u00f3mico, Eco-Drive, ADC, conectores, acoples , y la tecnolog\u00eda de \u00faltima generaci\u00f3n que se adapta a los trabajos, y ahorran recursos. Esto permite alcanzar hasta un 15% de ahorro en el combustible.<\/p>\n<p>Un uso m\u00e1s eficiente de la energ\u00eda significa que hay m\u00e1s energ\u00eda adicional disponible para la transmisi\u00f3n y la toma de fuerza. M\u00e1s potencia, mayor seguridad, menor consumo de combustible. Adem\u00e1s, el Tiptronic regulable asegura que la velocidad se puede ajustar delicadamente. Trabajar de una manera inteligente significa la plena utilizaci\u00f3n del potencial de optimizaci\u00f3n. El nuevo Terratrac de Aebi es sin\u00f3nimo de eficiencia, rentabilidad, seguridad y comodidad como nunca antes &#8211; y sin ning\u00fan compromiso.<\/p>\n<h3>\u00a1D\u00e9jese inspirar!<\/h3>\n<p>\u00a1Menos es m\u00e1s!<br \/>\n\u00bfPor qu\u00e9 desperdiciar recursos costosos innecesariamente? El sistema hidr\u00e1ulico inteligente s\u00f3lo consume la cantidad de aceite hidr\u00e1ulico que la operaci\u00f3n en curso requiera y por lo tanto reduce el consumo de combustible sin ninguna p\u00e9rdida de rendimiento. \u00a1Una ventaja que realmente aporta beneficios!<\/p>\n<p>\u00a1Frescor -! El sistema<br \/>\nLa intensidad del ventilador del sistema de refrigeraci\u00f3n se controla de acuerdo con la carga t\u00e9rmica en el veh\u00edculo. Lo mismo se aplica aqu\u00ed: m\u00e1s potencia disponible, menor consumo de combustible. Esta es la tecnolog\u00eda del fr\u00edo en el sentido m\u00e1s estricto, que piensa por usted &#8211; especialmente para trabajos dif\u00edciles.<\/p>\n<p>\u00a1M\u00e1s que aire caliente!<br \/>\nEl ventilador reversible puede cambiar de direcci\u00f3n durante el funcionamiento. Usted se beneficia de un sistema de refrigeraci\u00f3n de auto-limpieza y por lo tanto m\u00e1s potencia disponible. \u00bfTrabaja usted o lo deja trabajar? El nuevo Aebi proporciona asistencia excepcional en cualquier situaci\u00f3n.<\/p>\n<h3>Dise\u00f1o<\/h3>\n<p>Poderoso. Elegante. Revolucionario. Una obra maestra de dise\u00f1o y car\u00e1cter.<br \/>\nJunto con la tecnolog\u00eda de vanguardia, nuestros requerimientos de alta calidad y un concepto de manejo innovador, el dise\u00f1o se convierte en experiencia. 109 HP nunca han parecido tan maravillosos.<\/p>\n<\/div><div class=\"fusion-clearfix\"><\/div><\/div><\/div><\/div><\/div>\n","protected":false},"excerpt":{"rendered":"","protected":false},"author":1,"featured_media":0,"parent":6625,"menu_order":14,"comment_status":"closed","ping_status":"closed","template":"side-navigation.php","meta":{"footnotes":""},"class_list":["post-7612","page","type-page","status-publish","hentry"],"yoast_head":"<!-- This site is optimized with the Yoast SEO plugin v26.2 - https:\/\/yoast.com\/wordpress\/plugins\/seo\/ -->\n<title>Aebi-Schmidt TT281 - Telemet<\/title>\n<meta name=\"robots\" content=\"index, follow, max-snippet:-1, max-image-preview:large, max-video-preview:-1\" \/>\n<link rel=\"canonical\" href=\"https:\/\/telemet.com\/es\/ash-group-multipurpose\/ash-tt281\/\" \/>\n<meta property=\"og:locale\" content=\"es_ES\" \/>\n<meta property=\"og:type\" content=\"article\" \/>\n<meta property=\"og:title\" content=\"Aebi-Schmidt TT281 - Telemet\" \/>\n<meta property=\"og:url\" content=\"https:\/\/telemet.com\/es\/ash-group-multipurpose\/ash-tt281\/\" \/>\n<meta property=\"og:site_name\" content=\"Telemet\" \/>\n<meta property=\"article:modified_time\" content=\"2023-08-18T13:37:36+00:00\" \/>\n<meta property=\"og:image\" content=\"https:\/\/telemet.com\/wp-content\/uploads\/2016\/11\/Aebi_TT281_Golf.jpg\" \/>\n<meta name=\"twitter:card\" content=\"summary_large_image\" \/>\n<meta name=\"twitter:label1\" content=\"Tiempo de lectura\" \/>\n\t<meta name=\"twitter:data1\" content=\"8 minutes\" \/>\n<script type=\"application\/ld+json\" class=\"yoast-schema-graph\">{\"@context\":\"https:\/\/schema.org\",\"@graph\":[{\"@type\":\"WebPage\",\"@id\":\"https:\/\/telemet.com\/es\/ash-group-multipurpose\/ash-tt281\/\",\"url\":\"https:\/\/telemet.com\/es\/ash-group-multipurpose\/ash-tt281\/\",\"name\":\"Aebi-Schmidt TT281 - Telemet\",\"isPartOf\":{\"@id\":\"https:\/\/telemet.com\/es\/#website\"},\"primaryImageOfPage\":{\"@id\":\"https:\/\/telemet.com\/es\/ash-group-multipurpose\/ash-tt281\/#primaryimage\"},\"image\":{\"@id\":\"https:\/\/telemet.com\/es\/ash-group-multipurpose\/ash-tt281\/#primaryimage\"},\"thumbnailUrl\":\"https:\/\/telemet.com\/wp-content\/uploads\/2016\/11\/Aebi_TT281_Golf.jpg\",\"datePublished\":\"2016-11-23T14:01:07+00:00\",\"dateModified\":\"2023-08-18T13:37:36+00:00\",\"breadcrumb\":{\"@id\":\"https:\/\/telemet.com\/es\/ash-group-multipurpose\/ash-tt281\/#breadcrumb\"},\"inLanguage\":\"es-ES\",\"potentialAction\":[{\"@type\":\"ReadAction\",\"target\":[\"https:\/\/telemet.com\/es\/ash-group-multipurpose\/ash-tt281\/\"]}]},{\"@type\":\"ImageObject\",\"inLanguage\":\"es-ES\",\"@id\":\"https:\/\/telemet.com\/es\/ash-group-multipurpose\/ash-tt281\/#primaryimage\",\"url\":\"https:\/\/telemet.com\/wp-content\/uploads\/2016\/11\/Aebi_TT281_Golf.jpg\",\"contentUrl\":\"https:\/\/telemet.com\/wp-content\/uploads\/2016\/11\/Aebi_TT281_Golf.jpg\"},{\"@type\":\"BreadcrumbList\",\"@id\":\"https:\/\/telemet.com\/es\/ash-group-multipurpose\/ash-tt281\/#breadcrumb\",\"itemListElement\":[{\"@type\":\"ListItem\",\"position\":1,\"name\":\"Home\",\"item\":\"https:\/\/telemet.com\/es\/\"},{\"@type\":\"ListItem\",\"position\":2,\"name\":\"Aebi Schmidt Multipurpose\",\"item\":\"https:\/\/telemet.com\/es\/ash-group-multipurpose\/\"},{\"@type\":\"ListItem\",\"position\":3,\"name\":\"Aebi-Schmidt TT281\"}]},{\"@type\":\"WebSite\",\"@id\":\"https:\/\/telemet.com\/es\/#website\",\"url\":\"https:\/\/telemet.com\/es\/\",\"name\":\"Telemet, Inc.\",\"description\":\"Efficiency through Simplicity\",\"potentialAction\":[{\"@type\":\"SearchAction\",\"target\":{\"@type\":\"EntryPoint\",\"urlTemplate\":\"https:\/\/telemet.com\/es\/?s={search_term_string}\"},\"query-input\":{\"@type\":\"PropertyValueSpecification\",\"valueRequired\":true,\"valueName\":\"search_term_string\"}}],\"inLanguage\":\"es-ES\"}]}<\/script>\n<!-- \/ Yoast SEO plugin. -->","yoast_head_json":{"title":"Aebi-Schmidt TT281 - Telemet","robots":{"index":"index","follow":"follow","max-snippet":"max-snippet:-1","max-image-preview":"max-image-preview:large","max-video-preview":"max-video-preview:-1"},"canonical":"https:\/\/telemet.com\/es\/ash-group-multipurpose\/ash-tt281\/","og_locale":"es_ES","og_type":"article","og_title":"Aebi-Schmidt TT281 - Telemet","og_url":"https:\/\/telemet.com\/es\/ash-group-multipurpose\/ash-tt281\/","og_site_name":"Telemet","article_modified_time":"2023-08-18T13:37:36+00:00","og_image":[{"url":"https:\/\/telemet.com\/wp-content\/uploads\/2016\/11\/Aebi_TT281_Golf.jpg","type":"","width":"","height":""}],"twitter_card":"summary_large_image","twitter_misc":{"Tiempo de lectura":"8 minutes"},"schema":{"@context":"https:\/\/schema.org","@graph":[{"@type":"WebPage","@id":"https:\/\/telemet.com\/es\/ash-group-multipurpose\/ash-tt281\/","url":"https:\/\/telemet.com\/es\/ash-group-multipurpose\/ash-tt281\/","name":"Aebi-Schmidt TT281 - Telemet","isPartOf":{"@id":"https:\/\/telemet.com\/es\/#website"},"primaryImageOfPage":{"@id":"https:\/\/telemet.com\/es\/ash-group-multipurpose\/ash-tt281\/#primaryimage"},"image":{"@id":"https:\/\/telemet.com\/es\/ash-group-multipurpose\/ash-tt281\/#primaryimage"},"thumbnailUrl":"https:\/\/telemet.com\/wp-content\/uploads\/2016\/11\/Aebi_TT281_Golf.jpg","datePublished":"2016-11-23T14:01:07+00:00","dateModified":"2023-08-18T13:37:36+00:00","breadcrumb":{"@id":"https:\/\/telemet.com\/es\/ash-group-multipurpose\/ash-tt281\/#breadcrumb"},"inLanguage":"es-ES","potentialAction":[{"@type":"ReadAction","target":["https:\/\/telemet.com\/es\/ash-group-multipurpose\/ash-tt281\/"]}]},{"@type":"ImageObject","inLanguage":"es-ES","@id":"https:\/\/telemet.com\/es\/ash-group-multipurpose\/ash-tt281\/#primaryimage","url":"https:\/\/telemet.com\/wp-content\/uploads\/2016\/11\/Aebi_TT281_Golf.jpg","contentUrl":"https:\/\/telemet.com\/wp-content\/uploads\/2016\/11\/Aebi_TT281_Golf.jpg"},{"@type":"BreadcrumbList","@id":"https:\/\/telemet.com\/es\/ash-group-multipurpose\/ash-tt281\/#breadcrumb","itemListElement":[{"@type":"ListItem","position":1,"name":"Home","item":"https:\/\/telemet.com\/es\/"},{"@type":"ListItem","position":2,"name":"Aebi Schmidt Multipurpose","item":"https:\/\/telemet.com\/es\/ash-group-multipurpose\/"},{"@type":"ListItem","position":3,"name":"Aebi-Schmidt TT281"}]},{"@type":"WebSite","@id":"https:\/\/telemet.com\/es\/#website","url":"https:\/\/telemet.com\/es\/","name":"Telemet, Inc.","description":"Efficiency through Simplicity","potentialAction":[{"@type":"SearchAction","target":{"@type":"EntryPoint","urlTemplate":"https:\/\/telemet.com\/es\/?s={search_term_string}"},"query-input":{"@type":"PropertyValueSpecification","valueRequired":true,"valueName":"search_term_string"}}],"inLanguage":"es-ES"}]}},"_links":{"self":[{"href":"https:\/\/telemet.com\/es\/wp-json\/wp\/v2\/pages\/7612","targetHints":{"allow":["GET"]}}],"collection":[{"href":"https:\/\/telemet.com\/es\/wp-json\/wp\/v2\/pages"}],"about":[{"href":"https:\/\/telemet.com\/es\/wp-json\/wp\/v2\/types\/page"}],"author":[{"embeddable":true,"href":"https:\/\/telemet.com\/es\/wp-json\/wp\/v2\/users\/1"}],"replies":[{"embeddable":true,"href":"https:\/\/telemet.com\/es\/wp-json\/wp\/v2\/comments?post=7612"}],"version-history":[{"count":3,"href":"https:\/\/telemet.com\/es\/wp-json\/wp\/v2\/pages\/7612\/revisions"}],"predecessor-version":[{"id":13935,"href":"https:\/\/telemet.com\/es\/wp-json\/wp\/v2\/pages\/7612\/revisions\/13935"}],"up":[{"embeddable":true,"href":"https:\/\/telemet.com\/es\/wp-json\/wp\/v2\/pages\/6625"}],"wp:attachment":[{"href":"https:\/\/telemet.com\/es\/wp-json\/wp\/v2\/media?parent=7612"}],"curies":[{"name":"wp","href":"https:\/\/api.w.org\/{rel}","templated":true}]}}