{"id":7627,"date":"2016-11-23T18:04:13","date_gmt":"2016-11-23T18:04:14","guid":{"rendered":"http:\/\/telemet.com\/es\/ash-group-multipurpose\/ash-cc36\/"},"modified":"2023-08-18T13:37:59","modified_gmt":"2023-08-18T13:37:59","slug":"ash-cc36","status":"publish","type":"page","link":"https:\/\/telemet.com\/es\/ash-group-multipurpose\/ash-cc36\/","title":{"rendered":"Aebi-Schmidt CC36"},"content":{"rendered":"<div class=\"fusion-fullwidth fullwidth-box fusion-builder-row-1 nonhundred-percent-fullwidth non-hundred-percent-height-scrolling\" style=\"--awb-background-position:left top;--awb-border-radius-top-left:0px;--awb-border-radius-top-right:0px;--awb-border-radius-bottom-right:0px;--awb-border-radius-bottom-left:0px;--awb-padding-top:0px;--awb-padding-bottom:20px;--awb-border-sizes-top:0px;--awb-border-sizes-bottom:0px;--awb-flex-wrap:wrap;\" ><div class=\"fusion-builder-row fusion-row\"><div class=\"fusion-layout-column fusion_builder_column fusion-builder-column-0 fusion_builder_column_1_1 1_1 fusion-one-full fusion-column-first fusion-column-last fusion-column-no-min-height\" style=\"--awb-bg-size:cover;--awb-margin-top:0px;--awb-margin-bottom:0px;\"><div class=\"fusion-column-wrapper fusion-flex-column-wrapper-legacy\"><div class=\"fusion-image-element fusion-image-align-center in-legacy-container\" style=\"text-align:center;--awb-caption-title-font-family:var(--h2_typography-font-family);--awb-caption-title-font-weight:var(--h2_typography-font-weight);--awb-caption-title-font-style:var(--h2_typography-font-style);--awb-caption-title-size:var(--h2_typography-font-size);--awb-caption-title-transform:var(--h2_typography-text-transform);--awb-caption-title-line-height:var(--h2_typography-line-height);--awb-caption-title-letter-spacing:var(--h2_typography-letter-spacing);\"><div class=\"imageframe-align-center\"><span class=\" fusion-imageframe imageframe-none imageframe-1 hover-type-none\"><img decoding=\"async\" width=\"800\" height=\"599\" title=\"combicut_aebi_cc36_\" src=\"https:\/\/telemet.com\/wp-content\/uploads\/2016\/11\/Combicut_Aebi_CC36_.jpg\" alt class=\"img-responsive wp-image-13892\" srcset=\"https:\/\/telemet.com\/wp-content\/uploads\/2016\/11\/Combicut_Aebi_CC36_-200x150.jpg 200w, https:\/\/telemet.com\/wp-content\/uploads\/2016\/11\/Combicut_Aebi_CC36_-400x300.jpg 400w, https:\/\/telemet.com\/wp-content\/uploads\/2016\/11\/Combicut_Aebi_CC36_-600x449.jpg 600w, https:\/\/telemet.com\/wp-content\/uploads\/2016\/11\/Combicut_Aebi_CC36_.jpg 800w\" sizes=\"(max-width: 800px) 100vw, 800px\" \/><\/span><\/div><\/div><div class=\"fusion-sep-clear\"><\/div><div class=\"fusion-separator fusion-full-width-sep\" style=\"margin-left: auto;margin-right: auto;margin-top:20px;width:100%;\"><\/div><div class=\"fusion-sep-clear\"><\/div><div class=\"fusion-align-block\"><a class=\"fusion-button button-flat button-xlarge button-default fusion-button-default button-1 fusion-button-default-span \" style=\"width:calc(100%);\" target=\"_blank\" rel=\"noopener noreferrer\" title=\"Download Brochure\" aria-label=\"Download Brochure\" href=\"\/wp-content\/uploads\/2016\/11\/AL_CC36_en.pdf\"><span class=\"fusion-button-text awb-button__text awb-button__text--default\">Download Brochure (PDF)<\/span><i class=\" fa fa-file-pdf-o awb-button__icon awb-button__icon--default button-icon-right\" aria-hidden=\"true\"><\/i><\/a><\/div><div class=\"fusion-sep-clear\"><\/div><div class=\"fusion-separator fusion-full-width-sep\" style=\"margin-left: auto;margin-right: auto;margin-top:20px;width:100%;\"><\/div><div class=\"fusion-sep-clear\"><\/div><div class=\"fusion-text fusion-text-1\"><p>Las especificaciones dicen ligero, moderno, fiable y con buena relaci\u00f3n coste\/rendimiento. El Aebi CC36 cumple de forma notable estos requisitos. Esta segadora de monta\u00f1a ha sido dise\u00f1ada para su uso seguro, c\u00f3modo y ligero en terreno pendiente. Su tecnolog\u00eda y sus destacadas caracter\u00edsticas provienen de dos modelos m\u00e1s grandes y de eficacia demostrada miles de veces, los Aebi CC56 y CC66. Al sacar al mercado este nuevo modelo Aebi completa su gama de productos compactos Combicut con accionamiento hidrost\u00e1tico de las ruedas y direcci\u00f3n activa.<\/p>\n<p>El Aebi CC36 muestra un accionamiento de rueda hidrost\u00e1tico progresivo, que se puede operar con el pulgar en direcciones de avance (0-8 km\/h) y retroceso (0-4 km\/h). Se pueden seleccionar tres tipos de direcci\u00f3n: direcci\u00f3n activa con esfuerzo m\u00ednimo a trav\u00e9s de los manillares o las palancas de conducci\u00f3n junto a las empu\u00f1aduras, y direcci\u00f3n manual a trav\u00e9s de manillares fijos. El ajuste de altura del brazo de direcci\u00f3n se grad\u00faa finamente. El CC36 es accionado por el motor de gasolina de 10 CV, con una capacidad c\u00fabica de 305 cm\u00b3. Utilizando los neum\u00e1ticos agr\u00edcolas la anchura m\u00ednima de la m\u00e1quina es de s\u00f3lo 750 mm. Los neum\u00e1ticos con perfil terra, ruedas gemelas, separadores de ruedas, ruedas de rejilla, ruedas de rejilla doble o ruedas dentadas est\u00e1n disponibles adicionalmente para su uso en terreno pendiente.<\/p>\n<p>El sistema de conector r\u00e1pido de Aebi, para un montaje f\u00e1cil de diferentes implementos, se mantiene sin cambios y hace de la CC36 una aut\u00e9ntica m\u00e1quina multifuncional. El equipamiento b\u00e1sico es amplio, y por tanto la lista de opciones es breve: se pueden pedir por separado el freno combinado con bloqueo de rueda, los faros de posici\u00f3n y los neum\u00e1ticos individuales adicionales.<br \/>\nEl Aebi CC36 muestra una amplia lista de caracter\u00edsticas excelentes, que facilitan el trabajo duro en pendientes pronunciadas. Por su econ\u00f3mico precio de compra la inversi\u00f3n en una tecnolog\u00eda fiable y de vanguardia, y en una excelente comodidad, se amortizar\u00e1 en muy poco tiempo para las peque\u00f1as empresas.<\/p>\n<\/div><div class=\"fusion-clearfix\"><\/div><\/div><\/div><\/div><\/div>\n","protected":false},"excerpt":{"rendered":"","protected":false},"author":1,"featured_media":0,"parent":6625,"menu_order":16,"comment_status":"closed","ping_status":"closed","template":"side-navigation.php","meta":{"footnotes":""},"class_list":["post-7627","page","type-page","status-publish","hentry"],"yoast_head":"<!-- This site is optimized with the Yoast SEO plugin v26.2 - https:\/\/yoast.com\/wordpress\/plugins\/seo\/ -->\n<title>Aebi-Schmidt CC36 - Telemet<\/title>\n<meta name=\"robots\" content=\"index, follow, max-snippet:-1, max-image-preview:large, max-video-preview:-1\" \/>\n<link rel=\"canonical\" href=\"https:\/\/telemet.com\/es\/ash-group-multipurpose\/ash-cc36\/\" \/>\n<meta property=\"og:locale\" content=\"es_ES\" \/>\n<meta property=\"og:type\" content=\"article\" \/>\n<meta property=\"og:title\" content=\"Aebi-Schmidt CC36 - Telemet\" \/>\n<meta property=\"og:url\" content=\"https:\/\/telemet.com\/es\/ash-group-multipurpose\/ash-cc36\/\" \/>\n<meta property=\"og:site_name\" content=\"Telemet\" \/>\n<meta property=\"article:modified_time\" content=\"2023-08-18T13:37:59+00:00\" \/>\n<meta property=\"og:image\" content=\"https:\/\/telemet.com\/wp-content\/uploads\/2016\/11\/Combicut_Aebi_CC36_.jpg\" \/>\n<meta name=\"twitter:card\" content=\"summary_large_image\" \/>\n<meta name=\"twitter:label1\" content=\"Tiempo de lectura\" \/>\n\t<meta name=\"twitter:data1\" content=\"3 minutes\" \/>\n<script type=\"application\/ld+json\" class=\"yoast-schema-graph\">{\"@context\":\"https:\/\/schema.org\",\"@graph\":[{\"@type\":\"WebPage\",\"@id\":\"https:\/\/telemet.com\/es\/ash-group-multipurpose\/ash-cc36\/\",\"url\":\"https:\/\/telemet.com\/es\/ash-group-multipurpose\/ash-cc36\/\",\"name\":\"Aebi-Schmidt CC36 - Telemet\",\"isPartOf\":{\"@id\":\"https:\/\/telemet.com\/es\/#website\"},\"primaryImageOfPage\":{\"@id\":\"https:\/\/telemet.com\/es\/ash-group-multipurpose\/ash-cc36\/#primaryimage\"},\"image\":{\"@id\":\"https:\/\/telemet.com\/es\/ash-group-multipurpose\/ash-cc36\/#primaryimage\"},\"thumbnailUrl\":\"https:\/\/telemet.com\/wp-content\/uploads\/2016\/11\/Combicut_Aebi_CC36_.jpg\",\"datePublished\":\"2016-11-23T18:04:14+00:00\",\"dateModified\":\"2023-08-18T13:37:59+00:00\",\"breadcrumb\":{\"@id\":\"https:\/\/telemet.com\/es\/ash-group-multipurpose\/ash-cc36\/#breadcrumb\"},\"inLanguage\":\"es-ES\",\"potentialAction\":[{\"@type\":\"ReadAction\",\"target\":[\"https:\/\/telemet.com\/es\/ash-group-multipurpose\/ash-cc36\/\"]}]},{\"@type\":\"ImageObject\",\"inLanguage\":\"es-ES\",\"@id\":\"https:\/\/telemet.com\/es\/ash-group-multipurpose\/ash-cc36\/#primaryimage\",\"url\":\"https:\/\/telemet.com\/wp-content\/uploads\/2016\/11\/Combicut_Aebi_CC36_.jpg\",\"contentUrl\":\"https:\/\/telemet.com\/wp-content\/uploads\/2016\/11\/Combicut_Aebi_CC36_.jpg\"},{\"@type\":\"BreadcrumbList\",\"@id\":\"https:\/\/telemet.com\/es\/ash-group-multipurpose\/ash-cc36\/#breadcrumb\",\"itemListElement\":[{\"@type\":\"ListItem\",\"position\":1,\"name\":\"Home\",\"item\":\"https:\/\/telemet.com\/es\/\"},{\"@type\":\"ListItem\",\"position\":2,\"name\":\"Aebi Schmidt Multipurpose\",\"item\":\"https:\/\/telemet.com\/es\/ash-group-multipurpose\/\"},{\"@type\":\"ListItem\",\"position\":3,\"name\":\"Aebi-Schmidt CC36\"}]},{\"@type\":\"WebSite\",\"@id\":\"https:\/\/telemet.com\/es\/#website\",\"url\":\"https:\/\/telemet.com\/es\/\",\"name\":\"Telemet, Inc.\",\"description\":\"Efficiency through Simplicity\",\"potentialAction\":[{\"@type\":\"SearchAction\",\"target\":{\"@type\":\"EntryPoint\",\"urlTemplate\":\"https:\/\/telemet.com\/es\/?s={search_term_string}\"},\"query-input\":{\"@type\":\"PropertyValueSpecification\",\"valueRequired\":true,\"valueName\":\"search_term_string\"}}],\"inLanguage\":\"es-ES\"}]}<\/script>\n<!-- \/ Yoast SEO plugin. -->","yoast_head_json":{"title":"Aebi-Schmidt CC36 - Telemet","robots":{"index":"index","follow":"follow","max-snippet":"max-snippet:-1","max-image-preview":"max-image-preview:large","max-video-preview":"max-video-preview:-1"},"canonical":"https:\/\/telemet.com\/es\/ash-group-multipurpose\/ash-cc36\/","og_locale":"es_ES","og_type":"article","og_title":"Aebi-Schmidt CC36 - Telemet","og_url":"https:\/\/telemet.com\/es\/ash-group-multipurpose\/ash-cc36\/","og_site_name":"Telemet","article_modified_time":"2023-08-18T13:37:59+00:00","og_image":[{"url":"https:\/\/telemet.com\/wp-content\/uploads\/2016\/11\/Combicut_Aebi_CC36_.jpg","type":"","width":"","height":""}],"twitter_card":"summary_large_image","twitter_misc":{"Tiempo de lectura":"3 minutes"},"schema":{"@context":"https:\/\/schema.org","@graph":[{"@type":"WebPage","@id":"https:\/\/telemet.com\/es\/ash-group-multipurpose\/ash-cc36\/","url":"https:\/\/telemet.com\/es\/ash-group-multipurpose\/ash-cc36\/","name":"Aebi-Schmidt CC36 - Telemet","isPartOf":{"@id":"https:\/\/telemet.com\/es\/#website"},"primaryImageOfPage":{"@id":"https:\/\/telemet.com\/es\/ash-group-multipurpose\/ash-cc36\/#primaryimage"},"image":{"@id":"https:\/\/telemet.com\/es\/ash-group-multipurpose\/ash-cc36\/#primaryimage"},"thumbnailUrl":"https:\/\/telemet.com\/wp-content\/uploads\/2016\/11\/Combicut_Aebi_CC36_.jpg","datePublished":"2016-11-23T18:04:14+00:00","dateModified":"2023-08-18T13:37:59+00:00","breadcrumb":{"@id":"https:\/\/telemet.com\/es\/ash-group-multipurpose\/ash-cc36\/#breadcrumb"},"inLanguage":"es-ES","potentialAction":[{"@type":"ReadAction","target":["https:\/\/telemet.com\/es\/ash-group-multipurpose\/ash-cc36\/"]}]},{"@type":"ImageObject","inLanguage":"es-ES","@id":"https:\/\/telemet.com\/es\/ash-group-multipurpose\/ash-cc36\/#primaryimage","url":"https:\/\/telemet.com\/wp-content\/uploads\/2016\/11\/Combicut_Aebi_CC36_.jpg","contentUrl":"https:\/\/telemet.com\/wp-content\/uploads\/2016\/11\/Combicut_Aebi_CC36_.jpg"},{"@type":"BreadcrumbList","@id":"https:\/\/telemet.com\/es\/ash-group-multipurpose\/ash-cc36\/#breadcrumb","itemListElement":[{"@type":"ListItem","position":1,"name":"Home","item":"https:\/\/telemet.com\/es\/"},{"@type":"ListItem","position":2,"name":"Aebi Schmidt Multipurpose","item":"https:\/\/telemet.com\/es\/ash-group-multipurpose\/"},{"@type":"ListItem","position":3,"name":"Aebi-Schmidt CC36"}]},{"@type":"WebSite","@id":"https:\/\/telemet.com\/es\/#website","url":"https:\/\/telemet.com\/es\/","name":"Telemet, Inc.","description":"Efficiency through Simplicity","potentialAction":[{"@type":"SearchAction","target":{"@type":"EntryPoint","urlTemplate":"https:\/\/telemet.com\/es\/?s={search_term_string}"},"query-input":{"@type":"PropertyValueSpecification","valueRequired":true,"valueName":"search_term_string"}}],"inLanguage":"es-ES"}]}},"_links":{"self":[{"href":"https:\/\/telemet.com\/es\/wp-json\/wp\/v2\/pages\/7627","targetHints":{"allow":["GET"]}}],"collection":[{"href":"https:\/\/telemet.com\/es\/wp-json\/wp\/v2\/pages"}],"about":[{"href":"https:\/\/telemet.com\/es\/wp-json\/wp\/v2\/types\/page"}],"author":[{"embeddable":true,"href":"https:\/\/telemet.com\/es\/wp-json\/wp\/v2\/users\/1"}],"replies":[{"embeddable":true,"href":"https:\/\/telemet.com\/es\/wp-json\/wp\/v2\/comments?post=7627"}],"version-history":[{"count":3,"href":"https:\/\/telemet.com\/es\/wp-json\/wp\/v2\/pages\/7627\/revisions"}],"predecessor-version":[{"id":13938,"href":"https:\/\/telemet.com\/es\/wp-json\/wp\/v2\/pages\/7627\/revisions\/13938"}],"up":[{"embeddable":true,"href":"https:\/\/telemet.com\/es\/wp-json\/wp\/v2\/pages\/6625"}],"wp:attachment":[{"href":"https:\/\/telemet.com\/es\/wp-json\/wp\/v2\/media?parent=7627"}],"curies":[{"name":"wp","href":"https:\/\/api.w.org\/{rel}","templated":true}]}}