{"id":7658,"date":"2016-11-23T18:35:13","date_gmt":"2016-11-23T18:35:50","guid":{"rendered":"http:\/\/telemet.com\/es\/ash-group-multipurpose\/ash-ec130\/"},"modified":"2023-08-18T13:39:07","modified_gmt":"2023-08-18T13:39:07","slug":"ash-ec130","status":"publish","type":"page","link":"https:\/\/telemet.com\/es\/ash-group-multipurpose\/ash-ec130\/","title":{"rendered":"Aebi-Schmidt EC130"},"content":{"rendered":"<div class=\"fusion-fullwidth fullwidth-box fusion-builder-row-1 nonhundred-percent-fullwidth non-hundred-percent-height-scrolling\" style=\"--awb-background-position:left top;--awb-border-radius-top-left:0px;--awb-border-radius-top-right:0px;--awb-border-radius-bottom-right:0px;--awb-border-radius-bottom-left:0px;--awb-padding-top:0px;--awb-padding-bottom:20px;--awb-border-sizes-top:0px;--awb-border-sizes-bottom:0px;--awb-flex-wrap:wrap;\" ><div class=\"fusion-builder-row fusion-row\"><div class=\"fusion-layout-column fusion_builder_column fusion-builder-column-0 fusion_builder_column_1_1 1_1 fusion-one-full fusion-column-first fusion-column-last fusion-column-no-min-height\" style=\"--awb-bg-size:cover;--awb-margin-top:0px;--awb-margin-bottom:0px;\"><div class=\"fusion-column-wrapper fusion-flex-column-wrapper-legacy\"><div class=\"fusion-image-element fusion-image-align-center in-legacy-container\" style=\"text-align:center;--awb-caption-title-font-family:var(--h2_typography-font-family);--awb-caption-title-font-weight:var(--h2_typography-font-weight);--awb-caption-title-font-style:var(--h2_typography-font-style);--awb-caption-title-size:var(--h2_typography-font-size);--awb-caption-title-transform:var(--h2_typography-text-transform);--awb-caption-title-line-height:var(--h2_typography-line-height);--awb-caption-title-letter-spacing:var(--h2_typography-letter-spacing);\"><div class=\"imageframe-align-center\"><span class=\" fusion-imageframe imageframe-none imageframe-1 hover-type-none\"><img decoding=\"async\" width=\"1200\" height=\"800\" title=\"aebi_ec130\" src=\"https:\/\/telemet.com\/wp-content\/uploads\/2016\/11\/aebi_ec130.jpg\" alt class=\"img-responsive wp-image-13910\" srcset=\"https:\/\/telemet.com\/wp-content\/uploads\/2016\/11\/aebi_ec130-200x133.jpg 200w, https:\/\/telemet.com\/wp-content\/uploads\/2016\/11\/aebi_ec130-400x267.jpg 400w, https:\/\/telemet.com\/wp-content\/uploads\/2016\/11\/aebi_ec130-600x400.jpg 600w, https:\/\/telemet.com\/wp-content\/uploads\/2016\/11\/aebi_ec130-800x533.jpg 800w, https:\/\/telemet.com\/wp-content\/uploads\/2016\/11\/aebi_ec130.jpg 1200w\" sizes=\"(max-width: 800px) 100vw, 1200px\" \/><\/span><\/div><\/div><div class=\"fusion-sep-clear\"><\/div><div class=\"fusion-separator fusion-full-width-sep\" style=\"margin-left: auto;margin-right: auto;margin-top:20px;width:100%;\"><\/div><div class=\"fusion-sep-clear\"><\/div><div class=\"fusion-align-block\"><a class=\"fusion-button button-flat button-xlarge button-default fusion-button-default button-1 fusion-button-default-span \" style=\"width:calc(100%);\" target=\"_blank\" rel=\"noopener noreferrer\" title=\"Download Brochure\" aria-label=\"Download Brochure\" href=\"\/wp-content\/uploads\/2016\/11\/aebi_ec130.jpg\"><span class=\"fusion-button-text awb-button__text awb-button__text--default\">Download Brochure (PDF)<\/span><i class=\" fa fa-file-pdf-o awb-button__icon awb-button__icon--default button-icon-right\" aria-hidden=\"true\"><\/i><\/a><\/div><div class=\"fusion-sep-clear\"><\/div><div class=\"fusion-separator fusion-full-width-sep\" style=\"margin-left: auto;margin-right: auto;margin-top:20px;width:100%;\"><\/div><div class=\"fusion-sep-clear\"><\/div><div class=\"fusion-text fusion-text-1\"><p>Como pioneros de veh\u00edculos multiusos para trabajos en terrenos inclinados,  Aebi se ha embarcado en una nueva era con el EC170 y EC130,  y est\u00e1 ampliando la gama de productos de CC, TT, PT y MT para incluir un servicio \u00e1gil, respetuoso con el medio ambiente, mediante las m\u00e1quinas de multiservicio dotadas de potentes motores el\u00e9ctricos y que son capaces de operar en los terrenos m\u00e1s dif\u00edciles. El Aebi EC es un veh\u00edculo que puede ser tripulado  (EC170) o con control remoto , as\u00ed como el EC 130 de uso teledirigido, equipados con orugas de resorte, 1.000 Nm de par y una fuerza de elevaci\u00f3n de 200 kg, que pueden ser utilizados en ambas vertientes y superficies planas.<\/p>\n<p>El Aebi E es el resultado de la cooperaci\u00f3n entre Aebi y la empresa austriaca Mattro, que se ubica en la ciudad de Schwaz. Como pionero en el \u00e1mbito de la movilidad el\u00e9ctrica y  de los conceptos energ\u00e9ticos, Mattro ha participado desde 2006 en el desarrollo del medio ambiente, y en los conceptos de movilidad el\u00e9ctrica para ofrecer un futuro viable y sostenible. Mattro tiene muchos a\u00f1os de experiencia con accionamientos el\u00e9ctricos en veh\u00edculos todo terreno. Basado en la plataforma Mattro existente que ha sido utilizada y probada por los clientes durante muchos a\u00f1os, el EC170 Aebi  ha sido desarrollado ahora conjuntamente y optimizado para su uso en la agricultura, y para aplicaciones municipales. El Aebi EC170 y EC130 puramente de control remoto se vender\u00e1n en todo el mundo exclusivamente por el Grupo de ASH. Ambas m\u00e1quinas se fabricar\u00e1n en la f\u00e1brica de Aebi en Burgdorf, Suiza.<br \/>\nEl Aebi EC170 y EC130 Aebi est\u00e1n alimentados por una eficiente bater\u00eda recargable de iones de litio e impulsados por dos motores el\u00e9ctricos de disco de gran alcance. Esto permite una salida de potencia m\u00e1xima de 18 kW, con cero emisiones de CO2. La bater\u00eda confiere a la m\u00e1quina un  bajo centro de gravedad, lo que supone un efecto positivo sobre las caracter\u00edsticas de conducci\u00f3n \/ trabajo. Las grandes superficies de contacto de las orugas y el bajo peso del veh\u00edculo proporcionan una presi\u00f3n muy baja y la m\u00e1xima capacidad todoterreno. La alta variedad de montaje de implementos convierten al Aebi EC en un verdadero talento multifuncional durante todo el a\u00f1o. Tanto si desea realizar trabajos de siega con una desbrozadora o un cortasetos, limpiezas municipales con un soplador de hojas y un cepillo de barrido,  o hacer el mantenimiento de invierno con una pala de nieve o una fresadora, el Aebi EC170 y EC130 Aebi lo hacen posible.<br \/>\nAmbos modelos est\u00e1n equipados con una bater\u00eda de 8,7 kWh de litio-ion de serie. El rango var\u00eda seg\u00fan el implemento y el tipo de uso y puede ser de hasta 3,5 horas. La m\u00e1quina puede seguir utiliz\u00e1ndose sin ninguna interrupci\u00f3n con una bater\u00eda adicional, que puede ser sustituida con tan s\u00f3lo unos sencillos pasos. Como opcional existen bater\u00edas de 10 kWh. Dependiendo de qu\u00e9 cargador se utiliza, el tiempo de carga es de 4 o 2,5 horas. La velocidad m\u00e1xima para ambos modelos es de 20 km \/ h.<\/p>\n<\/div><div class=\"fusion-clearfix\"><\/div><\/div><\/div><\/div><\/div>\n","protected":false},"excerpt":{"rendered":"","protected":false},"author":1,"featured_media":0,"parent":6625,"menu_order":20,"comment_status":"closed","ping_status":"closed","template":"side-navigation.php","meta":{"footnotes":""},"class_list":["post-7658","page","type-page","status-publish","hentry"],"yoast_head":"<!-- This site is optimized with the Yoast SEO plugin v26.2 - https:\/\/yoast.com\/wordpress\/plugins\/seo\/ -->\n<title>Aebi-Schmidt EC130 - Telemet<\/title>\n<meta name=\"robots\" content=\"index, follow, max-snippet:-1, max-image-preview:large, max-video-preview:-1\" \/>\n<link rel=\"canonical\" href=\"https:\/\/telemet.com\/es\/ash-group-multipurpose\/ash-ec130\/\" \/>\n<meta property=\"og:locale\" content=\"es_ES\" \/>\n<meta property=\"og:type\" content=\"article\" \/>\n<meta property=\"og:title\" content=\"Aebi-Schmidt EC130 - Telemet\" \/>\n<meta property=\"og:url\" content=\"https:\/\/telemet.com\/es\/ash-group-multipurpose\/ash-ec130\/\" \/>\n<meta property=\"og:site_name\" content=\"Telemet\" \/>\n<meta property=\"article:modified_time\" content=\"2023-08-18T13:39:07+00:00\" \/>\n<meta property=\"og:image\" content=\"https:\/\/telemet.com\/wp-content\/uploads\/2016\/11\/aebi_ec130.jpg\" \/>\n<meta name=\"twitter:card\" content=\"summary_large_image\" \/>\n<meta name=\"twitter:label1\" content=\"Tiempo de lectura\" \/>\n\t<meta name=\"twitter:data1\" content=\"4 minutes\" \/>\n<script type=\"application\/ld+json\" class=\"yoast-schema-graph\">{\"@context\":\"https:\/\/schema.org\",\"@graph\":[{\"@type\":\"WebPage\",\"@id\":\"https:\/\/telemet.com\/es\/ash-group-multipurpose\/ash-ec130\/\",\"url\":\"https:\/\/telemet.com\/es\/ash-group-multipurpose\/ash-ec130\/\",\"name\":\"Aebi-Schmidt EC130 - Telemet\",\"isPartOf\":{\"@id\":\"https:\/\/telemet.com\/es\/#website\"},\"primaryImageOfPage\":{\"@id\":\"https:\/\/telemet.com\/es\/ash-group-multipurpose\/ash-ec130\/#primaryimage\"},\"image\":{\"@id\":\"https:\/\/telemet.com\/es\/ash-group-multipurpose\/ash-ec130\/#primaryimage\"},\"thumbnailUrl\":\"https:\/\/telemet.com\/wp-content\/uploads\/2016\/11\/aebi_ec130.jpg\",\"datePublished\":\"2016-11-23T18:35:50+00:00\",\"dateModified\":\"2023-08-18T13:39:07+00:00\",\"breadcrumb\":{\"@id\":\"https:\/\/telemet.com\/es\/ash-group-multipurpose\/ash-ec130\/#breadcrumb\"},\"inLanguage\":\"es-ES\",\"potentialAction\":[{\"@type\":\"ReadAction\",\"target\":[\"https:\/\/telemet.com\/es\/ash-group-multipurpose\/ash-ec130\/\"]}]},{\"@type\":\"ImageObject\",\"inLanguage\":\"es-ES\",\"@id\":\"https:\/\/telemet.com\/es\/ash-group-multipurpose\/ash-ec130\/#primaryimage\",\"url\":\"https:\/\/telemet.com\/wp-content\/uploads\/2016\/11\/aebi_ec130.jpg\",\"contentUrl\":\"https:\/\/telemet.com\/wp-content\/uploads\/2016\/11\/aebi_ec130.jpg\"},{\"@type\":\"BreadcrumbList\",\"@id\":\"https:\/\/telemet.com\/es\/ash-group-multipurpose\/ash-ec130\/#breadcrumb\",\"itemListElement\":[{\"@type\":\"ListItem\",\"position\":1,\"name\":\"Home\",\"item\":\"https:\/\/telemet.com\/es\/\"},{\"@type\":\"ListItem\",\"position\":2,\"name\":\"Aebi Schmidt Multipurpose\",\"item\":\"https:\/\/telemet.com\/es\/ash-group-multipurpose\/\"},{\"@type\":\"ListItem\",\"position\":3,\"name\":\"Aebi-Schmidt EC130\"}]},{\"@type\":\"WebSite\",\"@id\":\"https:\/\/telemet.com\/es\/#website\",\"url\":\"https:\/\/telemet.com\/es\/\",\"name\":\"Telemet, Inc.\",\"description\":\"Efficiency through Simplicity\",\"potentialAction\":[{\"@type\":\"SearchAction\",\"target\":{\"@type\":\"EntryPoint\",\"urlTemplate\":\"https:\/\/telemet.com\/es\/?s={search_term_string}\"},\"query-input\":{\"@type\":\"PropertyValueSpecification\",\"valueRequired\":true,\"valueName\":\"search_term_string\"}}],\"inLanguage\":\"es-ES\"}]}<\/script>\n<!-- \/ Yoast SEO plugin. -->","yoast_head_json":{"title":"Aebi-Schmidt EC130 - Telemet","robots":{"index":"index","follow":"follow","max-snippet":"max-snippet:-1","max-image-preview":"max-image-preview:large","max-video-preview":"max-video-preview:-1"},"canonical":"https:\/\/telemet.com\/es\/ash-group-multipurpose\/ash-ec130\/","og_locale":"es_ES","og_type":"article","og_title":"Aebi-Schmidt EC130 - Telemet","og_url":"https:\/\/telemet.com\/es\/ash-group-multipurpose\/ash-ec130\/","og_site_name":"Telemet","article_modified_time":"2023-08-18T13:39:07+00:00","og_image":[{"url":"https:\/\/telemet.com\/wp-content\/uploads\/2016\/11\/aebi_ec130.jpg","type":"","width":"","height":""}],"twitter_card":"summary_large_image","twitter_misc":{"Tiempo de lectura":"4 minutes"},"schema":{"@context":"https:\/\/schema.org","@graph":[{"@type":"WebPage","@id":"https:\/\/telemet.com\/es\/ash-group-multipurpose\/ash-ec130\/","url":"https:\/\/telemet.com\/es\/ash-group-multipurpose\/ash-ec130\/","name":"Aebi-Schmidt EC130 - Telemet","isPartOf":{"@id":"https:\/\/telemet.com\/es\/#website"},"primaryImageOfPage":{"@id":"https:\/\/telemet.com\/es\/ash-group-multipurpose\/ash-ec130\/#primaryimage"},"image":{"@id":"https:\/\/telemet.com\/es\/ash-group-multipurpose\/ash-ec130\/#primaryimage"},"thumbnailUrl":"https:\/\/telemet.com\/wp-content\/uploads\/2016\/11\/aebi_ec130.jpg","datePublished":"2016-11-23T18:35:50+00:00","dateModified":"2023-08-18T13:39:07+00:00","breadcrumb":{"@id":"https:\/\/telemet.com\/es\/ash-group-multipurpose\/ash-ec130\/#breadcrumb"},"inLanguage":"es-ES","potentialAction":[{"@type":"ReadAction","target":["https:\/\/telemet.com\/es\/ash-group-multipurpose\/ash-ec130\/"]}]},{"@type":"ImageObject","inLanguage":"es-ES","@id":"https:\/\/telemet.com\/es\/ash-group-multipurpose\/ash-ec130\/#primaryimage","url":"https:\/\/telemet.com\/wp-content\/uploads\/2016\/11\/aebi_ec130.jpg","contentUrl":"https:\/\/telemet.com\/wp-content\/uploads\/2016\/11\/aebi_ec130.jpg"},{"@type":"BreadcrumbList","@id":"https:\/\/telemet.com\/es\/ash-group-multipurpose\/ash-ec130\/#breadcrumb","itemListElement":[{"@type":"ListItem","position":1,"name":"Home","item":"https:\/\/telemet.com\/es\/"},{"@type":"ListItem","position":2,"name":"Aebi Schmidt Multipurpose","item":"https:\/\/telemet.com\/es\/ash-group-multipurpose\/"},{"@type":"ListItem","position":3,"name":"Aebi-Schmidt EC130"}]},{"@type":"WebSite","@id":"https:\/\/telemet.com\/es\/#website","url":"https:\/\/telemet.com\/es\/","name":"Telemet, Inc.","description":"Efficiency through Simplicity","potentialAction":[{"@type":"SearchAction","target":{"@type":"EntryPoint","urlTemplate":"https:\/\/telemet.com\/es\/?s={search_term_string}"},"query-input":{"@type":"PropertyValueSpecification","valueRequired":true,"valueName":"search_term_string"}}],"inLanguage":"es-ES"}]}},"_links":{"self":[{"href":"https:\/\/telemet.com\/es\/wp-json\/wp\/v2\/pages\/7658","targetHints":{"allow":["GET"]}}],"collection":[{"href":"https:\/\/telemet.com\/es\/wp-json\/wp\/v2\/pages"}],"about":[{"href":"https:\/\/telemet.com\/es\/wp-json\/wp\/v2\/types\/page"}],"author":[{"embeddable":true,"href":"https:\/\/telemet.com\/es\/wp-json\/wp\/v2\/users\/1"}],"replies":[{"embeddable":true,"href":"https:\/\/telemet.com\/es\/wp-json\/wp\/v2\/comments?post=7658"}],"version-history":[{"count":3,"href":"https:\/\/telemet.com\/es\/wp-json\/wp\/v2\/pages\/7658\/revisions"}],"predecessor-version":[{"id":13946,"href":"https:\/\/telemet.com\/es\/wp-json\/wp\/v2\/pages\/7658\/revisions\/13946"}],"up":[{"embeddable":true,"href":"https:\/\/telemet.com\/es\/wp-json\/wp\/v2\/pages\/6625"}],"wp:attachment":[{"href":"https:\/\/telemet.com\/es\/wp-json\/wp\/v2\/media?parent=7658"}],"curies":[{"name":"wp","href":"https:\/\/api.w.org\/{rel}","templated":true}]}}