{"id":8872,"date":"2017-06-02T18:07:21","date_gmt":"2017-06-02T18:07:21","guid":{"rendered":"http:\/\/telemet.com\/?page_id=8872\/"},"modified":"2022-02-07T12:14:50","modified_gmt":"2022-02-07T12:14:50","slug":"pistenbully-400-parkpro","status":"publish","type":"page","link":"https:\/\/telemet.com\/es\/pistenbully\/pistenbully-400-parkpro\/","title":{"rendered":"PistenBully\u00ae 400 ParkPro"},"content":{"rendered":"<div class=\"fusion-fullwidth fullwidth-box fusion-builder-row-1 nonhundred-percent-fullwidth non-hundred-percent-height-scrolling\" style=\"--awb-background-position:left top;--awb-border-sizes-top:0px;--awb-border-sizes-bottom:0px;--awb-border-sizes-left:0px;--awb-border-sizes-right:0px;--awb-border-radius-top-left:0px;--awb-border-radius-top-right:0px;--awb-border-radius-bottom-right:0px;--awb-border-radius-bottom-left:0px;--awb-padding-top:20px;--awb-padding-bottom:20px;--awb-flex-wrap:wrap;\" ><div class=\"fusion-builder-row fusion-row\"><div class=\"fusion-layout-column fusion_builder_column fusion-builder-column-0 fusion_builder_column_1_1 1_1 fusion-one-full fusion-column-first fusion-column-last fusion-column-no-min-height\" style=\"--awb-bg-size:cover;--awb-margin-top:0px;--awb-margin-bottom:0px;\"><div class=\"fusion-column-wrapper fusion-flex-column-wrapper-legacy\"><div class=\"fusion-align-block\"><a class=\"fusion-button button-flat button-xlarge button-default fusion-button-default button-1 fusion-button-span-yes \" target=\"_blank\" rel=\"noopener noreferrer\" href=\"\/wp-content\/uploads\/2017\/05\/broschuere_400parkpro_en_07_3A.pdf\"><i class=\" fa fa-file-pdf-o awb-button__icon awb-button__icon--default button-icon-left\" aria-hidden=\"true\"><\/i><span class=\"fusion-button-text awb-button__text awb-button__text--default\">Descargar Brochure (PDF)<\/span><\/a><\/div><div class=\"fusion-sep-clear\"><\/div><div class=\"fusion-separator fusion-full-width-sep\" style=\"margin-left: auto;margin-right: auto;margin-top:20px;width:100%;\"><\/div><div class=\"fusion-sep-clear\"><\/div><div class=\"fusion-align-block\"><a class=\"fusion-button button-flat button-xlarge button-default fusion-button-default button-2 fusion-button-span-yes \" target=\"_blank\" rel=\"noopener noreferrer\" href=\"\/wp-content\/uploads\/2017\/05\/parkpro_en_07_tech_daten.pdf\"><i class=\" fa fa-file-pdf-o awb-button__icon awb-button__icon--default button-icon-left\" aria-hidden=\"true\"><\/i><span class=\"fusion-button-text awb-button__text awb-button__text--default\">Descargar Ficha T\u00e9cnica (PDF)<\/span><\/a><\/div><div class=\"fusion-sep-clear\"><\/div><div class=\"fusion-separator fusion-full-width-sep\" style=\"margin-left: auto;margin-right: auto;margin-top:20px;width:100%;\"><\/div><div class=\"fusion-sep-clear\"><\/div><div class=\"fusion-text fusion-text-1\"><h3>Como a ti te gusta<\/h3>\n<p>Los parques se han desarrollado enormemente en los \u00faltimos 20 a\u00f1os, al punto que se han vuelto un important\u00edsimo mercado para el futuro. Es por ello que en el a\u00f1o 2000 presentamos el primer PistenBully adaptado especialmente a parques. El dise\u00f1o de los parques se ha vuelto tambi\u00e9n m\u00e1s extremo en el sector profesional. Adem\u00e1s, cada vez son m\u00e1s los centros de ski que ofrecen \u201cfunslopes\u201d, parques de aventura y de familia para realzar su atractivo a esquiadores y snowbordistas, y as\u00ed su propia competitividad. Esto naturalmente tiene un impacto directo sobre los requisitos exigidos a los pisanieves: armar parques implica toda una serie de tareas diferentes en las pistas. En colaboraci\u00f3n con los mejores desarrollares y formadores de parques de Estados Unidos y Europa, hemos creado una nueva m\u00e1quina precisamente adaptada para cumplir con las necesidades y deseos de los constructores de parques. Tenemos el orgullo de presentar el nuevo 400 ParkPro \u2013la herramienta profesional ideal para una mayor creatividad y perfecci\u00f3n.<\/p>\n<div class=\"fusion-image-carousel fusion-image-carousel-auto fusion-image-carousel-1 fusion-carousel-border\"><div class=\"awb-carousel awb-swiper awb-swiper-carousel awb-carousel--carousel awb-swiper-dots-position-bottom\" data-layout=\"carousel\" data-autoplay=\"yes\" data-autoplayspeed=\"2500\" data-autoplaypause=\"no\" data-columns=\"1\" data-columnsmedium=\"1\" data-columnssmall=\"1\" data-itemmargin=\"13\" data-itemwidth=\"180\" data-touchscroll=\"no\" data-freemode=\"no\" data-imagesize=\"auto\" data-scrollitems=\"1\" data-centeredslides=\"no\" data-rotationangle=\"50\" data-depth=\"100\" data-speed=\"500\" data-shadow=\"no\" data-pagination=\"bullets\" style=\"--awb-columns:1;--awb-border-width:1px;--awb-border-color:#e9eaee;\"><div class=\"swiper-wrapper awb-image-carousel-wrapper fusion-flex-align-items-center\"><div class=\"swiper-slide\"><div class=\"fusion-carousel-item-wrapper\"><div class=\"fusion-image-wrapper hover-type-none\"><img decoding=\"async\" width=\"940\" height=\"529\" src=\"https:\/\/telemet.com\/wp-content\/uploads\/2017\/05\/pistenbully-parkpro-showroom_1.jpg\" class=\"attachment-full size-full\" alt=\"\" srcset=\"https:\/\/telemet.com\/wp-content\/uploads\/2017\/05\/pistenbully-parkpro-showroom_1-200x113.jpg 200w, https:\/\/telemet.com\/wp-content\/uploads\/2017\/05\/pistenbully-parkpro-showroom_1-300x169.jpg 300w, https:\/\/telemet.com\/wp-content\/uploads\/2017\/05\/pistenbully-parkpro-showroom_1-400x225.jpg 400w, https:\/\/telemet.com\/wp-content\/uploads\/2017\/05\/pistenbully-parkpro-showroom_1-600x338.jpg 600w, https:\/\/telemet.com\/wp-content\/uploads\/2017\/05\/pistenbully-parkpro-showroom_1-768x432.jpg 768w, https:\/\/telemet.com\/wp-content\/uploads\/2017\/05\/pistenbully-parkpro-showroom_1-800x450.jpg 800w, https:\/\/telemet.com\/wp-content\/uploads\/2017\/05\/pistenbully-parkpro-showroom_1.jpg 940w\" sizes=\"(max-width: 940px) 100vw, 940px\" \/><\/div><\/div><\/div><div class=\"swiper-slide\"><div class=\"fusion-carousel-item-wrapper\"><div class=\"fusion-image-wrapper hover-type-none\"><img decoding=\"async\" width=\"940\" height=\"529\" src=\"https:\/\/telemet.com\/wp-content\/uploads\/2017\/05\/pistenbully-parkpro-showroom_2.jpg\" class=\"attachment-full size-full\" alt=\"\" srcset=\"https:\/\/telemet.com\/wp-content\/uploads\/2017\/05\/pistenbully-parkpro-showroom_2-200x113.jpg 200w, https:\/\/telemet.com\/wp-content\/uploads\/2017\/05\/pistenbully-parkpro-showroom_2-300x169.jpg 300w, https:\/\/telemet.com\/wp-content\/uploads\/2017\/05\/pistenbully-parkpro-showroom_2-400x225.jpg 400w, https:\/\/telemet.com\/wp-content\/uploads\/2017\/05\/pistenbully-parkpro-showroom_2-600x338.jpg 600w, https:\/\/telemet.com\/wp-content\/uploads\/2017\/05\/pistenbully-parkpro-showroom_2-768x432.jpg 768w, https:\/\/telemet.com\/wp-content\/uploads\/2017\/05\/pistenbully-parkpro-showroom_2-800x450.jpg 800w, https:\/\/telemet.com\/wp-content\/uploads\/2017\/05\/pistenbully-parkpro-showroom_2.jpg 940w\" sizes=\"(max-width: 940px) 100vw, 940px\" \/><\/div><\/div><\/div><div class=\"swiper-slide\"><div class=\"fusion-carousel-item-wrapper\"><div class=\"fusion-image-wrapper hover-type-none\"><img decoding=\"async\" width=\"940\" height=\"529\" src=\"https:\/\/telemet.com\/wp-content\/uploads\/2017\/05\/pistenbully-parkpro-showroom_3.jpg\" class=\"attachment-full size-full\" alt=\"\" srcset=\"https:\/\/telemet.com\/wp-content\/uploads\/2017\/05\/pistenbully-parkpro-showroom_3-200x113.jpg 200w, https:\/\/telemet.com\/wp-content\/uploads\/2017\/05\/pistenbully-parkpro-showroom_3-300x169.jpg 300w, https:\/\/telemet.com\/wp-content\/uploads\/2017\/05\/pistenbully-parkpro-showroom_3-400x225.jpg 400w, https:\/\/telemet.com\/wp-content\/uploads\/2017\/05\/pistenbully-parkpro-showroom_3-600x338.jpg 600w, https:\/\/telemet.com\/wp-content\/uploads\/2017\/05\/pistenbully-parkpro-showroom_3-768x432.jpg 768w, https:\/\/telemet.com\/wp-content\/uploads\/2017\/05\/pistenbully-parkpro-showroom_3-800x450.jpg 800w, https:\/\/telemet.com\/wp-content\/uploads\/2017\/05\/pistenbully-parkpro-showroom_3.jpg 940w\" sizes=\"(max-width: 940px) 100vw, 940px\" \/><\/div><\/div><\/div><\/div><div class=\"awb-swiper-button awb-swiper-button-prev\"><i class=\"awb-icon-angle-left\" aria-hidden=\"true\"><\/i><\/div><div class=\"awb-swiper-button awb-swiper-button-next\"><i class=\"awb-icon-angle-right\" aria-hidden=\"true\"><\/i><\/div><\/div><\/div>\n<h3>By Por Profesionales, Para Profesionales<\/h3>\n<p>Cobertura, agilidad, precisi\u00f3n, amplio rango de acci\u00f3n y muchas otras caracter\u00edsticas espec\u00edficas importantes para parques. Hemos desarrollado el ParkPro junto con usuarios, conductores, moldeadores y dise\u00f1adores de parques.<\/p>\n<h3>Cabina: confortable y funcional.<\/h3>\n<p><img decoding=\"async\" class=\"alignnone size-full wp-image-8859\" src=\"https:\/\/telemet.com\/wp-content\/uploads\/2017\/05\/parkpro-cabina.jpg\" alt=\"\" width=\"937\" height=\"723\" srcset=\"https:\/\/telemet.com\/wp-content\/uploads\/2017\/05\/parkpro-cabina-200x154.jpg 200w, https:\/\/telemet.com\/wp-content\/uploads\/2017\/05\/parkpro-cabina-300x231.jpg 300w, https:\/\/telemet.com\/wp-content\/uploads\/2017\/05\/parkpro-cabina-400x309.jpg 400w, https:\/\/telemet.com\/wp-content\/uploads\/2017\/05\/parkpro-cabina-600x463.jpg 600w, https:\/\/telemet.com\/wp-content\/uploads\/2017\/05\/parkpro-cabina-768x593.jpg 768w, https:\/\/telemet.com\/wp-content\/uploads\/2017\/05\/parkpro-cabina-800x617.jpg 800w, https:\/\/telemet.com\/wp-content\/uploads\/2017\/05\/parkpro-cabina.jpg 937w\" sizes=\"(max-width: 937px) 100vw, 937px\" \/><\/p>\n<p>Con el ParkPro pasar\u00e1s la noche trabajando felizmente. Pies calientes, un asiento ergon\u00f3mico y herramientas al alcance de tu mano har\u00e1n de tus horas de trabajo, un placer. La conexi\u00f3n bluetooth asegura que todos los conductores del equipo se mantengan siempre en contacto.<\/p>\n<h3>Joystick: control intuitivo.<\/h3>\n<p><img decoding=\"async\" class=\"alignnone size-full wp-image-8861\" src=\"https:\/\/telemet.com\/wp-content\/uploads\/2017\/05\/parkpro-joystick.jpg\" alt=\"\" width=\"938\" height=\"725\" srcset=\"https:\/\/telemet.com\/wp-content\/uploads\/2017\/05\/parkpro-joystick-200x155.jpg 200w, https:\/\/telemet.com\/wp-content\/uploads\/2017\/05\/parkpro-joystick-300x232.jpg 300w, https:\/\/telemet.com\/wp-content\/uploads\/2017\/05\/parkpro-joystick-400x309.jpg 400w, https:\/\/telemet.com\/wp-content\/uploads\/2017\/05\/parkpro-joystick-600x464.jpg 600w, https:\/\/telemet.com\/wp-content\/uploads\/2017\/05\/parkpro-joystick-768x594.jpg 768w, https:\/\/telemet.com\/wp-content\/uploads\/2017\/05\/parkpro-joystick-800x618.jpg 800w, https:\/\/telemet.com\/wp-content\/uploads\/2017\/05\/parkpro-joystick.jpg 938w\" sizes=\"(max-width: 938px) 100vw, 938px\" \/><\/p>\n<p>Un PistenBully nunca ha sido tan intuitivo de controlar. El joystick especialmente desarrollado para el ParkPro, pauta nuevos est\u00e1ndares en t\u00e9rminos de operaci\u00f3n y flexibilidad.<\/p>\n<h3>Switchblade\u00b2: caracter\u00edsticas de parque creativas.<\/h3>\n<p>La segunda generaci\u00f3n de la SwitchBlade es una innovadora herramienta para un trabajo m\u00e1s f\u00e1cil, m\u00e1s r\u00e1pido y m\u00e1s profesional. La SwitchBlade reduce las extenuantes y costosas horas de trabajo manual.<\/p>\n<p><img decoding=\"async\" class=\"alignnone size-full wp-image-8860\" src=\"https:\/\/telemet.com\/wp-content\/uploads\/2017\/05\/parkpro-extenciones.jpg\" alt=\"\" width=\"936\" height=\"723\" srcset=\"https:\/\/telemet.com\/wp-content\/uploads\/2017\/05\/parkpro-extenciones-200x154.jpg 200w, https:\/\/telemet.com\/wp-content\/uploads\/2017\/05\/parkpro-extenciones-300x232.jpg 300w, https:\/\/telemet.com\/wp-content\/uploads\/2017\/05\/parkpro-extenciones-400x309.jpg 400w, https:\/\/telemet.com\/wp-content\/uploads\/2017\/05\/parkpro-extenciones-600x463.jpg 600w, https:\/\/telemet.com\/wp-content\/uploads\/2017\/05\/parkpro-extenciones-768x593.jpg 768w, https:\/\/telemet.com\/wp-content\/uploads\/2017\/05\/parkpro-extenciones-800x618.jpg 800w, https:\/\/telemet.com\/wp-content\/uploads\/2017\/05\/parkpro-extenciones.jpg 936w\" sizes=\"(max-width: 936px) 100vw, 936px\" \/><\/p>\n<h3>Fresa Alpineflex con Flexlock: para moldear de forma eficiente.<\/h3>\n<p>Desde hace muchos a\u00f1os la fresa AlpineFlex ha estado poniendo la cota de referencia en lo que refiere a calidad y perfecci\u00f3n de pistas. Hemos integrado funciones innovadoras a la fresa que facilitan completamente nuevas formas de trabajo.<\/p>\n<h3>Flexible y \u00e1gil perfecto para modelar.<\/h3>\n<p>El PistenBully 400 Park tiene movimiento extremo de sus accesorios delanteros y traseros. Ideal para construir \u201ctakeoffs, \u00a8kickers y \u00a8\u00a8landings\u201d. La funci\u00f3n de fuerza de enrolle permite levantar y curvar la ParkBlade simult\u00e1neamente.<\/p>\n<h3>Para dise\u00f1adores creativos. Posibilidades creativas.<\/h3>\n<p>El brazo trasero y el control PSX hacen que el rango de movimiento de la fresa ParkFlex sea a\u00fan mayor. El ParkBully alcanza puntos muy altos y bien profundos con su fresa \u2013creando radios precisos y dejando superficies perfectamente acabadas.<\/p>\n<\/div><div class=\"fusion-sep-clear\"><\/div><div class=\"fusion-separator fusion-full-width-sep\" style=\"margin-left: auto;margin-right: auto;margin-top:20px;width:100%;\"><\/div><div class=\"fusion-sep-clear\"><\/div><div class=\"fusion-video fusion-youtube\" style=\"--awb-max-width:800px;--awb-max-height:550px;\"><div class=\"video-shortcode\"><div class=\"fluid-width-video-wrapper\" style=\"padding-top:68.75%;\" ><iframe title=\"YouTube video player 1\" src=\"https:\/\/www.youtube.com\/embed\/mDBfalNaYyk?wmode=transparent&autoplay=0\" width=\"800\" height=\"550\" allowfullscreen allow=\"autoplay; clipboard-write; encrypted-media; gyroscope; picture-in-picture;\"><\/iframe><\/div><\/div><\/div><div class=\"fusion-sep-clear\"><\/div><div class=\"fusion-separator fusion-full-width-sep\" style=\"margin-left: auto;margin-right: auto;margin-top:20px;width:100%;\"><\/div><div class=\"fusion-sep-clear\"><\/div><div class=\"fusion-video fusion-youtube\" style=\"--awb-max-width:800px;--awb-max-height:550px;\"><div class=\"video-shortcode\"><div class=\"fluid-width-video-wrapper\" style=\"padding-top:68.75%;\" ><iframe title=\"YouTube video player 2\" src=\"https:\/\/www.youtube.com\/embed\/MT8an7-JgVM?wmode=transparent&autoplay=0\" width=\"800\" height=\"550\" allowfullscreen allow=\"autoplay; clipboard-write; encrypted-media; gyroscope; picture-in-picture;\"><\/iframe><\/div><\/div><\/div><div class=\"fusion-clearfix\"><\/div><\/div><\/div><\/div><\/div>\n","protected":false},"excerpt":{"rendered":"","protected":false},"author":1,"featured_media":0,"parent":6261,"menu_order":11,"comment_status":"closed","ping_status":"closed","template":"side-navigation.php","meta":{"footnotes":""},"class_list":["post-8872","page","type-page","status-publish","hentry"],"yoast_head":"<!-- This site is optimized with the Yoast SEO plugin v26.2 - https:\/\/yoast.com\/wordpress\/plugins\/seo\/ -->\n<title>PistenBully\u00ae 400 ParkPro - Telemet<\/title>\n<meta name=\"robots\" content=\"index, follow, max-snippet:-1, max-image-preview:large, max-video-preview:-1\" \/>\n<link rel=\"canonical\" href=\"https:\/\/telemet.com\/es\/pistenbully\/pistenbully-400-parkpro\/\" \/>\n<meta property=\"og:locale\" content=\"es_ES\" \/>\n<meta property=\"og:type\" content=\"article\" \/>\n<meta property=\"og:title\" content=\"PistenBully\u00ae 400 ParkPro - Telemet\" \/>\n<meta property=\"og:url\" content=\"https:\/\/telemet.com\/es\/pistenbully\/pistenbully-400-parkpro\/\" \/>\n<meta property=\"og:site_name\" content=\"Telemet\" \/>\n<meta property=\"article:modified_time\" content=\"2022-02-07T12:14:50+00:00\" \/>\n<meta property=\"og:image\" content=\"https:\/\/telemet.com\/wp-content\/uploads\/2017\/05\/parkpro-cabina.jpg\" \/>\n<meta name=\"twitter:card\" content=\"summary_large_image\" \/>\n<meta name=\"twitter:label1\" content=\"Tiempo de lectura\" \/>\n\t<meta name=\"twitter:data1\" content=\"4 minutes\" \/>\n<script type=\"application\/ld+json\" class=\"yoast-schema-graph\">{\"@context\":\"https:\/\/schema.org\",\"@graph\":[{\"@type\":\"WebPage\",\"@id\":\"https:\/\/telemet.com\/es\/pistenbully\/pistenbully-400-parkpro\/\",\"url\":\"https:\/\/telemet.com\/es\/pistenbully\/pistenbully-400-parkpro\/\",\"name\":\"PistenBully\u00ae 400 ParkPro - Telemet\",\"isPartOf\":{\"@id\":\"https:\/\/telemet.com\/es\/#website\"},\"primaryImageOfPage\":{\"@id\":\"https:\/\/telemet.com\/es\/pistenbully\/pistenbully-400-parkpro\/#primaryimage\"},\"image\":{\"@id\":\"https:\/\/telemet.com\/es\/pistenbully\/pistenbully-400-parkpro\/#primaryimage\"},\"thumbnailUrl\":\"https:\/\/telemet.com\/wp-content\/uploads\/2017\/05\/parkpro-cabina.jpg\",\"datePublished\":\"2017-06-02T18:07:21+00:00\",\"dateModified\":\"2022-02-07T12:14:50+00:00\",\"breadcrumb\":{\"@id\":\"https:\/\/telemet.com\/es\/pistenbully\/pistenbully-400-parkpro\/#breadcrumb\"},\"inLanguage\":\"es-ES\",\"potentialAction\":[{\"@type\":\"ReadAction\",\"target\":[\"https:\/\/telemet.com\/es\/pistenbully\/pistenbully-400-parkpro\/\"]}]},{\"@type\":\"ImageObject\",\"inLanguage\":\"es-ES\",\"@id\":\"https:\/\/telemet.com\/es\/pistenbully\/pistenbully-400-parkpro\/#primaryimage\",\"url\":\"https:\/\/telemet.com\/wp-content\/uploads\/2017\/05\/parkpro-cabina.jpg\",\"contentUrl\":\"https:\/\/telemet.com\/wp-content\/uploads\/2017\/05\/parkpro-cabina.jpg\"},{\"@type\":\"BreadcrumbList\",\"@id\":\"https:\/\/telemet.com\/es\/pistenbully\/pistenbully-400-parkpro\/#breadcrumb\",\"itemListElement\":[{\"@type\":\"ListItem\",\"position\":1,\"name\":\"Home\",\"item\":\"https:\/\/telemet.com\/es\/\"},{\"@type\":\"ListItem\",\"position\":2,\"name\":\"PistenBully\",\"item\":\"https:\/\/telemet.com\/es\/pistenbully\/\"},{\"@type\":\"ListItem\",\"position\":3,\"name\":\"PistenBully\u00ae 400 ParkPro\"}]},{\"@type\":\"WebSite\",\"@id\":\"https:\/\/telemet.com\/es\/#website\",\"url\":\"https:\/\/telemet.com\/es\/\",\"name\":\"Telemet, Inc.\",\"description\":\"Efficiency through Simplicity\",\"potentialAction\":[{\"@type\":\"SearchAction\",\"target\":{\"@type\":\"EntryPoint\",\"urlTemplate\":\"https:\/\/telemet.com\/es\/?s={search_term_string}\"},\"query-input\":{\"@type\":\"PropertyValueSpecification\",\"valueRequired\":true,\"valueName\":\"search_term_string\"}}],\"inLanguage\":\"es-ES\"}]}<\/script>\n<!-- \/ Yoast SEO plugin. -->","yoast_head_json":{"title":"PistenBully\u00ae 400 ParkPro - Telemet","robots":{"index":"index","follow":"follow","max-snippet":"max-snippet:-1","max-image-preview":"max-image-preview:large","max-video-preview":"max-video-preview:-1"},"canonical":"https:\/\/telemet.com\/es\/pistenbully\/pistenbully-400-parkpro\/","og_locale":"es_ES","og_type":"article","og_title":"PistenBully\u00ae 400 ParkPro - Telemet","og_url":"https:\/\/telemet.com\/es\/pistenbully\/pistenbully-400-parkpro\/","og_site_name":"Telemet","article_modified_time":"2022-02-07T12:14:50+00:00","og_image":[{"url":"https:\/\/telemet.com\/wp-content\/uploads\/2017\/05\/parkpro-cabina.jpg","type":"","width":"","height":""}],"twitter_card":"summary_large_image","twitter_misc":{"Tiempo de lectura":"4 minutes"},"schema":{"@context":"https:\/\/schema.org","@graph":[{"@type":"WebPage","@id":"https:\/\/telemet.com\/es\/pistenbully\/pistenbully-400-parkpro\/","url":"https:\/\/telemet.com\/es\/pistenbully\/pistenbully-400-parkpro\/","name":"PistenBully\u00ae 400 ParkPro - Telemet","isPartOf":{"@id":"https:\/\/telemet.com\/es\/#website"},"primaryImageOfPage":{"@id":"https:\/\/telemet.com\/es\/pistenbully\/pistenbully-400-parkpro\/#primaryimage"},"image":{"@id":"https:\/\/telemet.com\/es\/pistenbully\/pistenbully-400-parkpro\/#primaryimage"},"thumbnailUrl":"https:\/\/telemet.com\/wp-content\/uploads\/2017\/05\/parkpro-cabina.jpg","datePublished":"2017-06-02T18:07:21+00:00","dateModified":"2022-02-07T12:14:50+00:00","breadcrumb":{"@id":"https:\/\/telemet.com\/es\/pistenbully\/pistenbully-400-parkpro\/#breadcrumb"},"inLanguage":"es-ES","potentialAction":[{"@type":"ReadAction","target":["https:\/\/telemet.com\/es\/pistenbully\/pistenbully-400-parkpro\/"]}]},{"@type":"ImageObject","inLanguage":"es-ES","@id":"https:\/\/telemet.com\/es\/pistenbully\/pistenbully-400-parkpro\/#primaryimage","url":"https:\/\/telemet.com\/wp-content\/uploads\/2017\/05\/parkpro-cabina.jpg","contentUrl":"https:\/\/telemet.com\/wp-content\/uploads\/2017\/05\/parkpro-cabina.jpg"},{"@type":"BreadcrumbList","@id":"https:\/\/telemet.com\/es\/pistenbully\/pistenbully-400-parkpro\/#breadcrumb","itemListElement":[{"@type":"ListItem","position":1,"name":"Home","item":"https:\/\/telemet.com\/es\/"},{"@type":"ListItem","position":2,"name":"PistenBully","item":"https:\/\/telemet.com\/es\/pistenbully\/"},{"@type":"ListItem","position":3,"name":"PistenBully\u00ae 400 ParkPro"}]},{"@type":"WebSite","@id":"https:\/\/telemet.com\/es\/#website","url":"https:\/\/telemet.com\/es\/","name":"Telemet, Inc.","description":"Efficiency through Simplicity","potentialAction":[{"@type":"SearchAction","target":{"@type":"EntryPoint","urlTemplate":"https:\/\/telemet.com\/es\/?s={search_term_string}"},"query-input":{"@type":"PropertyValueSpecification","valueRequired":true,"valueName":"search_term_string"}}],"inLanguage":"es-ES"}]}},"_links":{"self":[{"href":"https:\/\/telemet.com\/es\/wp-json\/wp\/v2\/pages\/8872","targetHints":{"allow":["GET"]}}],"collection":[{"href":"https:\/\/telemet.com\/es\/wp-json\/wp\/v2\/pages"}],"about":[{"href":"https:\/\/telemet.com\/es\/wp-json\/wp\/v2\/types\/page"}],"author":[{"embeddable":true,"href":"https:\/\/telemet.com\/es\/wp-json\/wp\/v2\/users\/1"}],"replies":[{"embeddable":true,"href":"https:\/\/telemet.com\/es\/wp-json\/wp\/v2\/comments?post=8872"}],"version-history":[{"count":2,"href":"https:\/\/telemet.com\/es\/wp-json\/wp\/v2\/pages\/8872\/revisions"}],"predecessor-version":[{"id":12859,"href":"https:\/\/telemet.com\/es\/wp-json\/wp\/v2\/pages\/8872\/revisions\/12859"}],"up":[{"embeddable":true,"href":"https:\/\/telemet.com\/es\/wp-json\/wp\/v2\/pages\/6261"}],"wp:attachment":[{"href":"https:\/\/telemet.com\/es\/wp-json\/wp\/v2\/media?parent=8872"}],"curies":[{"name":"wp","href":"https:\/\/api.w.org\/{rel}","templated":true}]}}