{"id":8888,"date":"2017-06-02T18:27:31","date_gmt":"2017-06-02T18:27:31","guid":{"rendered":"http:\/\/telemet.com\/pistenbully\/pistenbully-400-parkpro-4f\/"},"modified":"2022-02-07T14:09:25","modified_gmt":"2022-02-07T14:09:25","slug":"pistenbully-400-parkpro-4f","status":"publish","type":"page","link":"https:\/\/telemet.com\/es\/pistenbully\/pistenbully-400-parkpro-4f\/","title":{"rendered":"PistenBully\u00ae 400 ParkPro 4F"},"content":{"rendered":"<div class=\"fusion-fullwidth fullwidth-box fusion-builder-row-1 nonhundred-percent-fullwidth non-hundred-percent-height-scrolling\" style=\"--awb-background-position:left top;--awb-border-sizes-top:0px;--awb-border-sizes-bottom:0px;--awb-border-sizes-left:0px;--awb-border-sizes-right:0px;--awb-border-radius-top-left:0px;--awb-border-radius-top-right:0px;--awb-border-radius-bottom-right:0px;--awb-border-radius-bottom-left:0px;--awb-padding-top:20px;--awb-padding-bottom:20px;--awb-flex-wrap:wrap;\" ><div class=\"fusion-builder-row fusion-row\"><div class=\"fusion-layout-column fusion_builder_column fusion-builder-column-0 fusion_builder_column_1_1 1_1 fusion-one-full fusion-column-first fusion-column-last fusion-column-no-min-height\" style=\"--awb-bg-size:cover;--awb-margin-top:0px;--awb-margin-bottom:0px;\"><div class=\"fusion-column-wrapper fusion-flex-column-wrapper-legacy\"><div class=\"fusion-image-element in-legacy-container\" style=\"--awb-caption-title-font-family:var(--h2_typography-font-family);--awb-caption-title-font-weight:var(--h2_typography-font-weight);--awb-caption-title-font-style:var(--h2_typography-font-style);--awb-caption-title-size:var(--h2_typography-font-size);--awb-caption-title-transform:var(--h2_typography-text-transform);--awb-caption-title-line-height:var(--h2_typography-line-height);--awb-caption-title-letter-spacing:var(--h2_typography-letter-spacing);\"><span class=\" fusion-imageframe imageframe-none imageframe-1 hover-type-none\"><img decoding=\"async\" width=\"1000\" height=\"700\" title=\"PistenBully_400_park-pro_1000\" src=\"https:\/\/telemet.com\/wp-content\/uploads\/2022\/02\/PistenBully_400_park-pro_1000.jpg\" alt class=\"img-responsive wp-image-12886\" srcset=\"https:\/\/telemet.com\/wp-content\/uploads\/2022\/02\/PistenBully_400_park-pro_1000-200x140.jpg 200w, https:\/\/telemet.com\/wp-content\/uploads\/2022\/02\/PistenBully_400_park-pro_1000-400x280.jpg 400w, https:\/\/telemet.com\/wp-content\/uploads\/2022\/02\/PistenBully_400_park-pro_1000-600x420.jpg 600w, https:\/\/telemet.com\/wp-content\/uploads\/2022\/02\/PistenBully_400_park-pro_1000-800x560.jpg 800w, https:\/\/telemet.com\/wp-content\/uploads\/2022\/02\/PistenBully_400_park-pro_1000.jpg 1000w\" sizes=\"(max-width: 800px) 100vw, 1000px\" \/><\/span><\/div><div class=\"fusion-sep-clear\"><\/div><div class=\"fusion-separator fusion-full-width-sep\" style=\"margin-left: auto;margin-right: auto;margin-top:20px;width:100%;\"><\/div><div class=\"fusion-sep-clear\"><\/div><div class=\"fusion-align-block\"><a class=\"fusion-button button-flat button-xlarge button-default fusion-button-default button-1 fusion-button-span-yes \" target=\"_blank\" rel=\"noopener noreferrer\" href=\"\/wp-content\/uploads\/2017\/06\/brosch_400park4f_en_web.pdf\"><i class=\" fa fa-file-pdf-o awb-button__icon awb-button__icon--default button-icon-left\" aria-hidden=\"true\"><\/i><span class=\"fusion-button-text awb-button__text awb-button__text--default\">Descargar Brochure (PDF)<\/span><\/a><\/div><div class=\"fusion-sep-clear\"><\/div><div class=\"fusion-separator fusion-full-width-sep\" style=\"margin-left: auto;margin-right: auto;margin-top:20px;width:100%;\"><\/div><div class=\"fusion-sep-clear\"><\/div><div class=\"fusion-align-block\"><a class=\"fusion-button button-flat button-xlarge button-default fusion-button-default button-2 fusion-button-span-yes \" target=\"_blank\" rel=\"noopener noreferrer\" href=\"\/wp-content\/uploads\/2017\/06\/daten-pistenbully-400parkpro-4f-en.pdf\"><i class=\" fa fa-file-pdf-o awb-button__icon awb-button__icon--default button-icon-left\" aria-hidden=\"true\"><\/i><span class=\"fusion-button-text awb-button__text awb-button__text--default\">Descargar Ficha T\u00e9cnica (PDF)<\/span><\/a><\/div><div class=\"fusion-sep-clear\"><\/div><div class=\"fusion-separator fusion-full-width-sep\" style=\"margin-left: auto;margin-right: auto;margin-top:20px;width:100%;\"><\/div><div class=\"fusion-sep-clear\"><\/div><div class=\"fusion-text fusion-text-1\" style=\"--awb-text-transform:none;\"><h3>La primera opci\u00f3n para los profesionales<\/h3>\n<p>Entrar, seleccionar los ajustes personalizados, conducir &#8211; esto es ahora posible con todos los veh\u00edculos PistenBully, de una manera completamente id\u00e9ntica. Porque el nuevo PistenBully 400 completa la familia: Toda una generaci\u00f3n con id\u00e9ntico confort de manejo y comodidad, con la tecnolog\u00eda de escape m\u00e1s limpia y las prestaciones m\u00e1s atractivas &#8211; y todo ello con la calidad ya conocida.<\/p>\n<p>Lo que queda del antiguo PistenBully 400 es su perfecto equilibrio de fuerza y peso y su extraordinaria maniobrabilidad gracias a sus dimensiones compactas. Lo que es nuevo y significativamente mejor es el motor limpio, la cabina de confort y el manejo intuitivo que tambi\u00e9n forma parte de los veh\u00edculos PistenBully 100 y 600. Los sistemas de asistencia tambi\u00e9n son nuevos, lo que facilita a\u00fan m\u00e1s la conducci\u00f3n. Completamente preparado para SNOWsat.<\/p>\n<p>Construir parques sin el PistenBully 400 ParkPro es impensable desde hace tiempo. El 400 ParkPro se considera la herramienta profesional para una mayor creatividad y perfecci\u00f3n en el parque de nieve. Lo m\u00e1s destacado de la nueva generaci\u00f3n es el equipo auxiliar completamente revisado: la ProBlade y, sobre todo, el ProFlexTiller.<\/p>\n<h3>Manejo intuitivo: Uniforme y a\u00fan as\u00ed personalizado<\/h3>\n<p>Concepto de manejo uniforme de la generaci\u00f3n actual tambi\u00e9n en los veh\u00edculos ParkPro. El joystick permite construir parques con un control intuitivo pero tambi\u00e9n personalizado. En el ParkPro, los botones se pueden asignar a voluntad, tanto los botones de funci\u00f3n como el joystick. Se pueden activar cuatro perfiles de operador de forma individual.<\/p>\n<h3>Trabajo: Flexible y preciso<\/h3>\n<p>Gracias a la m\u00e1xima flexibilidad y al mayor radio de movimiento, apenas hay l\u00edmites para el dise\u00f1o del parque. El nuevo sistema de medici\u00f3n de longitudes y distancias ofrece soporte con una precisi\u00f3n de un metro.<\/p>\n<h3>En el parque: equipamiento adicional para profesionales<\/h3>\n<p>ProBlade y ProFlexTiller flexibles para dar forma y moldear con extrema precisi\u00f3n para obtener resultados ideales. Estos nuevos accesorios ofrecen un mayor margen de maniobra para el trabajo creativo y hacen posible formas a\u00fan m\u00e1s inusuales. La banda de corte de la ProBlade dibuja el t\u00edpico patr\u00f3n de cuerda incluso en movimiento inverso.<\/p>\n<h3>Supera cualquier pendiente: La oruga KombiPlus de 6 correas<\/h3>\n<p>Los tacos de alto rendimiento y extremadamente resistentes al desgaste de la oruga KombiPlus de 6 correas y el paso optimizado de la correa son sin\u00f3nimo de una alta resistencia y una \u00f3ptima transmisi\u00f3n de la fuerza, por lo que tiene el mejor rendimiento de empuje. El mayor paso proporciona una mejor gradaci\u00f3n.<\/p>\n<\/div><div class=\"fusion-video fusion-youtube fusion-aligncenter\" style=\"--awb-max-width:800px;--awb-max-height:600px;--awb-width:100%;\"><div class=\"video-shortcode\"><div class=\"fluid-width-video-wrapper\" style=\"padding-top:75%;\" ><iframe title=\"YouTube video player 1\" src=\"https:\/\/www.youtube.com\/embed\/g-cAnogTYs8?wmode=transparent&autoplay=0\" width=\"800\" height=\"600\" allowfullscreen allow=\"autoplay; clipboard-write; encrypted-media; gyroscope; picture-in-picture;\"><\/iframe><\/div><\/div><\/div><div class=\"fusion-clearfix\"><\/div><\/div><\/div><\/div><\/div>\n","protected":false},"excerpt":{"rendered":"","protected":false},"author":1,"featured_media":12886,"parent":6261,"menu_order":12,"comment_status":"closed","ping_status":"closed","template":"side-navigation.php","meta":{"footnotes":""},"class_list":["post-8888","page","type-page","status-publish","has-post-thumbnail","hentry"],"yoast_head":"<!-- This site is optimized with the Yoast SEO plugin v26.2 - https:\/\/yoast.com\/wordpress\/plugins\/seo\/ -->\n<title>PistenBully\u00ae 400 ParkPro 4F - Telemet<\/title>\n<meta name=\"robots\" content=\"index, follow, max-snippet:-1, max-image-preview:large, max-video-preview:-1\" \/>\n<link rel=\"canonical\" href=\"https:\/\/telemet.com\/es\/pistenbully\/pistenbully-400-parkpro-4f\/\" \/>\n<meta property=\"og:locale\" content=\"es_ES\" \/>\n<meta property=\"og:type\" content=\"article\" \/>\n<meta property=\"og:title\" content=\"PistenBully\u00ae 400 ParkPro 4F - Telemet\" \/>\n<meta property=\"og:url\" content=\"https:\/\/telemet.com\/es\/pistenbully\/pistenbully-400-parkpro-4f\/\" \/>\n<meta property=\"og:site_name\" content=\"Telemet\" \/>\n<meta property=\"article:modified_time\" content=\"2022-02-07T14:09:25+00:00\" \/>\n<meta property=\"og:image\" content=\"https:\/\/telemet.com\/wp-content\/uploads\/2022\/02\/PistenBully_400_park-pro_1000.jpg\" \/>\n\t<meta property=\"og:image:width\" content=\"1000\" \/>\n\t<meta property=\"og:image:height\" content=\"700\" \/>\n\t<meta property=\"og:image:type\" content=\"image\/jpeg\" \/>\n<meta name=\"twitter:card\" content=\"summary_large_image\" \/>\n<meta name=\"twitter:label1\" content=\"Tiempo de lectura\" \/>\n\t<meta name=\"twitter:data1\" content=\"4 minutes\" \/>\n<script type=\"application\/ld+json\" class=\"yoast-schema-graph\">{\"@context\":\"https:\/\/schema.org\",\"@graph\":[{\"@type\":\"WebPage\",\"@id\":\"https:\/\/telemet.com\/es\/pistenbully\/pistenbully-400-parkpro-4f\/\",\"url\":\"https:\/\/telemet.com\/es\/pistenbully\/pistenbully-400-parkpro-4f\/\",\"name\":\"PistenBully\u00ae 400 ParkPro 4F - Telemet\",\"isPartOf\":{\"@id\":\"https:\/\/telemet.com\/es\/#website\"},\"primaryImageOfPage\":{\"@id\":\"https:\/\/telemet.com\/es\/pistenbully\/pistenbully-400-parkpro-4f\/#primaryimage\"},\"image\":{\"@id\":\"https:\/\/telemet.com\/es\/pistenbully\/pistenbully-400-parkpro-4f\/#primaryimage\"},\"thumbnailUrl\":\"https:\/\/telemet.com\/wp-content\/uploads\/2022\/02\/PistenBully_400_park-pro_1000.jpg\",\"datePublished\":\"2017-06-02T18:27:31+00:00\",\"dateModified\":\"2022-02-07T14:09:25+00:00\",\"breadcrumb\":{\"@id\":\"https:\/\/telemet.com\/es\/pistenbully\/pistenbully-400-parkpro-4f\/#breadcrumb\"},\"inLanguage\":\"es-ES\",\"potentialAction\":[{\"@type\":\"ReadAction\",\"target\":[\"https:\/\/telemet.com\/es\/pistenbully\/pistenbully-400-parkpro-4f\/\"]}]},{\"@type\":\"ImageObject\",\"inLanguage\":\"es-ES\",\"@id\":\"https:\/\/telemet.com\/es\/pistenbully\/pistenbully-400-parkpro-4f\/#primaryimage\",\"url\":\"https:\/\/telemet.com\/wp-content\/uploads\/2022\/02\/PistenBully_400_park-pro_1000.jpg\",\"contentUrl\":\"https:\/\/telemet.com\/wp-content\/uploads\/2022\/02\/PistenBully_400_park-pro_1000.jpg\",\"width\":1000,\"height\":700},{\"@type\":\"BreadcrumbList\",\"@id\":\"https:\/\/telemet.com\/es\/pistenbully\/pistenbully-400-parkpro-4f\/#breadcrumb\",\"itemListElement\":[{\"@type\":\"ListItem\",\"position\":1,\"name\":\"Home\",\"item\":\"https:\/\/telemet.com\/es\/\"},{\"@type\":\"ListItem\",\"position\":2,\"name\":\"PistenBully\",\"item\":\"https:\/\/telemet.com\/es\/pistenbully\/\"},{\"@type\":\"ListItem\",\"position\":3,\"name\":\"PistenBully\u00ae 400 ParkPro 4F\"}]},{\"@type\":\"WebSite\",\"@id\":\"https:\/\/telemet.com\/es\/#website\",\"url\":\"https:\/\/telemet.com\/es\/\",\"name\":\"Telemet, Inc.\",\"description\":\"Efficiency through Simplicity\",\"potentialAction\":[{\"@type\":\"SearchAction\",\"target\":{\"@type\":\"EntryPoint\",\"urlTemplate\":\"https:\/\/telemet.com\/es\/?s={search_term_string}\"},\"query-input\":{\"@type\":\"PropertyValueSpecification\",\"valueRequired\":true,\"valueName\":\"search_term_string\"}}],\"inLanguage\":\"es-ES\"}]}<\/script>\n<!-- \/ Yoast SEO plugin. -->","yoast_head_json":{"title":"PistenBully\u00ae 400 ParkPro 4F - Telemet","robots":{"index":"index","follow":"follow","max-snippet":"max-snippet:-1","max-image-preview":"max-image-preview:large","max-video-preview":"max-video-preview:-1"},"canonical":"https:\/\/telemet.com\/es\/pistenbully\/pistenbully-400-parkpro-4f\/","og_locale":"es_ES","og_type":"article","og_title":"PistenBully\u00ae 400 ParkPro 4F - Telemet","og_url":"https:\/\/telemet.com\/es\/pistenbully\/pistenbully-400-parkpro-4f\/","og_site_name":"Telemet","article_modified_time":"2022-02-07T14:09:25+00:00","og_image":[{"width":1000,"height":700,"url":"https:\/\/telemet.com\/wp-content\/uploads\/2022\/02\/PistenBully_400_park-pro_1000.jpg","type":"image\/jpeg"}],"twitter_card":"summary_large_image","twitter_misc":{"Tiempo de lectura":"4 minutes"},"schema":{"@context":"https:\/\/schema.org","@graph":[{"@type":"WebPage","@id":"https:\/\/telemet.com\/es\/pistenbully\/pistenbully-400-parkpro-4f\/","url":"https:\/\/telemet.com\/es\/pistenbully\/pistenbully-400-parkpro-4f\/","name":"PistenBully\u00ae 400 ParkPro 4F - Telemet","isPartOf":{"@id":"https:\/\/telemet.com\/es\/#website"},"primaryImageOfPage":{"@id":"https:\/\/telemet.com\/es\/pistenbully\/pistenbully-400-parkpro-4f\/#primaryimage"},"image":{"@id":"https:\/\/telemet.com\/es\/pistenbully\/pistenbully-400-parkpro-4f\/#primaryimage"},"thumbnailUrl":"https:\/\/telemet.com\/wp-content\/uploads\/2022\/02\/PistenBully_400_park-pro_1000.jpg","datePublished":"2017-06-02T18:27:31+00:00","dateModified":"2022-02-07T14:09:25+00:00","breadcrumb":{"@id":"https:\/\/telemet.com\/es\/pistenbully\/pistenbully-400-parkpro-4f\/#breadcrumb"},"inLanguage":"es-ES","potentialAction":[{"@type":"ReadAction","target":["https:\/\/telemet.com\/es\/pistenbully\/pistenbully-400-parkpro-4f\/"]}]},{"@type":"ImageObject","inLanguage":"es-ES","@id":"https:\/\/telemet.com\/es\/pistenbully\/pistenbully-400-parkpro-4f\/#primaryimage","url":"https:\/\/telemet.com\/wp-content\/uploads\/2022\/02\/PistenBully_400_park-pro_1000.jpg","contentUrl":"https:\/\/telemet.com\/wp-content\/uploads\/2022\/02\/PistenBully_400_park-pro_1000.jpg","width":1000,"height":700},{"@type":"BreadcrumbList","@id":"https:\/\/telemet.com\/es\/pistenbully\/pistenbully-400-parkpro-4f\/#breadcrumb","itemListElement":[{"@type":"ListItem","position":1,"name":"Home","item":"https:\/\/telemet.com\/es\/"},{"@type":"ListItem","position":2,"name":"PistenBully","item":"https:\/\/telemet.com\/es\/pistenbully\/"},{"@type":"ListItem","position":3,"name":"PistenBully\u00ae 400 ParkPro 4F"}]},{"@type":"WebSite","@id":"https:\/\/telemet.com\/es\/#website","url":"https:\/\/telemet.com\/es\/","name":"Telemet, Inc.","description":"Efficiency through Simplicity","potentialAction":[{"@type":"SearchAction","target":{"@type":"EntryPoint","urlTemplate":"https:\/\/telemet.com\/es\/?s={search_term_string}"},"query-input":{"@type":"PropertyValueSpecification","valueRequired":true,"valueName":"search_term_string"}}],"inLanguage":"es-ES"}]}},"_links":{"self":[{"href":"https:\/\/telemet.com\/es\/wp-json\/wp\/v2\/pages\/8888","targetHints":{"allow":["GET"]}}],"collection":[{"href":"https:\/\/telemet.com\/es\/wp-json\/wp\/v2\/pages"}],"about":[{"href":"https:\/\/telemet.com\/es\/wp-json\/wp\/v2\/types\/page"}],"author":[{"embeddable":true,"href":"https:\/\/telemet.com\/es\/wp-json\/wp\/v2\/users\/1"}],"replies":[{"embeddable":true,"href":"https:\/\/telemet.com\/es\/wp-json\/wp\/v2\/comments?post=8888"}],"version-history":[{"count":5,"href":"https:\/\/telemet.com\/es\/wp-json\/wp\/v2\/pages\/8888\/revisions"}],"predecessor-version":[{"id":12890,"href":"https:\/\/telemet.com\/es\/wp-json\/wp\/v2\/pages\/8888\/revisions\/12890"}],"up":[{"embeddable":true,"href":"https:\/\/telemet.com\/es\/wp-json\/wp\/v2\/pages\/6261"}],"wp:featuredmedia":[{"embeddable":true,"href":"https:\/\/telemet.com\/es\/wp-json\/wp\/v2\/media\/12886"}],"wp:attachment":[{"href":"https:\/\/telemet.com\/es\/wp-json\/wp\/v2\/media?parent=8888"}],"curies":[{"name":"wp","href":"https:\/\/api.w.org\/{rel}","templated":true}]}}