{"id":9336,"date":"2018-06-21T02:19:50","date_gmt":"2018-06-21T02:19:50","guid":{"rendered":"http:\/\/telemet.com\/tsm\/grande-brio-75-550\/"},"modified":"2018-06-21T02:23:03","modified_gmt":"2018-06-21T02:23:03","slug":"grande-brio-75-550","status":"publish","type":"page","link":"https:\/\/telemet.com\/es\/tsm\/grande-brio-75-550\/","title":{"rendered":"Grande Brio 75-550"},"content":{"rendered":"<div class=\"fusion-fullwidth fullwidth-box fusion-builder-row-1 nonhundred-percent-fullwidth non-hundred-percent-height-scrolling\" style=\"--awb-background-position:left top;--awb-border-radius-top-left:0px;--awb-border-radius-top-right:0px;--awb-border-radius-bottom-right:0px;--awb-border-radius-bottom-left:0px;--awb-padding-top:0px;--awb-padding-bottom:20px;--awb-border-sizes-top:0px;--awb-border-sizes-bottom:0px;--awb-flex-wrap:wrap;\" ><div class=\"fusion-builder-row fusion-row\"><div class=\"fusion-layout-column fusion_builder_column fusion-builder-column-0 fusion_builder_column_1_1 1_1 fusion-one-full fusion-column-first fusion-column-last fusion-column-no-min-height\" style=\"--awb-bg-size:cover;--awb-margin-top:0px;--awb-margin-bottom:0px;\"><div class=\"fusion-column-wrapper fusion-flex-column-wrapper-legacy\"><div class=\"fusion-image-element fusion-image-align-center in-legacy-container\" style=\"text-align:center;--awb-caption-title-font-family:var(--h2_typography-font-family);--awb-caption-title-font-weight:var(--h2_typography-font-weight);--awb-caption-title-font-style:var(--h2_typography-font-style);--awb-caption-title-size:var(--h2_typography-font-size);--awb-caption-title-transform:var(--h2_typography-text-transform);--awb-caption-title-line-height:var(--h2_typography-line-height);--awb-caption-title-letter-spacing:var(--h2_typography-letter-spacing);\"><div class=\"imageframe-align-center\"><span class=\" fusion-imageframe imageframe-none imageframe-1 hover-type-none\"><img decoding=\"async\" width=\"1200\" height=\"726\" title=\"tsm_aria_240-foto\" src=\"https:\/\/telemet.com\/wp-content\/uploads\/2018\/06\/grande-brio-tsm-75-550.jpg\" alt class=\"img-responsive wp-image-9171\"\/><\/span><\/div><\/div><div class=\"fusion-sep-clear\"><\/div><div class=\"fusion-separator fusion-full-width-sep\" style=\"margin-left: auto;margin-right: auto;margin-top:20px;width:100%;\"><\/div><div class=\"fusion-sep-clear\"><\/div><div class=\"fusion-align-block\"><a class=\"fusion-button button-flat button-xlarge button-default fusion-button-default button-1 fusion-button-default-span \" style=\"width:calc(100%);\" target=\"_blank\" rel=\"noopener noreferrer\" title=\"Download Brochure\" aria-label=\"Download Brochure\" href=\"\/_pdf\/TSM-2018-ES-INDOOR_TELEMET.pdf\"><span class=\"fusion-button-text awb-button__text awb-button__text--default\">Descargar Brochure (PDF)<\/span><i class=\" fa fa-file-pdf-o awb-button__icon awb-button__icon--default button-icon-right\" aria-hidden=\"true\"><\/i><\/a><\/div><div class=\"fusion-sep-clear\"><\/div><div class=\"fusion-separator fusion-full-width-sep\" style=\"margin-left: auto;margin-right: auto;margin-top:20px;width:100%;\"><\/div><div class=\"fusion-sep-clear\"><\/div><div class=\"fusion-align-block\"><a class=\"fusion-button button-flat button-xlarge button-default fusion-button-default button-2 fusion-button-default-span \" style=\"width:calc(100%);\" target=\"_blank\" rel=\"noopener noreferrer\" title=\"Download Brochure\" aria-label=\"Download Brochure\" href=\"\/_pdf\/grande_brio_ride_on_75_v05_es.pdf\"><span class=\"fusion-button-text awb-button__text awb-button__text--default\">Descargar Ficha T\u00e9cnica(PDF)<\/span><i class=\" fa fa-file-pdf-o awb-button__icon awb-button__icon--default button-icon-right\" aria-hidden=\"true\"><\/i><\/a><\/div><div class=\"fusion-sep-clear\"><\/div><div class=\"fusion-separator fusion-full-width-sep\" style=\"margin-left: auto;margin-right: auto;margin-top:20px;width:100%;\"><\/div><div class=\"fusion-sep-clear\"><\/div><div class=\"fusion-text fusion-text-1\"><h3>Fregadora de suelos con conductor<\/h3>\n<p>Grande Brio 75-550 es la m\u00e1s peque\u00f1a fregadora de suelos con conductor en el mercado (s\u00f3lo 1150 mm de longitud). Est\u00e1 constituida por dos cepillos, con un recorrido de fregado de 550 mm, lo que permite al operador limpiar a lo largo de los bordes de la pared por el lado derecho.<\/p>\n<\/div><div class=\"fusion-clearfix\"><\/div><\/div><\/div><\/div><\/div>\n","protected":false},"excerpt":{"rendered":"","protected":false},"author":1,"featured_media":0,"parent":9154,"menu_order":8,"comment_status":"closed","ping_status":"closed","template":"side-navigation.php","meta":{"footnotes":""},"class_list":["post-9336","page","type-page","status-publish","hentry"],"yoast_head":"<!-- This site is optimized with the Yoast SEO plugin v26.2 - https:\/\/yoast.com\/wordpress\/plugins\/seo\/ -->\n<title>Grande Brio 75-550 - Telemet<\/title>\n<meta name=\"robots\" content=\"index, follow, max-snippet:-1, max-image-preview:large, max-video-preview:-1\" \/>\n<link rel=\"canonical\" href=\"https:\/\/telemet.com\/es\/tsm\/grande-brio-75-550\/\" \/>\n<meta property=\"og:locale\" content=\"es_ES\" \/>\n<meta property=\"og:type\" content=\"article\" \/>\n<meta property=\"og:title\" content=\"Grande Brio 75-550 - Telemet\" \/>\n<meta property=\"og:url\" content=\"https:\/\/telemet.com\/es\/tsm\/grande-brio-75-550\/\" \/>\n<meta property=\"og:site_name\" content=\"Telemet\" \/>\n<meta property=\"article:modified_time\" content=\"2018-06-21T02:23:03+00:00\" \/>\n<meta name=\"twitter:card\" content=\"summary_large_image\" \/>\n<meta name=\"twitter:label1\" content=\"Tiempo de lectura\" \/>\n\t<meta name=\"twitter:data1\" content=\"3 minutes\" \/>\n<script type=\"application\/ld+json\" class=\"yoast-schema-graph\">{\"@context\":\"https:\/\/schema.org\",\"@graph\":[{\"@type\":\"WebPage\",\"@id\":\"https:\/\/telemet.com\/es\/tsm\/grande-brio-75-550\/\",\"url\":\"https:\/\/telemet.com\/es\/tsm\/grande-brio-75-550\/\",\"name\":\"Grande Brio 75-550 - Telemet\",\"isPartOf\":{\"@id\":\"https:\/\/telemet.com\/es\/#website\"},\"datePublished\":\"2018-06-21T02:19:50+00:00\",\"dateModified\":\"2018-06-21T02:23:03+00:00\",\"breadcrumb\":{\"@id\":\"https:\/\/telemet.com\/es\/tsm\/grande-brio-75-550\/#breadcrumb\"},\"inLanguage\":\"es-ES\",\"potentialAction\":[{\"@type\":\"ReadAction\",\"target\":[\"https:\/\/telemet.com\/es\/tsm\/grande-brio-75-550\/\"]}]},{\"@type\":\"BreadcrumbList\",\"@id\":\"https:\/\/telemet.com\/es\/tsm\/grande-brio-75-550\/#breadcrumb\",\"itemListElement\":[{\"@type\":\"ListItem\",\"position\":1,\"name\":\"Home\",\"item\":\"https:\/\/telemet.com\/es\/\"},{\"@type\":\"ListItem\",\"position\":2,\"name\":\"TSM\",\"item\":\"https:\/\/telemet.com\/es\/tsm\/\"},{\"@type\":\"ListItem\",\"position\":3,\"name\":\"Grande Brio 75-550\"}]},{\"@type\":\"WebSite\",\"@id\":\"https:\/\/telemet.com\/es\/#website\",\"url\":\"https:\/\/telemet.com\/es\/\",\"name\":\"Telemet, Inc.\",\"description\":\"Efficiency through Simplicity\",\"potentialAction\":[{\"@type\":\"SearchAction\",\"target\":{\"@type\":\"EntryPoint\",\"urlTemplate\":\"https:\/\/telemet.com\/es\/?s={search_term_string}\"},\"query-input\":{\"@type\":\"PropertyValueSpecification\",\"valueRequired\":true,\"valueName\":\"search_term_string\"}}],\"inLanguage\":\"es-ES\"}]}<\/script>\n<!-- \/ Yoast SEO plugin. -->","yoast_head_json":{"title":"Grande Brio 75-550 - Telemet","robots":{"index":"index","follow":"follow","max-snippet":"max-snippet:-1","max-image-preview":"max-image-preview:large","max-video-preview":"max-video-preview:-1"},"canonical":"https:\/\/telemet.com\/es\/tsm\/grande-brio-75-550\/","og_locale":"es_ES","og_type":"article","og_title":"Grande Brio 75-550 - Telemet","og_url":"https:\/\/telemet.com\/es\/tsm\/grande-brio-75-550\/","og_site_name":"Telemet","article_modified_time":"2018-06-21T02:23:03+00:00","twitter_card":"summary_large_image","twitter_misc":{"Tiempo de lectura":"3 minutes"},"schema":{"@context":"https:\/\/schema.org","@graph":[{"@type":"WebPage","@id":"https:\/\/telemet.com\/es\/tsm\/grande-brio-75-550\/","url":"https:\/\/telemet.com\/es\/tsm\/grande-brio-75-550\/","name":"Grande Brio 75-550 - Telemet","isPartOf":{"@id":"https:\/\/telemet.com\/es\/#website"},"datePublished":"2018-06-21T02:19:50+00:00","dateModified":"2018-06-21T02:23:03+00:00","breadcrumb":{"@id":"https:\/\/telemet.com\/es\/tsm\/grande-brio-75-550\/#breadcrumb"},"inLanguage":"es-ES","potentialAction":[{"@type":"ReadAction","target":["https:\/\/telemet.com\/es\/tsm\/grande-brio-75-550\/"]}]},{"@type":"BreadcrumbList","@id":"https:\/\/telemet.com\/es\/tsm\/grande-brio-75-550\/#breadcrumb","itemListElement":[{"@type":"ListItem","position":1,"name":"Home","item":"https:\/\/telemet.com\/es\/"},{"@type":"ListItem","position":2,"name":"TSM","item":"https:\/\/telemet.com\/es\/tsm\/"},{"@type":"ListItem","position":3,"name":"Grande Brio 75-550"}]},{"@type":"WebSite","@id":"https:\/\/telemet.com\/es\/#website","url":"https:\/\/telemet.com\/es\/","name":"Telemet, Inc.","description":"Efficiency through Simplicity","potentialAction":[{"@type":"SearchAction","target":{"@type":"EntryPoint","urlTemplate":"https:\/\/telemet.com\/es\/?s={search_term_string}"},"query-input":{"@type":"PropertyValueSpecification","valueRequired":true,"valueName":"search_term_string"}}],"inLanguage":"es-ES"}]}},"_links":{"self":[{"href":"https:\/\/telemet.com\/es\/wp-json\/wp\/v2\/pages\/9336","targetHints":{"allow":["GET"]}}],"collection":[{"href":"https:\/\/telemet.com\/es\/wp-json\/wp\/v2\/pages"}],"about":[{"href":"https:\/\/telemet.com\/es\/wp-json\/wp\/v2\/types\/page"}],"author":[{"embeddable":true,"href":"https:\/\/telemet.com\/es\/wp-json\/wp\/v2\/users\/1"}],"replies":[{"embeddable":true,"href":"https:\/\/telemet.com\/es\/wp-json\/wp\/v2\/comments?post=9336"}],"version-history":[{"count":2,"href":"https:\/\/telemet.com\/es\/wp-json\/wp\/v2\/pages\/9336\/revisions"}],"predecessor-version":[{"id":9338,"href":"https:\/\/telemet.com\/es\/wp-json\/wp\/v2\/pages\/9336\/revisions\/9338"}],"up":[{"embeddable":true,"href":"https:\/\/telemet.com\/es\/wp-json\/wp\/v2\/pages\/9154"}],"wp:attachment":[{"href":"https:\/\/telemet.com\/es\/wp-json\/wp\/v2\/media?parent=9336"}],"curies":[{"name":"wp","href":"https:\/\/api.w.org\/{rel}","templated":true}]}}