{"id":9387,"date":"2018-06-21T12:27:38","date_gmt":"2018-06-21T12:27:38","guid":{"rendered":"http:\/\/telemet.com\/tsm\/ariamatic-240\/"},"modified":"2018-06-21T12:48:25","modified_gmt":"2018-06-21T12:48:25","slug":"ariamatic-240","status":"publish","type":"page","link":"https:\/\/telemet.com\/es\/tsm\/ariamatic-240\/","title":{"rendered":"Ariamatic 240"},"content":{"rendered":"<div class=\"fusion-fullwidth fullwidth-box fusion-builder-row-1 nonhundred-percent-fullwidth non-hundred-percent-height-scrolling\" style=\"--awb-background-position:left top;--awb-border-radius-top-left:0px;--awb-border-radius-top-right:0px;--awb-border-radius-bottom-right:0px;--awb-border-radius-bottom-left:0px;--awb-padding-top:0px;--awb-padding-bottom:20px;--awb-border-sizes-top:0px;--awb-border-sizes-bottom:0px;--awb-flex-wrap:wrap;\" ><div class=\"fusion-builder-row fusion-row\"><div class=\"fusion-layout-column fusion_builder_column fusion-builder-column-0 fusion_builder_column_1_1 1_1 fusion-one-full fusion-column-first fusion-column-last fusion-column-no-min-height\" style=\"--awb-bg-size:cover;--awb-margin-top:0px;--awb-margin-bottom:0px;\"><div class=\"fusion-column-wrapper fusion-flex-column-wrapper-legacy\"><div class=\"fusion-image-element fusion-image-align-center in-legacy-container\" style=\"text-align:center;--awb-caption-title-font-family:var(--h2_typography-font-family);--awb-caption-title-font-weight:var(--h2_typography-font-weight);--awb-caption-title-font-style:var(--h2_typography-font-style);--awb-caption-title-size:var(--h2_typography-font-size);--awb-caption-title-transform:var(--h2_typography-text-transform);--awb-caption-title-line-height:var(--h2_typography-line-height);--awb-caption-title-letter-spacing:var(--h2_typography-letter-spacing);\"><div class=\"imageframe-align-center\"><span class=\" fusion-imageframe imageframe-none imageframe-1 hover-type-none\"><img decoding=\"async\" width=\"850\" height=\"535\" title=\"tsm_ariamatic_240\" src=\"https:\/\/telemet.com\/wp-content\/uploads\/2018\/06\/tsm_ariamatic_240.jpg\" alt class=\"img-responsive wp-image-9427\" srcset=\"https:\/\/telemet.com\/wp-content\/uploads\/2018\/06\/tsm_ariamatic_240-200x126.jpg 200w, https:\/\/telemet.com\/wp-content\/uploads\/2018\/06\/tsm_ariamatic_240-400x252.jpg 400w, https:\/\/telemet.com\/wp-content\/uploads\/2018\/06\/tsm_ariamatic_240-600x378.jpg 600w, https:\/\/telemet.com\/wp-content\/uploads\/2018\/06\/tsm_ariamatic_240-800x504.jpg 800w, https:\/\/telemet.com\/wp-content\/uploads\/2018\/06\/tsm_ariamatic_240.jpg 850w\" sizes=\"(max-width: 800px) 100vw, 850px\" \/><\/span><\/div><\/div><div class=\"fusion-sep-clear\"><\/div><div class=\"fusion-separator fusion-full-width-sep\" style=\"margin-left: auto;margin-right: auto;margin-top:20px;width:100%;\"><\/div><div class=\"fusion-sep-clear\"><\/div><div class=\"fusion-align-block\"><a class=\"fusion-button button-flat button-xlarge button-default fusion-button-default button-1 fusion-button-default-span \" style=\"width:calc(100%);\" target=\"_blank\" rel=\"noopener noreferrer\" title=\"Download Brochure\" aria-label=\"Download Brochure\" href=\"\/_pdf\/tsm_ariamatic_it_en_2018.pdf\"><span class=\"fusion-button-text awb-button__text awb-button__text--default\">Descargar Brochure (PDF)<\/span><i class=\"fa-file-pdf far awb-button__icon awb-button__icon--default button-icon-right\" aria-hidden=\"true\"><\/i><\/a><\/div><div class=\"fusion-sep-clear\"><\/div><div class=\"fusion-separator fusion-full-width-sep\" style=\"margin-left: auto;margin-right: auto;margin-top:20px;width:100%;\"><\/div><div class=\"fusion-sep-clear\"><\/div><div class=\"fusion-text fusion-text-1\"><p>El aspirador de residuos urbanos e industriales TSM ARIAMATIC 240 es \u00fanico en el mercado y en dep\u00f3sito de patentes. TSM ARIAMATIC 240 es el solo aspiradoro el\u00e9ctrico urbano con el &#8220;sistema de conducci\u00f3n aut\u00f3nomo&#8221;, por lo que es capaz de seguir los movimientos del operador, dejandole trabajar en plena autonom\u00eda, pasando r\u00e1pidamente de una conducci\u00f3n manual a una &#8220;aut\u00f3noma&#8221;. Los dispositivos equipados en el TSM ARIAMATIC 240 detectan obst\u00e1culos y personas, garantizando la seguridad total no solo del operador sino tambi\u00e9n del entorno en el que se utiliza. El aspirador municipal el\u00e9ctrico TSM ARIAMATIC 240 respeta el medio ambiente y considera tambi\u00e9n las necesidades del operador: liber\u00e1ndolo de la gesti\u00f3n de la tracci\u00f3n de la m\u00e1quina, pudiendo moverse con total agilidad entre obst\u00e1culos, haci\u00e9ndo las actividades de recogida m\u00e1s ergon\u00f3micas, m\u00e1s eficientes y menos gravosas.<\/p>\n<\/div><div class=\"fusion-video fusion-youtube\" style=\"--awb-max-width:800px;--awb-max-height:550px;\"><div class=\"video-shortcode\"><div class=\"fluid-width-video-wrapper\" style=\"padding-top:68.75%;\" ><iframe title=\"YouTube video player 1\" src=\"https:\/\/www.youtube.com\/embed\/kBsxdeuGKTo?wmode=transparent&autoplay=0\" width=\"800\" height=\"550\" allowfullscreen allow=\"autoplay; clipboard-write; encrypted-media; gyroscope; picture-in-picture;\"><\/iframe><\/div><\/div><\/div><div class=\"fusion-clearfix\"><\/div><\/div><\/div><\/div><\/div>\n","protected":false},"excerpt":{"rendered":"","protected":false},"author":1,"featured_media":0,"parent":9154,"menu_order":4,"comment_status":"closed","ping_status":"closed","template":"side-navigation.php","meta":{"footnotes":""},"class_list":["post-9387","page","type-page","status-publish","hentry"],"yoast_head":"<!-- This site is optimized with the Yoast SEO plugin v26.2 - https:\/\/yoast.com\/wordpress\/plugins\/seo\/ -->\n<title>Ariamatic 240 - Telemet<\/title>\n<meta name=\"robots\" content=\"index, follow, max-snippet:-1, max-image-preview:large, max-video-preview:-1\" \/>\n<link rel=\"canonical\" href=\"https:\/\/telemet.com\/es\/tsm\/ariamatic-240\/\" \/>\n<meta property=\"og:locale\" content=\"es_ES\" \/>\n<meta property=\"og:type\" content=\"article\" \/>\n<meta property=\"og:title\" content=\"Ariamatic 240 - Telemet\" \/>\n<meta property=\"og:url\" content=\"https:\/\/telemet.com\/es\/tsm\/ariamatic-240\/\" \/>\n<meta property=\"og:site_name\" content=\"Telemet\" \/>\n<meta property=\"article:modified_time\" content=\"2018-06-21T12:48:25+00:00\" \/>\n<meta name=\"twitter:card\" content=\"summary_large_image\" \/>\n<meta name=\"twitter:label1\" content=\"Tiempo de lectura\" \/>\n\t<meta name=\"twitter:data1\" content=\"3 minutes\" \/>\n<script type=\"application\/ld+json\" class=\"yoast-schema-graph\">{\"@context\":\"https:\/\/schema.org\",\"@graph\":[{\"@type\":\"WebPage\",\"@id\":\"https:\/\/telemet.com\/es\/tsm\/ariamatic-240\/\",\"url\":\"https:\/\/telemet.com\/es\/tsm\/ariamatic-240\/\",\"name\":\"Ariamatic 240 - Telemet\",\"isPartOf\":{\"@id\":\"https:\/\/telemet.com\/es\/#website\"},\"datePublished\":\"2018-06-21T12:27:38+00:00\",\"dateModified\":\"2018-06-21T12:48:25+00:00\",\"breadcrumb\":{\"@id\":\"https:\/\/telemet.com\/es\/tsm\/ariamatic-240\/#breadcrumb\"},\"inLanguage\":\"es-ES\",\"potentialAction\":[{\"@type\":\"ReadAction\",\"target\":[\"https:\/\/telemet.com\/es\/tsm\/ariamatic-240\/\"]}]},{\"@type\":\"BreadcrumbList\",\"@id\":\"https:\/\/telemet.com\/es\/tsm\/ariamatic-240\/#breadcrumb\",\"itemListElement\":[{\"@type\":\"ListItem\",\"position\":1,\"name\":\"Home\",\"item\":\"https:\/\/telemet.com\/es\/\"},{\"@type\":\"ListItem\",\"position\":2,\"name\":\"TSM\",\"item\":\"https:\/\/telemet.com\/es\/tsm\/\"},{\"@type\":\"ListItem\",\"position\":3,\"name\":\"Ariamatic 240\"}]},{\"@type\":\"WebSite\",\"@id\":\"https:\/\/telemet.com\/es\/#website\",\"url\":\"https:\/\/telemet.com\/es\/\",\"name\":\"Telemet, Inc.\",\"description\":\"Efficiency through Simplicity\",\"potentialAction\":[{\"@type\":\"SearchAction\",\"target\":{\"@type\":\"EntryPoint\",\"urlTemplate\":\"https:\/\/telemet.com\/es\/?s={search_term_string}\"},\"query-input\":{\"@type\":\"PropertyValueSpecification\",\"valueRequired\":true,\"valueName\":\"search_term_string\"}}],\"inLanguage\":\"es-ES\"}]}<\/script>\n<!-- \/ Yoast SEO plugin. -->","yoast_head_json":{"title":"Ariamatic 240 - Telemet","robots":{"index":"index","follow":"follow","max-snippet":"max-snippet:-1","max-image-preview":"max-image-preview:large","max-video-preview":"max-video-preview:-1"},"canonical":"https:\/\/telemet.com\/es\/tsm\/ariamatic-240\/","og_locale":"es_ES","og_type":"article","og_title":"Ariamatic 240 - Telemet","og_url":"https:\/\/telemet.com\/es\/tsm\/ariamatic-240\/","og_site_name":"Telemet","article_modified_time":"2018-06-21T12:48:25+00:00","twitter_card":"summary_large_image","twitter_misc":{"Tiempo de lectura":"3 minutes"},"schema":{"@context":"https:\/\/schema.org","@graph":[{"@type":"WebPage","@id":"https:\/\/telemet.com\/es\/tsm\/ariamatic-240\/","url":"https:\/\/telemet.com\/es\/tsm\/ariamatic-240\/","name":"Ariamatic 240 - Telemet","isPartOf":{"@id":"https:\/\/telemet.com\/es\/#website"},"datePublished":"2018-06-21T12:27:38+00:00","dateModified":"2018-06-21T12:48:25+00:00","breadcrumb":{"@id":"https:\/\/telemet.com\/es\/tsm\/ariamatic-240\/#breadcrumb"},"inLanguage":"es-ES","potentialAction":[{"@type":"ReadAction","target":["https:\/\/telemet.com\/es\/tsm\/ariamatic-240\/"]}]},{"@type":"BreadcrumbList","@id":"https:\/\/telemet.com\/es\/tsm\/ariamatic-240\/#breadcrumb","itemListElement":[{"@type":"ListItem","position":1,"name":"Home","item":"https:\/\/telemet.com\/es\/"},{"@type":"ListItem","position":2,"name":"TSM","item":"https:\/\/telemet.com\/es\/tsm\/"},{"@type":"ListItem","position":3,"name":"Ariamatic 240"}]},{"@type":"WebSite","@id":"https:\/\/telemet.com\/es\/#website","url":"https:\/\/telemet.com\/es\/","name":"Telemet, Inc.","description":"Efficiency through Simplicity","potentialAction":[{"@type":"SearchAction","target":{"@type":"EntryPoint","urlTemplate":"https:\/\/telemet.com\/es\/?s={search_term_string}"},"query-input":{"@type":"PropertyValueSpecification","valueRequired":true,"valueName":"search_term_string"}}],"inLanguage":"es-ES"}]}},"_links":{"self":[{"href":"https:\/\/telemet.com\/es\/wp-json\/wp\/v2\/pages\/9387","targetHints":{"allow":["GET"]}}],"collection":[{"href":"https:\/\/telemet.com\/es\/wp-json\/wp\/v2\/pages"}],"about":[{"href":"https:\/\/telemet.com\/es\/wp-json\/wp\/v2\/types\/page"}],"author":[{"embeddable":true,"href":"https:\/\/telemet.com\/es\/wp-json\/wp\/v2\/users\/1"}],"replies":[{"embeddable":true,"href":"https:\/\/telemet.com\/es\/wp-json\/wp\/v2\/comments?post=9387"}],"version-history":[{"count":1,"href":"https:\/\/telemet.com\/es\/wp-json\/wp\/v2\/pages\/9387\/revisions"}],"predecessor-version":[{"id":9395,"href":"https:\/\/telemet.com\/es\/wp-json\/wp\/v2\/pages\/9387\/revisions\/9395"}],"up":[{"embeddable":true,"href":"https:\/\/telemet.com\/es\/wp-json\/wp\/v2\/pages\/9154"}],"wp:attachment":[{"href":"https:\/\/telemet.com\/es\/wp-json\/wp\/v2\/media?parent=9387"}],"curies":[{"name":"wp","href":"https:\/\/api.w.org\/{rel}","templated":true}]}}