{"id":9458,"date":"2018-07-04T23:16:32","date_gmt":"2018-07-04T23:16:32","guid":{"rendered":"http:\/\/telemet.com\/pistenbully\/pistenbully-600-level-red\/"},"modified":"2018-07-05T14:15:38","modified_gmt":"2018-07-05T14:15:38","slug":"pistenbully-600-level-red","status":"publish","type":"page","link":"https:\/\/telemet.com\/es\/pistenbully\/pistenbully-600-level-red\/","title":{"rendered":"PistenBully\u00ae 600 level Red"},"content":{"rendered":"<div class=\"fusion-fullwidth fullwidth-box fusion-builder-row-1 nonhundred-percent-fullwidth non-hundred-percent-height-scrolling\" style=\"--awb-background-position:left top;--awb-border-radius-top-left:0px;--awb-border-radius-top-right:0px;--awb-border-radius-bottom-right:0px;--awb-border-radius-bottom-left:0px;--awb-padding-top:20px;--awb-padding-bottom:20px;--awb-border-sizes-top:0px;--awb-border-sizes-bottom:0px;--awb-flex-wrap:wrap;\" ><div class=\"fusion-builder-row fusion-row\"><div class=\"fusion-layout-column fusion_builder_column fusion-builder-column-0 fusion_builder_column_1_1 1_1 fusion-one-full fusion-column-first fusion-column-last fusion-column-no-min-height\" style=\"--awb-bg-size:cover;--awb-margin-top:0px;--awb-margin-bottom:0px;\"><div class=\"fusion-column-wrapper fusion-flex-column-wrapper-legacy\"><div class=\"fusion-image-element fusion-image-align-right in-legacy-container\" style=\"text-align:right;--awb-caption-title-font-family:var(--h2_typography-font-family);--awb-caption-title-font-weight:var(--h2_typography-font-weight);--awb-caption-title-font-style:var(--h2_typography-font-style);--awb-caption-title-size:var(--h2_typography-font-size);--awb-caption-title-transform:var(--h2_typography-text-transform);--awb-caption-title-line-height:var(--h2_typography-line-height);--awb-caption-title-letter-spacing:var(--h2_typography-letter-spacing);\"><span class=\" fusion-imageframe imageframe-none imageframe-1 hover-type-none\" style=\"margin-left:25px;float:right;\"><img decoding=\"async\" width=\"1024\" height=\"666\" title=\"pb-600-label-red-a\" src=\"https:\/\/telemet.com\/wp-content\/uploads\/2018\/07\/pb-600-label-red-a-1024x666.jpg\" alt class=\"img-responsive wp-image-9432\" srcset=\"https:\/\/telemet.com\/wp-content\/uploads\/2018\/07\/pb-600-label-red-a-200x130.jpg 200w, https:\/\/telemet.com\/wp-content\/uploads\/2018\/07\/pb-600-label-red-a-400x260.jpg 400w, https:\/\/telemet.com\/wp-content\/uploads\/2018\/07\/pb-600-label-red-a-600x390.jpg 600w, https:\/\/telemet.com\/wp-content\/uploads\/2018\/07\/pb-600-label-red-a-800x521.jpg 800w, https:\/\/telemet.com\/wp-content\/uploads\/2018\/07\/pb-600-label-red-a-1200x781.jpg 1200w, https:\/\/telemet.com\/wp-content\/uploads\/2018\/07\/pb-600-label-red-a.jpg 1400w\" sizes=\"(max-width: 800px) 100vw, 1200px\" \/><\/span><\/div><div class=\"fusion-sep-clear\"><\/div><div class=\"fusion-separator fusion-full-width-sep\" style=\"margin-left: auto;margin-right: auto;margin-top:20px;width:100%;\"><\/div><div class=\"fusion-sep-clear\"><\/div><div class=\"fusion-align-block\"><a class=\"fusion-button button-flat button-xlarge button-default fusion-button-default button-1 fusion-button-span-yes \" target=\"_blank\" rel=\"noopener noreferrer\" href=\"\/_pdf\/PistenBully_600_600Polar-red_EN.PDF\"><i class=\"fa-file-pdf far awb-button__icon awb-button__icon--default button-icon-left\" aria-hidden=\"true\"><\/i><span class=\"fusion-button-text awb-button__text awb-button__text--default\">Descargar Brochure (PDF)<\/span><\/a><\/div><div class=\"fusion-sep-clear\"><\/div><div class=\"fusion-separator fusion-full-width-sep\" style=\"margin-left: auto;margin-right: auto;margin-top:20px;width:100%;\"><\/div><div class=\"fusion-sep-clear\"><\/div><div class=\"fusion-align-block\"><a class=\"fusion-button button-flat button-xlarge button-default fusion-button-default button-2 fusion-button-span-yes \" target=\"_blank\" rel=\"noopener noreferrer\" href=\"\/wp-content\/uploads\/2018\/07\/pb-level-red_600_en_07.pdf\"><i class=\"fa-file-pdf far awb-button__icon awb-button__icon--default button-icon-left\" aria-hidden=\"true\"><\/i><span class=\"fusion-button-text awb-button__text awb-button__text--default\">Ficha T\u00e9cnica PB600 (PDF)<\/span><\/a><\/div><div class=\"fusion-sep-clear\"><\/div><div class=\"fusion-separator fusion-full-width-sep\" style=\"margin-left: auto;margin-right: auto;margin-top:20px;width:100%;\"><\/div><div class=\"fusion-sep-clear\"><\/div><div class=\"fusion-align-block\"><a class=\"fusion-button button-flat button-xlarge button-default fusion-button-default button-3 fusion-button-span-yes \" target=\"_blank\" rel=\"noopener noreferrer\" href=\"\/wp-content\/uploads\/2018\/07\/pb-level-red_600_polar_en_07.pdf\"><i class=\"fa-file-pdf far awb-button__icon awb-button__icon--default button-icon-left\" aria-hidden=\"true\"><\/i><span class=\"fusion-button-text awb-button__text awb-button__text--default\">Ficha T\u00e9cnica PB600 Polar (PDF)<\/span><\/a><\/div><div class=\"fusion-sep-clear\"><\/div><div class=\"fusion-separator fusion-full-width-sep\" style=\"margin-left: auto;margin-right: auto;margin-top:20px;width:100%;\"><\/div><div class=\"fusion-sep-clear\"><\/div><div class=\"fusion-image-carousel fusion-image-carousel-auto fusion-image-carousel-1\"><div class=\"awb-carousel awb-swiper awb-swiper-carousel awb-carousel--carousel awb-swiper-dots-position-bottom\" data-layout=\"carousel\" data-autoplay=\"yes\" data-autoplayspeed=\"2500\" data-autoplaypause=\"no\" data-columns=\"1\" data-columnsmedium=\"1\" data-columnssmall=\"1\" data-itemmargin=\"13\" data-itemwidth=\"180\" data-touchscroll=\"no\" data-freemode=\"no\" data-imagesize=\"auto\" data-scrollitems=\"1\" data-centeredslides=\"no\" data-rotationangle=\"50\" data-depth=\"100\" data-speed=\"500\" data-shadow=\"no\" data-pagination=\"bullets\" style=\"--awb-columns:1;\"><div class=\"swiper-wrapper awb-image-carousel-wrapper fusion-flex-align-items-center\"><div class=\"swiper-slide\"><div class=\"fusion-carousel-item-wrapper\"><div class=\"fusion-image-wrapper hover-type-none\"><img decoding=\"async\" width=\"940\" height=\"529\" src=\"https:\/\/telemet.com\/wp-content\/uploads\/2018\/07\/csm_PB600_46_1.jpg\" class=\"attachment-full size-full\" alt=\"\" srcset=\"https:\/\/telemet.com\/wp-content\/uploads\/2018\/07\/csm_PB600_46_1-200x113.jpg 200w, https:\/\/telemet.com\/wp-content\/uploads\/2018\/07\/csm_PB600_46_1-300x169.jpg 300w, https:\/\/telemet.com\/wp-content\/uploads\/2018\/07\/csm_PB600_46_1-400x225.jpg 400w, https:\/\/telemet.com\/wp-content\/uploads\/2018\/07\/csm_PB600_46_1-600x338.jpg 600w, https:\/\/telemet.com\/wp-content\/uploads\/2018\/07\/csm_PB600_46_1-768x432.jpg 768w, https:\/\/telemet.com\/wp-content\/uploads\/2018\/07\/csm_PB600_46_1-800x450.jpg 800w, https:\/\/telemet.com\/wp-content\/uploads\/2018\/07\/csm_PB600_46_1.jpg 940w\" sizes=\"(max-width: 940px) 100vw, 940px\" \/><\/div><\/div><\/div><div class=\"swiper-slide\"><div class=\"fusion-carousel-item-wrapper\"><div class=\"fusion-image-wrapper hover-type-none\"><img decoding=\"async\" width=\"940\" height=\"529\" src=\"https:\/\/telemet.com\/wp-content\/uploads\/2018\/07\/csm_PB600_46_2.jpg\" class=\"attachment-full size-full\" alt=\"\" srcset=\"https:\/\/telemet.com\/wp-content\/uploads\/2018\/07\/csm_PB600_46_2-200x113.jpg 200w, https:\/\/telemet.com\/wp-content\/uploads\/2018\/07\/csm_PB600_46_2-300x169.jpg 300w, https:\/\/telemet.com\/wp-content\/uploads\/2018\/07\/csm_PB600_46_2-400x225.jpg 400w, https:\/\/telemet.com\/wp-content\/uploads\/2018\/07\/csm_PB600_46_2-600x338.jpg 600w, https:\/\/telemet.com\/wp-content\/uploads\/2018\/07\/csm_PB600_46_2-768x432.jpg 768w, https:\/\/telemet.com\/wp-content\/uploads\/2018\/07\/csm_PB600_46_2-800x450.jpg 800w, https:\/\/telemet.com\/wp-content\/uploads\/2018\/07\/csm_PB600_46_2.jpg 940w\" sizes=\"(max-width: 940px) 100vw, 940px\" \/><\/div><\/div><\/div><div class=\"swiper-slide\"><div class=\"fusion-carousel-item-wrapper\"><div class=\"fusion-image-wrapper hover-type-none\"><img decoding=\"async\" width=\"940\" height=\"529\" src=\"https:\/\/telemet.com\/wp-content\/uploads\/2018\/07\/csm_PB600_46_3.jpg\" class=\"attachment-full size-full\" alt=\"\" srcset=\"https:\/\/telemet.com\/wp-content\/uploads\/2018\/07\/csm_PB600_46_3-200x113.jpg 200w, https:\/\/telemet.com\/wp-content\/uploads\/2018\/07\/csm_PB600_46_3-300x169.jpg 300w, https:\/\/telemet.com\/wp-content\/uploads\/2018\/07\/csm_PB600_46_3-400x225.jpg 400w, https:\/\/telemet.com\/wp-content\/uploads\/2018\/07\/csm_PB600_46_3-600x338.jpg 600w, https:\/\/telemet.com\/wp-content\/uploads\/2018\/07\/csm_PB600_46_3-768x432.jpg 768w, https:\/\/telemet.com\/wp-content\/uploads\/2018\/07\/csm_PB600_46_3-800x450.jpg 800w, https:\/\/telemet.com\/wp-content\/uploads\/2018\/07\/csm_PB600_46_3.jpg 940w\" sizes=\"(max-width: 940px) 100vw, 940px\" \/><\/div><\/div><\/div><\/div><\/div><\/div><div class=\"fusion-sep-clear\"><\/div><div class=\"fusion-separator fusion-full-width-sep\" style=\"margin-left: auto;margin-right: auto;margin-top:20px;width:100%;\"><\/div><div class=\"fusion-sep-clear\"><\/div><div class=\"fusion-text fusion-text-1\"><h2>El Nuevo PB600 Inspira el M\u00e1s Alto Nivel para el Manejo de Nieve: Red Level<\/h2>\n<h3>Lleno de Innovaci\u00f3n.<\/h3>\n<p>El nuevo PB600 ya est\u00e1 marcando nuevas sendas en tecnolog\u00eda, apoyado por un gran n\u00famero de patentes asignadas.<\/p>\n<p>El pasado mes de Febrero en el centro de ski de Nebelhorn, ubicado en Bavaria, Alemania, se introdujo a toda la industria de ski el nuevo PB 600: cientos de visitantes llegaron a ver las innovaciones de esta nueva generaci\u00f3n de pisanieves Pisten Bully. No other snow groomer in its class has more inner value.<\/p>\n<div class=\"video-shortcode\"><iframe width=\"1170\" height=\"658\" src=\"https:\/\/www.youtube.com\/embed\/JzFkXFrtUAU?feature=oembed\" frameborder=\"0\" allow=\"autoplay; encrypted-media\" allowfullscreen><\/iframe><\/div>\n<h3>El concepto operativo m\u00e1s innovador e intuitivo en el mercado y adem\u00e1s, extremadamente confortable<\/h3>\n<ul>\n<li>iTerminal con control duct\u00edl, clara de acceder y did\u00e1ctica<\/li>\n<li>Joystick ergon\u00f3mico con doble extensi\u00f3n para cuatro movimientos simult\u00e1neos de pala<\/li>\n<li>Control de todos los implementos con una sola mano<\/li>\n<li>More space, comfort and freedom of movement<\/li>\n<li>Cabina m\u00e1s silenciosa debido a optima insulaci\u00f3n<\/li>\n<li>Cabina optimizada con el mayor grado de seguridad (ROPS 14.5 ton.)<\/li>\n<li>Estandarizaci\u00f3n de los elementos de control a trav\u00e9s de todos los modelos<\/li>\n<li>SNOWsat: listo para uso<\/li>\n<\/ul>\n<p><img decoding=\"async\" class=\"alignnone size-large wp-image-9434\" src=\"https:\/\/telemet.com\/wp-content\/uploads\/2018\/07\/pb-600-label-red-coopkit-1024x650.jpg\" alt=\"\" width=\"1024\" height=\"650\" srcset=\"https:\/\/telemet.com\/wp-content\/uploads\/2018\/07\/pb-600-label-red-coopkit-200x127.jpg 200w, https:\/\/telemet.com\/wp-content\/uploads\/2018\/07\/pb-600-label-red-coopkit-300x190.jpg 300w, https:\/\/telemet.com\/wp-content\/uploads\/2018\/07\/pb-600-label-red-coopkit-320x202.jpg 320w, https:\/\/telemet.com\/wp-content\/uploads\/2018\/07\/pb-600-label-red-coopkit-400x254.jpg 400w, https:\/\/telemet.com\/wp-content\/uploads\/2018\/07\/pb-600-label-red-coopkit-600x381.jpg 600w, https:\/\/telemet.com\/wp-content\/uploads\/2018\/07\/pb-600-label-red-coopkit-768x487.jpg 768w, https:\/\/telemet.com\/wp-content\/uploads\/2018\/07\/pb-600-label-red-coopkit-800x507.jpg 800w, https:\/\/telemet.com\/wp-content\/uploads\/2018\/07\/pb-600-label-red-coopkit-1024x650.jpg 1024w, https:\/\/telemet.com\/wp-content\/uploads\/2018\/07\/pb-600-label-red-coopkit-1200x761.jpg 1200w, https:\/\/telemet.com\/wp-content\/uploads\/2018\/07\/pb-600-label-red-coopkit.jpg 1400w\" sizes=\"(max-width: 1024px) 100vw, 1024px\" \/><\/p>\n<h3>La Mejor Trepabilidad y Empuje<\/h3>\n<p>Robusto pero a\u00fan liviano &#8211; El Pisten Bully 600 crea una gran impresi\u00f3n con su superior performance:<\/p>\n<ul>\n<li>M\u00e1quina m\u00e1s liviana en su clase con la mejor trepabilidad y empuje<\/li>\n<li>La mejor proporci\u00f3n entre fuerza y peso en su clase: menor peso pero m\u00e1s fuerza<\/li>\n<li>M\u00e1s torque que el previo modelo<\/li>\n<li>Incremento en la estabilidad del chasis<\/li>\n<li>La carga m\u00e1s pesada<\/li>\n<\/ul>\n<h3>El Primer Pisanieves con motor EU Grado 5 en el Mundo: nada es m\u00e1s limpio o tranquilo que \u00e9sto!<\/h3>\n<p>Conservaci\u00f3n de recursos y excelente performance no tienen que ser mutuamente exclusivos:<\/p>\n<ul>\n<li>Poderoso motor con filtro de part\u00edculas diesel<\/li>\n<li>Motor simple que requiere baja mantenci\u00f3n<\/li>\n<li>Motor m\u00e1s silencioso<\/li>\n<li>Mayor distancia gracias a un tanque m\u00e1s grande y menor consumo<\/li>\n<\/ul>\n<h3>Pisado de pistas intuitivo &#8211; ergon\u00f3mico y eficiente<\/h3>\n<p>Sistemas de asistencia elctr\u00f3nica facilitan la performance de los operadores. Para una mayor seguridad, eficiencia, productividad y confort del operador.<\/p>\n<ul>\n<li><strong>Control autom\u00e1tico de tiraje del cable del winch:<\/strong> un winche m\u00e1s confiable, \u00fanico y con una rotaci\u00f3n de 360\u00ba sin que el cable sea retorcido!!!<\/li>\n<li><strong>AutoTracer:<\/strong> compensaci\u00f3n autom\u00e1tica lateral, apoyo en manejo y activo<\/li>\n<li><strong>SNOWtronic:<\/strong> Simplificado sistema de control inteligente; enorme rango de movimiento<\/li>\n<\/ul>\n<\/div><div class=\"fusion-clearfix\"><\/div><\/div><\/div><\/div><\/div>\n","protected":false},"excerpt":{"rendered":"","protected":false},"author":1,"featured_media":0,"parent":6261,"menu_order":15,"comment_status":"closed","ping_status":"closed","template":"side-navigation.php","meta":{"footnotes":""},"class_list":["post-9458","page","type-page","status-publish","hentry"],"yoast_head":"<!-- This site is optimized with the Yoast SEO plugin v26.2 - https:\/\/yoast.com\/wordpress\/plugins\/seo\/ -->\n<title>PistenBully\u00ae 600 level Red - Telemet<\/title>\n<meta name=\"robots\" content=\"index, follow, max-snippet:-1, max-image-preview:large, max-video-preview:-1\" \/>\n<link rel=\"canonical\" href=\"https:\/\/telemet.com\/es\/pistenbully\/pistenbully-600-level-red\/\" \/>\n<meta property=\"og:locale\" content=\"es_ES\" \/>\n<meta property=\"og:type\" content=\"article\" \/>\n<meta property=\"og:title\" content=\"PistenBully\u00ae 600 level Red - Telemet\" \/>\n<meta property=\"og:url\" content=\"https:\/\/telemet.com\/es\/pistenbully\/pistenbully-600-level-red\/\" \/>\n<meta property=\"og:site_name\" content=\"Telemet\" \/>\n<meta property=\"article:modified_time\" content=\"2018-07-05T14:15:38+00:00\" \/>\n<meta property=\"og:image\" content=\"https:\/\/telemet.com\/wp-content\/uploads\/2018\/07\/pb-600-label-red-coopkit-1024x650.jpg\" \/>\n<meta name=\"twitter:card\" content=\"summary_large_image\" \/>\n<meta name=\"twitter:label1\" content=\"Tiempo de lectura\" \/>\n\t<meta name=\"twitter:data1\" content=\"6 minutes\" \/>\n<script type=\"application\/ld+json\" class=\"yoast-schema-graph\">{\"@context\":\"https:\/\/schema.org\",\"@graph\":[{\"@type\":\"WebPage\",\"@id\":\"https:\/\/telemet.com\/es\/pistenbully\/pistenbully-600-level-red\/\",\"url\":\"https:\/\/telemet.com\/es\/pistenbully\/pistenbully-600-level-red\/\",\"name\":\"PistenBully\u00ae 600 level Red - Telemet\",\"isPartOf\":{\"@id\":\"https:\/\/telemet.com\/es\/#website\"},\"primaryImageOfPage\":{\"@id\":\"https:\/\/telemet.com\/es\/pistenbully\/pistenbully-600-level-red\/#primaryimage\"},\"image\":{\"@id\":\"https:\/\/telemet.com\/es\/pistenbully\/pistenbully-600-level-red\/#primaryimage\"},\"thumbnailUrl\":\"https:\/\/telemet.com\/wp-content\/uploads\/2018\/07\/pb-600-label-red-coopkit-1024x650.jpg\",\"datePublished\":\"2018-07-04T23:16:32+00:00\",\"dateModified\":\"2018-07-05T14:15:38+00:00\",\"breadcrumb\":{\"@id\":\"https:\/\/telemet.com\/es\/pistenbully\/pistenbully-600-level-red\/#breadcrumb\"},\"inLanguage\":\"es-ES\",\"potentialAction\":[{\"@type\":\"ReadAction\",\"target\":[\"https:\/\/telemet.com\/es\/pistenbully\/pistenbully-600-level-red\/\"]}]},{\"@type\":\"ImageObject\",\"inLanguage\":\"es-ES\",\"@id\":\"https:\/\/telemet.com\/es\/pistenbully\/pistenbully-600-level-red\/#primaryimage\",\"url\":\"https:\/\/telemet.com\/wp-content\/uploads\/2018\/07\/pb-600-label-red-coopkit-1024x650.jpg\",\"contentUrl\":\"https:\/\/telemet.com\/wp-content\/uploads\/2018\/07\/pb-600-label-red-coopkit-1024x650.jpg\"},{\"@type\":\"BreadcrumbList\",\"@id\":\"https:\/\/telemet.com\/es\/pistenbully\/pistenbully-600-level-red\/#breadcrumb\",\"itemListElement\":[{\"@type\":\"ListItem\",\"position\":1,\"name\":\"Home\",\"item\":\"https:\/\/telemet.com\/es\/\"},{\"@type\":\"ListItem\",\"position\":2,\"name\":\"PistenBully\",\"item\":\"https:\/\/telemet.com\/es\/pistenbully\/\"},{\"@type\":\"ListItem\",\"position\":3,\"name\":\"PistenBully\u00ae 600 level Red\"}]},{\"@type\":\"WebSite\",\"@id\":\"https:\/\/telemet.com\/es\/#website\",\"url\":\"https:\/\/telemet.com\/es\/\",\"name\":\"Telemet, Inc.\",\"description\":\"Efficiency through Simplicity\",\"potentialAction\":[{\"@type\":\"SearchAction\",\"target\":{\"@type\":\"EntryPoint\",\"urlTemplate\":\"https:\/\/telemet.com\/es\/?s={search_term_string}\"},\"query-input\":{\"@type\":\"PropertyValueSpecification\",\"valueRequired\":true,\"valueName\":\"search_term_string\"}}],\"inLanguage\":\"es-ES\"}]}<\/script>\n<!-- \/ Yoast SEO plugin. -->","yoast_head_json":{"title":"PistenBully\u00ae 600 level Red - Telemet","robots":{"index":"index","follow":"follow","max-snippet":"max-snippet:-1","max-image-preview":"max-image-preview:large","max-video-preview":"max-video-preview:-1"},"canonical":"https:\/\/telemet.com\/es\/pistenbully\/pistenbully-600-level-red\/","og_locale":"es_ES","og_type":"article","og_title":"PistenBully\u00ae 600 level Red - Telemet","og_url":"https:\/\/telemet.com\/es\/pistenbully\/pistenbully-600-level-red\/","og_site_name":"Telemet","article_modified_time":"2018-07-05T14:15:38+00:00","og_image":[{"url":"https:\/\/telemet.com\/wp-content\/uploads\/2018\/07\/pb-600-label-red-coopkit-1024x650.jpg","type":"","width":"","height":""}],"twitter_card":"summary_large_image","twitter_misc":{"Tiempo de lectura":"6 minutes"},"schema":{"@context":"https:\/\/schema.org","@graph":[{"@type":"WebPage","@id":"https:\/\/telemet.com\/es\/pistenbully\/pistenbully-600-level-red\/","url":"https:\/\/telemet.com\/es\/pistenbully\/pistenbully-600-level-red\/","name":"PistenBully\u00ae 600 level Red - Telemet","isPartOf":{"@id":"https:\/\/telemet.com\/es\/#website"},"primaryImageOfPage":{"@id":"https:\/\/telemet.com\/es\/pistenbully\/pistenbully-600-level-red\/#primaryimage"},"image":{"@id":"https:\/\/telemet.com\/es\/pistenbully\/pistenbully-600-level-red\/#primaryimage"},"thumbnailUrl":"https:\/\/telemet.com\/wp-content\/uploads\/2018\/07\/pb-600-label-red-coopkit-1024x650.jpg","datePublished":"2018-07-04T23:16:32+00:00","dateModified":"2018-07-05T14:15:38+00:00","breadcrumb":{"@id":"https:\/\/telemet.com\/es\/pistenbully\/pistenbully-600-level-red\/#breadcrumb"},"inLanguage":"es-ES","potentialAction":[{"@type":"ReadAction","target":["https:\/\/telemet.com\/es\/pistenbully\/pistenbully-600-level-red\/"]}]},{"@type":"ImageObject","inLanguage":"es-ES","@id":"https:\/\/telemet.com\/es\/pistenbully\/pistenbully-600-level-red\/#primaryimage","url":"https:\/\/telemet.com\/wp-content\/uploads\/2018\/07\/pb-600-label-red-coopkit-1024x650.jpg","contentUrl":"https:\/\/telemet.com\/wp-content\/uploads\/2018\/07\/pb-600-label-red-coopkit-1024x650.jpg"},{"@type":"BreadcrumbList","@id":"https:\/\/telemet.com\/es\/pistenbully\/pistenbully-600-level-red\/#breadcrumb","itemListElement":[{"@type":"ListItem","position":1,"name":"Home","item":"https:\/\/telemet.com\/es\/"},{"@type":"ListItem","position":2,"name":"PistenBully","item":"https:\/\/telemet.com\/es\/pistenbully\/"},{"@type":"ListItem","position":3,"name":"PistenBully\u00ae 600 level Red"}]},{"@type":"WebSite","@id":"https:\/\/telemet.com\/es\/#website","url":"https:\/\/telemet.com\/es\/","name":"Telemet, Inc.","description":"Efficiency through Simplicity","potentialAction":[{"@type":"SearchAction","target":{"@type":"EntryPoint","urlTemplate":"https:\/\/telemet.com\/es\/?s={search_term_string}"},"query-input":{"@type":"PropertyValueSpecification","valueRequired":true,"valueName":"search_term_string"}}],"inLanguage":"es-ES"}]}},"_links":{"self":[{"href":"https:\/\/telemet.com\/es\/wp-json\/wp\/v2\/pages\/9458","targetHints":{"allow":["GET"]}}],"collection":[{"href":"https:\/\/telemet.com\/es\/wp-json\/wp\/v2\/pages"}],"about":[{"href":"https:\/\/telemet.com\/es\/wp-json\/wp\/v2\/types\/page"}],"author":[{"embeddable":true,"href":"https:\/\/telemet.com\/es\/wp-json\/wp\/v2\/users\/1"}],"replies":[{"embeddable":true,"href":"https:\/\/telemet.com\/es\/wp-json\/wp\/v2\/comments?post=9458"}],"version-history":[{"count":3,"href":"https:\/\/telemet.com\/es\/wp-json\/wp\/v2\/pages\/9458\/revisions"}],"predecessor-version":[{"id":9461,"href":"https:\/\/telemet.com\/es\/wp-json\/wp\/v2\/pages\/9458\/revisions\/9461"}],"up":[{"embeddable":true,"href":"https:\/\/telemet.com\/es\/wp-json\/wp\/v2\/pages\/6261"}],"wp:attachment":[{"href":"https:\/\/telemet.com\/es\/wp-json\/wp\/v2\/media?parent=9458"}],"curies":[{"name":"wp","href":"https:\/\/api.w.org\/{rel}","templated":true}]}}