{"id":9885,"date":"2019-02-14T11:23:34","date_gmt":"2019-02-14T11:23:34","guid":{"rendered":"https:\/\/telemet.com\/powerbully\/powerbully-18t\/"},"modified":"2021-07-06T21:57:12","modified_gmt":"2021-07-06T21:57:12","slug":"18t","status":"publish","type":"page","link":"https:\/\/telemet.com\/es\/powerbully\/18t\/","title":{"rendered":"PowerBully\u00ae 18T"},"content":{"rendered":"<div class=\"fusion-fullwidth fullwidth-box fusion-builder-row-1 nonhundred-percent-fullwidth non-hundred-percent-height-scrolling\" style=\"--awb-background-position:left top;--awb-border-sizes-top:0px;--awb-border-sizes-bottom:0px;--awb-border-sizes-left:0px;--awb-border-sizes-right:0px;--awb-border-radius-top-left:0px;--awb-border-radius-top-right:0px;--awb-border-radius-bottom-right:0px;--awb-border-radius-bottom-left:0px;--awb-padding-top:0px;--awb-padding-bottom:20px;--awb-flex-wrap:wrap;\" ><div class=\"fusion-builder-row fusion-row\"><div class=\"fusion-layout-column fusion_builder_column fusion-builder-column-0 fusion_builder_column_1_1 1_1 fusion-one-full fusion-column-first fusion-column-last fusion-column-no-min-height\" style=\"--awb-bg-size:cover;--awb-margin-top:0px;--awb-margin-bottom:0px;\"><div class=\"fusion-column-wrapper fusion-flex-column-wrapper-legacy\"><div class=\"fusion-slider-sc fusion-flexslider-loading flexslider fusion-aligncenter flexslider-hover-type-none\" data-slideshow_autoplay=\"1\" data-slideshow_smooth_height=\"0\" data-slideshow_speed=\"3950\" style=\"max-width:100%;height:100%;\"><ul class=\"slides\"><li class=\"image\"><span class=\"fusion-image-hover-element hover-type-none\"><img decoding=\"async\" src=\"https:\/\/telemet.com\/wp-content\/uploads\/2020\/06\/Powerbully-18-t-6.jpg\" width=\"1000\" height=\"550\" class=\"wp-image-10620\" srcset=\"https:\/\/telemet.com\/wp-content\/uploads\/2020\/06\/Powerbully-18-t-6-200x110.jpg 200w, https:\/\/telemet.com\/wp-content\/uploads\/2020\/06\/Powerbully-18-t-6-400x220.jpg 400w, https:\/\/telemet.com\/wp-content\/uploads\/2020\/06\/Powerbully-18-t-6-600x330.jpg 600w, https:\/\/telemet.com\/wp-content\/uploads\/2020\/06\/Powerbully-18-t-6-800x440.jpg 800w, https:\/\/telemet.com\/wp-content\/uploads\/2020\/06\/Powerbully-18-t-6.jpg 1000w\" sizes=\"(max-width: 800px) 100vw, 1000px\" \/><\/span><\/li><li class=\"image\"><span class=\"fusion-image-hover-element hover-type-none\"><img decoding=\"async\" src=\"https:\/\/telemet.com\/wp-content\/uploads\/2020\/06\/Powerbully-18-t-7.jpg\" width=\"1000\" height=\"550\" class=\"wp-image-10622\" srcset=\"https:\/\/telemet.com\/wp-content\/uploads\/2020\/06\/Powerbully-18-t-7-200x110.jpg 200w, https:\/\/telemet.com\/wp-content\/uploads\/2020\/06\/Powerbully-18-t-7-400x220.jpg 400w, https:\/\/telemet.com\/wp-content\/uploads\/2020\/06\/Powerbully-18-t-7-600x330.jpg 600w, https:\/\/telemet.com\/wp-content\/uploads\/2020\/06\/Powerbully-18-t-7-800x440.jpg 800w, https:\/\/telemet.com\/wp-content\/uploads\/2020\/06\/Powerbully-18-t-7.jpg 1000w\" sizes=\"(max-width: 800px) 100vw, 1000px\" \/><\/span><\/li><li class=\"image\"><span class=\"fusion-image-hover-element hover-type-none\"><img decoding=\"async\" src=\"https:\/\/telemet.com\/wp-content\/uploads\/2020\/06\/Powerbully-18-t-5.jpg\" width=\"1000\" height=\"550\" class=\"wp-image-10618\" srcset=\"https:\/\/telemet.com\/wp-content\/uploads\/2020\/06\/Powerbully-18-t-5-200x110.jpg 200w, https:\/\/telemet.com\/wp-content\/uploads\/2020\/06\/Powerbully-18-t-5-400x220.jpg 400w, https:\/\/telemet.com\/wp-content\/uploads\/2020\/06\/Powerbully-18-t-5-600x330.jpg 600w, https:\/\/telemet.com\/wp-content\/uploads\/2020\/06\/Powerbully-18-t-5-800x440.jpg 800w, https:\/\/telemet.com\/wp-content\/uploads\/2020\/06\/Powerbully-18-t-5.jpg 1000w\" sizes=\"(max-width: 800px) 100vw, 1000px\" \/><\/span><\/li><li class=\"image\"><span class=\"fusion-image-hover-element hover-type-none\"><img decoding=\"async\" src=\"https:\/\/telemet.com\/wp-content\/uploads\/2020\/06\/Powerbully-18-t-4.jpg\" width=\"1000\" height=\"550\" class=\"wp-image-10616\" srcset=\"https:\/\/telemet.com\/wp-content\/uploads\/2020\/06\/Powerbully-18-t-4-200x110.jpg 200w, https:\/\/telemet.com\/wp-content\/uploads\/2020\/06\/Powerbully-18-t-4-400x220.jpg 400w, https:\/\/telemet.com\/wp-content\/uploads\/2020\/06\/Powerbully-18-t-4-600x330.jpg 600w, https:\/\/telemet.com\/wp-content\/uploads\/2020\/06\/Powerbully-18-t-4-800x440.jpg 800w, https:\/\/telemet.com\/wp-content\/uploads\/2020\/06\/Powerbully-18-t-4.jpg 1000w\" sizes=\"(max-width: 800px) 100vw, 1000px\" \/><\/span><\/li><li class=\"image\"><span class=\"fusion-image-hover-element hover-type-none\"><img decoding=\"async\" src=\"https:\/\/telemet.com\/wp-content\/uploads\/2020\/06\/Powerbully-18-t-3.jpg\" width=\"1000\" height=\"550\" class=\"wp-image-10614\" srcset=\"https:\/\/telemet.com\/wp-content\/uploads\/2020\/06\/Powerbully-18-t-3-200x110.jpg 200w, https:\/\/telemet.com\/wp-content\/uploads\/2020\/06\/Powerbully-18-t-3-400x220.jpg 400w, https:\/\/telemet.com\/wp-content\/uploads\/2020\/06\/Powerbully-18-t-3-600x330.jpg 600w, https:\/\/telemet.com\/wp-content\/uploads\/2020\/06\/Powerbully-18-t-3-800x440.jpg 800w, https:\/\/telemet.com\/wp-content\/uploads\/2020\/06\/Powerbully-18-t-3.jpg 1000w\" sizes=\"(max-width: 800px) 100vw, 1000px\" \/><\/span><\/li><li class=\"image\"><span class=\"fusion-image-hover-element hover-type-none\"><img decoding=\"async\" src=\"https:\/\/telemet.com\/wp-content\/uploads\/2020\/06\/Powerbully-18-t-2.jpg\" width=\"1000\" height=\"550\" class=\"wp-image-10612\" srcset=\"https:\/\/telemet.com\/wp-content\/uploads\/2020\/06\/Powerbully-18-t-2-200x110.jpg 200w, https:\/\/telemet.com\/wp-content\/uploads\/2020\/06\/Powerbully-18-t-2-400x220.jpg 400w, https:\/\/telemet.com\/wp-content\/uploads\/2020\/06\/Powerbully-18-t-2-600x330.jpg 600w, https:\/\/telemet.com\/wp-content\/uploads\/2020\/06\/Powerbully-18-t-2-800x440.jpg 800w, https:\/\/telemet.com\/wp-content\/uploads\/2020\/06\/Powerbully-18-t-2.jpg 1000w\" sizes=\"(max-width: 800px) 100vw, 1000px\" \/><\/span><\/li><li class=\"image\"><span class=\"fusion-image-hover-element hover-type-none\"><img decoding=\"async\" src=\"https:\/\/telemet.com\/wp-content\/uploads\/2020\/06\/Powerbully-18-t-1.jpg\" width=\"1000\" height=\"550\" class=\"wp-image-10610\" srcset=\"https:\/\/telemet.com\/wp-content\/uploads\/2020\/06\/Powerbully-18-t-1-200x110.jpg 200w, https:\/\/telemet.com\/wp-content\/uploads\/2020\/06\/Powerbully-18-t-1-400x220.jpg 400w, https:\/\/telemet.com\/wp-content\/uploads\/2020\/06\/Powerbully-18-t-1-600x330.jpg 600w, https:\/\/telemet.com\/wp-content\/uploads\/2020\/06\/Powerbully-18-t-1-800x440.jpg 800w, https:\/\/telemet.com\/wp-content\/uploads\/2020\/06\/Powerbully-18-t-1.jpg 1000w\" sizes=\"(max-width: 800px) 100vw, 1000px\" \/><\/span><\/li><\/ul><\/div><div class=\"fusion-sep-clear\"><\/div><div class=\"fusion-separator fusion-full-width-sep\" style=\"margin-left: auto;margin-right: auto;margin-top:20px;width:100%;\"><\/div><div class=\"fusion-sep-clear\"><\/div><div class=\"fusion-video fusion-youtube\" style=\"--awb-max-width:900px;--awb-max-height:506px;\" id=\"pbvideo\"><div class=\"video-shortcode\"><div class=\"fluid-width-video-wrapper\" style=\"padding-top:56.22%;\" ><iframe title=\"YouTube video player 1\" src=\"https:\/\/www.youtube.com\/embed\/DwQOF3QWsAA?wmode=transparent&autoplay=0\" width=\"900\" height=\"506\" allowfullscreen allow=\"autoplay; clipboard-write; encrypted-media; gyroscope; picture-in-picture;\"><\/iframe><\/div><\/div><\/div><div class=\"fusion-sep-clear\"><\/div><div class=\"fusion-separator fusion-full-width-sep\" style=\"margin-left: auto;margin-right: auto;margin-top:20px;width:100%;\"><\/div><div class=\"fusion-sep-clear\"><\/div><div class=\"fusion-align-block\"><a class=\"fusion-button button-flat button-xlarge button-default fusion-button-default button-1 fusion-button-default-span \" style=\"--button-border-radius-top-left:0;--button-border-radius-top-right:0;--button-border-radius-bottom-right:0;--button-border-radius-bottom-left:0;width:calc(100%);\" target=\"_blank\" rel=\"noopener noreferrer\" title=\"Download Brochure\" aria-label=\"Download Brochure\" href=\"\/wp-content\/uploads\/2019\/02\/Powerbully_18t_Brochure-ESP-2.pdf\"><span class=\"fusion-button-text awb-button__text awb-button__text--default\">Descargar Brochure (PDF)<\/span><i class=\"fa-file-pdf far awb-button__icon awb-button__icon--default button-icon-right\" aria-hidden=\"true\"><\/i><\/a><\/div><div class=\"fusion-sep-clear\"><\/div><div class=\"fusion-separator fusion-full-width-sep\" style=\"margin-left: auto;margin-right: auto;margin-top:20px;width:100%;\"><\/div><div class=\"fusion-sep-clear\"><\/div><div class=\"fusion-align-block\"><a class=\"fusion-button button-flat button-xlarge button-default fusion-button-default button-2 fusion-button-default-span \" style=\"--button-border-radius-top-left:0;--button-border-radius-top-right:0;--button-border-radius-bottom-right:0;--button-border-radius-bottom-left:0;width:calc(100%);\" target=\"_blank\" rel=\"noopener noreferrer\" title=\"Download Data Sheet\" aria-label=\"Download Data Sheet\" href=\"\/_pdf\/Powerbully_18t_Ficha-Tecnica-ESP.pdf\"><span class=\"fusion-button-text awb-button__text awb-button__text--default\">Descargar Ficha T\u00e9cnica (PDF)<\/span><i class=\"fa-file-pdf far awb-button__icon awb-button__icon--default button-icon-right\" aria-hidden=\"true\"><\/i><\/a><\/div><div class=\"fusion-sep-clear\"><\/div><div class=\"fusion-separator fusion-full-width-sep\" style=\"margin-left: auto;margin-right: auto;margin-top:20px;width:100%;\"><\/div><div class=\"fusion-sep-clear\"><\/div><div class=\"fusion-text fusion-text-1\"><p>Con capacidades de carga de 16,6 toneladas (36.600 lb), el robusto PowerBully 18T tiene el tipo de plataforma de baja presi\u00f3n sobre el suelo que se necesita en un transportador con orugas. Nuestro enfoque en la seguridad, la ingenier\u00eda y el m\u00ednimo impacto ambiental garantiza que el PowerBully es la herramienta correcta para realizar el trabajo que Ud. precisa.<br \/>\nEl nombre K\u00e4ssbohrer es conocido en todo el mundo por su calidad de vanguardia, su servicio al cliente y su r\u00e1pida respuesta. Con una destacada disponibilidad de inventario de piezas en la industria y acceso a env\u00edos de un d\u00eda para otro, estamos aqu\u00ed para asegurarnos de que su equipo est\u00e9 siempre listo para ponerse en acci\u00f3n.<\/p>\n<h2>Flexibilidad para sus aplicaciones<\/h2>\n<p>PowerBully ofrece la base m\u00f3vil perfecta para excavadoras, gr\u00faas, elevadores, brazos articulados, retroexcavadoras y muchos m\u00e1s. Con una carga \u00fatil de 16,6 toneladas (36.600 lb), el PowerBully 18T se construye individualmente de acuerdo a los requerimientos del cliente. Si usted tiene un reto espec\u00edfico que requiera el montaje y la aplicaci\u00f3n de equipos especializados, p\u00f3ngase en contacto con nuestro equipo de soporte t\u00e9cnico. Estamos preparados para ayudarle con sus necesidades.<\/p>\n<h2>Habilidades todoterreno<\/h2>\n<p>La baja presi\u00f3n sobre el suelo que ejercen nuestros equipos garantiza que usted cuenta con el veh\u00edculo adecuado para llegar a aquellos lugares de dif\u00edcil acceso, incluso en las condiciones clim\u00e1ticas m\u00e1s exigentes.<\/p>\n<h2>Innumerables usos posibles<\/h2>\n<p>PowerBully son los veh\u00edculos sobre orugas de baja presi\u00f3n sobre el suelo con la mejor plataforma para la construcci\u00f3n y mantenimiento de tuber\u00edas, l\u00edneas el\u00e9ctricas y telef\u00f3nicas, control de incendios y muchas m\u00e1s aplicaciones.<br \/>\nCon las orugas de goma X-Track para todo tipo de terreno y los diferentes controles de direcci\u00f3n obtenemos una gran flexibilidad en su aplicaci\u00f3n.<\/p>\n<ul>\n<li>Provisi\u00f3n de electricidad y transmisi\u00f3n de energ\u00eda<\/li>\n<li>Energ\u00eda e\u00f3lica<\/li>\n<li>Telecomunicaciones<\/li>\n<li>Petr\u00f3leo y gas<\/li>\n<li>Construcci\u00f3n<\/li>\n<li>Miner\u00eda<\/li>\n<li>Perforaciones<\/li>\n<li>Actividades forestales<\/li>\n<li>Medidas de emergencia<\/li>\n<li>Protecci\u00f3n civil<\/li>\n<\/ul>\n<\/div><div class=\"fusion-clearfix\"><\/div><\/div><\/div><\/div><\/div>\n","protected":false},"excerpt":{"rendered":"","protected":false},"author":1,"featured_media":9880,"parent":6618,"menu_order":0,"comment_status":"closed","ping_status":"closed","template":"side-navigation.php","meta":{"footnotes":""},"class_list":["post-9885","page","type-page","status-publish","has-post-thumbnail","hentry"],"yoast_head":"<!-- This site is optimized with the Yoast SEO plugin v26.2 - https:\/\/yoast.com\/wordpress\/plugins\/seo\/ -->\n<title>PowerBully\u00ae 18T - Telemet<\/title>\n<meta name=\"robots\" content=\"index, follow, max-snippet:-1, max-image-preview:large, max-video-preview:-1\" \/>\n<link rel=\"canonical\" href=\"https:\/\/telemet.com\/es\/powerbully\/18t\/\" \/>\n<meta property=\"og:locale\" content=\"es_ES\" \/>\n<meta property=\"og:type\" content=\"article\" \/>\n<meta property=\"og:title\" content=\"PowerBully\u00ae 18T - Telemet\" \/>\n<meta property=\"og:url\" content=\"https:\/\/telemet.com\/es\/powerbully\/18t\/\" \/>\n<meta property=\"og:site_name\" content=\"Telemet\" \/>\n<meta property=\"article:modified_time\" content=\"2021-07-06T21:57:12+00:00\" \/>\n<meta property=\"og:image\" content=\"https:\/\/telemet.com\/wp-content\/uploads\/2019\/02\/Powerbully_18t.jpg\" \/>\n\t<meta property=\"og:image:width\" content=\"940\" \/>\n\t<meta property=\"og:image:height\" content=\"600\" \/>\n\t<meta property=\"og:image:type\" content=\"image\/jpeg\" \/>\n<meta name=\"twitter:card\" content=\"summary_large_image\" \/>\n<meta name=\"twitter:label1\" content=\"Tiempo de lectura\" \/>\n\t<meta name=\"twitter:data1\" content=\"5 minutes\" \/>\n<script type=\"application\/ld+json\" class=\"yoast-schema-graph\">{\"@context\":\"https:\/\/schema.org\",\"@graph\":[{\"@type\":\"WebPage\",\"@id\":\"https:\/\/telemet.com\/es\/powerbully\/18t\/\",\"url\":\"https:\/\/telemet.com\/es\/powerbully\/18t\/\",\"name\":\"PowerBully\u00ae 18T - Telemet\",\"isPartOf\":{\"@id\":\"https:\/\/telemet.com\/es\/#website\"},\"primaryImageOfPage\":{\"@id\":\"https:\/\/telemet.com\/es\/powerbully\/18t\/#primaryimage\"},\"image\":{\"@id\":\"https:\/\/telemet.com\/es\/powerbully\/18t\/#primaryimage\"},\"thumbnailUrl\":\"https:\/\/telemet.com\/wp-content\/uploads\/2019\/02\/Powerbully_18t.jpg\",\"datePublished\":\"2019-02-14T11:23:34+00:00\",\"dateModified\":\"2021-07-06T21:57:12+00:00\",\"breadcrumb\":{\"@id\":\"https:\/\/telemet.com\/es\/powerbully\/18t\/#breadcrumb\"},\"inLanguage\":\"es-ES\",\"potentialAction\":[{\"@type\":\"ReadAction\",\"target\":[\"https:\/\/telemet.com\/es\/powerbully\/18t\/\"]}]},{\"@type\":\"ImageObject\",\"inLanguage\":\"es-ES\",\"@id\":\"https:\/\/telemet.com\/es\/powerbully\/18t\/#primaryimage\",\"url\":\"https:\/\/telemet.com\/wp-content\/uploads\/2019\/02\/Powerbully_18t.jpg\",\"contentUrl\":\"https:\/\/telemet.com\/wp-content\/uploads\/2019\/02\/Powerbully_18t.jpg\",\"width\":940,\"height\":600},{\"@type\":\"BreadcrumbList\",\"@id\":\"https:\/\/telemet.com\/es\/powerbully\/18t\/#breadcrumb\",\"itemListElement\":[{\"@type\":\"ListItem\",\"position\":1,\"name\":\"Home\",\"item\":\"https:\/\/telemet.com\/es\/\"},{\"@type\":\"ListItem\",\"position\":2,\"name\":\"PowerBully\u00ae\",\"item\":\"https:\/\/telemet.com\/es\/powerbully\/\"},{\"@type\":\"ListItem\",\"position\":3,\"name\":\"PowerBully\u00ae 18T\"}]},{\"@type\":\"WebSite\",\"@id\":\"https:\/\/telemet.com\/es\/#website\",\"url\":\"https:\/\/telemet.com\/es\/\",\"name\":\"Telemet, Inc.\",\"description\":\"Efficiency through Simplicity\",\"potentialAction\":[{\"@type\":\"SearchAction\",\"target\":{\"@type\":\"EntryPoint\",\"urlTemplate\":\"https:\/\/telemet.com\/es\/?s={search_term_string}\"},\"query-input\":{\"@type\":\"PropertyValueSpecification\",\"valueRequired\":true,\"valueName\":\"search_term_string\"}}],\"inLanguage\":\"es-ES\"}]}<\/script>\n<!-- \/ Yoast SEO plugin. -->","yoast_head_json":{"title":"PowerBully\u00ae 18T - Telemet","robots":{"index":"index","follow":"follow","max-snippet":"max-snippet:-1","max-image-preview":"max-image-preview:large","max-video-preview":"max-video-preview:-1"},"canonical":"https:\/\/telemet.com\/es\/powerbully\/18t\/","og_locale":"es_ES","og_type":"article","og_title":"PowerBully\u00ae 18T - Telemet","og_url":"https:\/\/telemet.com\/es\/powerbully\/18t\/","og_site_name":"Telemet","article_modified_time":"2021-07-06T21:57:12+00:00","og_image":[{"width":940,"height":600,"url":"https:\/\/telemet.com\/wp-content\/uploads\/2019\/02\/Powerbully_18t.jpg","type":"image\/jpeg"}],"twitter_card":"summary_large_image","twitter_misc":{"Tiempo de lectura":"5 minutes"},"schema":{"@context":"https:\/\/schema.org","@graph":[{"@type":"WebPage","@id":"https:\/\/telemet.com\/es\/powerbully\/18t\/","url":"https:\/\/telemet.com\/es\/powerbully\/18t\/","name":"PowerBully\u00ae 18T - Telemet","isPartOf":{"@id":"https:\/\/telemet.com\/es\/#website"},"primaryImageOfPage":{"@id":"https:\/\/telemet.com\/es\/powerbully\/18t\/#primaryimage"},"image":{"@id":"https:\/\/telemet.com\/es\/powerbully\/18t\/#primaryimage"},"thumbnailUrl":"https:\/\/telemet.com\/wp-content\/uploads\/2019\/02\/Powerbully_18t.jpg","datePublished":"2019-02-14T11:23:34+00:00","dateModified":"2021-07-06T21:57:12+00:00","breadcrumb":{"@id":"https:\/\/telemet.com\/es\/powerbully\/18t\/#breadcrumb"},"inLanguage":"es-ES","potentialAction":[{"@type":"ReadAction","target":["https:\/\/telemet.com\/es\/powerbully\/18t\/"]}]},{"@type":"ImageObject","inLanguage":"es-ES","@id":"https:\/\/telemet.com\/es\/powerbully\/18t\/#primaryimage","url":"https:\/\/telemet.com\/wp-content\/uploads\/2019\/02\/Powerbully_18t.jpg","contentUrl":"https:\/\/telemet.com\/wp-content\/uploads\/2019\/02\/Powerbully_18t.jpg","width":940,"height":600},{"@type":"BreadcrumbList","@id":"https:\/\/telemet.com\/es\/powerbully\/18t\/#breadcrumb","itemListElement":[{"@type":"ListItem","position":1,"name":"Home","item":"https:\/\/telemet.com\/es\/"},{"@type":"ListItem","position":2,"name":"PowerBully\u00ae","item":"https:\/\/telemet.com\/es\/powerbully\/"},{"@type":"ListItem","position":3,"name":"PowerBully\u00ae 18T"}]},{"@type":"WebSite","@id":"https:\/\/telemet.com\/es\/#website","url":"https:\/\/telemet.com\/es\/","name":"Telemet, Inc.","description":"Efficiency through Simplicity","potentialAction":[{"@type":"SearchAction","target":{"@type":"EntryPoint","urlTemplate":"https:\/\/telemet.com\/es\/?s={search_term_string}"},"query-input":{"@type":"PropertyValueSpecification","valueRequired":true,"valueName":"search_term_string"}}],"inLanguage":"es-ES"}]}},"_links":{"self":[{"href":"https:\/\/telemet.com\/es\/wp-json\/wp\/v2\/pages\/9885","targetHints":{"allow":["GET"]}}],"collection":[{"href":"https:\/\/telemet.com\/es\/wp-json\/wp\/v2\/pages"}],"about":[{"href":"https:\/\/telemet.com\/es\/wp-json\/wp\/v2\/types\/page"}],"author":[{"embeddable":true,"href":"https:\/\/telemet.com\/es\/wp-json\/wp\/v2\/users\/1"}],"replies":[{"embeddable":true,"href":"https:\/\/telemet.com\/es\/wp-json\/wp\/v2\/comments?post=9885"}],"version-history":[{"count":8,"href":"https:\/\/telemet.com\/es\/wp-json\/wp\/v2\/pages\/9885\/revisions"}],"predecessor-version":[{"id":11731,"href":"https:\/\/telemet.com\/es\/wp-json\/wp\/v2\/pages\/9885\/revisions\/11731"}],"up":[{"embeddable":true,"href":"https:\/\/telemet.com\/es\/wp-json\/wp\/v2\/pages\/6618"}],"wp:featuredmedia":[{"embeddable":true,"href":"https:\/\/telemet.com\/es\/wp-json\/wp\/v2\/media\/9880"}],"wp:attachment":[{"href":"https:\/\/telemet.com\/es\/wp-json\/wp\/v2\/media?parent=9885"}],"curies":[{"name":"wp","href":"https:\/\/api.w.org\/{rel}","templated":true}]}}